{"id":1014,"date":"2018-11-23T09:43:03","date_gmt":"2018-11-23T09:43:03","guid":{"rendered":"https:\/\/cursos.yachtpointbcn.com\/?page_id=1014"},"modified":"2025-06-16T16:19:16","modified_gmt":"2025-06-16T16:19:16","slug":"home","status":"publish","type":"page","link":"https:\/\/cursos.yachtpointbcn.com\/en\/","title":{"rendered":"HOME"},"content":{"rendered":"<div class=\"wpb-content-wrapper\">[vc_row full_width=&#8221;stretch_row&#8221; content_placement=&#8221;middle&#8221; wpex_bg_overlay=&#8221;color&#8221; typography_style=&#8221;white&#8221; css=&#8221;.vc_custom_1527689911240{padding-top: 60px !important;padding-bottom: 35px !important;background-image: url(https:\/\/cursos.yachtpointbcn.com\/wp-content\/uploads\/2018\/05\/32121.jpg?id=705) !important;}&#8221; wpex_bg_overlay_color=&#8221;#000000&#8243; wpex_bg_overlay_opacity=&#8221;0.2&#8243; wpex_bg_position=&#8221;center center&#8221;][vc_column width=&#8221;1\/6&#8243;][\/vc_column][vc_column width=&#8221;4\/6&#8243;]<style>.vcex-heading.vcex_69e3c604562c9{font-size:30px;font-family:'Century Gothic', CenturyGothic, AppleGothic, sans-serif;}.vcex-heading.vcex_69e3c604562c9:hover{color:#e2e2e2;}@media (max-width:479px){.vcex-heading.vcex_69e3c604562c9{font-size:24px;}}<\/style><h1 class=\"vcex-heading vcex-heading-plain vcex-module wpex-heading wpex-text-2xl wpex-text-left vc_custom_1617730759675 vcex_69e3c604562c9\"><span class=\"vcex-heading-inner wpex-inline-block\">Yacht Point is the only RYA Training Centre in Barcelona that offers STCW Courses, Spanish Sailing Licenses and RYA courses.<\/span><\/h1>[vc_column_text font_family=&#8221;Century Gothic, CenturyGothic, AppleGothic, sans-serif&#8221;]\n<ul>\n<li style=\"text-align: left;\">Online RYA Courses<\/li>\n<li style=\"text-align: left;\">Shorebased RYA Courses<\/li>\n<li style=\"text-align: left;\">Practical RYA Courses<\/li>\n<li>The only nautical school with RYA training<\/li>\n<\/ul>\n<h2 style=\"text-align: center; font-size: 16px;\"><strong>We will guide you throughout this nautical adventure!<\/strong><\/h2>\n[\/vc_column_text][\/vc_column][vc_column width=&#8221;1\/6&#8243; css=&#8221;.vc_custom_1527689576079{background-image: url(https:\/\/cursos.yachtpointbcn.com\/wp-content\/uploads\/2018\/05\/MG_6585.jpg?id=703) !important;}&#8221;][\/vc_column][\/vc_row][vc_row css=&#8221;.vc_custom_1509463382606{margin-top: 40px !important;}&#8221;][vc_column]<h2 class=\"vcex-heading vcex-heading-plain vcex-module wpex-heading wpex-text-2xl wpex-text-center vc_custom_1750090747322\"><span class=\"vcex-heading-inner wpex-inline-block\">What nautical course or maritime training do you want to do?<\/span><\/h2>[\/vc_column][vc_column][vc_column_text]\n<h5>At Yacht Point Nautical School you will find a wide range of online and face-to-face courses to expand your nautical qualifications, meet new challenges and continue to learn more about the amazing wotld of sailing.<\/h5>\n[\/vc_column_text][\/vc_column][\/vc_row][vc_row][vc_column width=&#8221;1\/3&#8243;][vc_single_image image=&#8221;6819&#8243; onclick=&#8221;custom_link&#8221; img_link_target=&#8221;_blank&#8221; link=&#8221;https:\/\/www.charteryachtpointbcn.com\/&#8221;][\/vc_column][vc_column width=&#8221;1\/3&#8243;][vc_single_image image=&#8221;6768&#8243; onclick=&#8221;custom_link&#8221; img_link_target=&#8221;_blank&#8221; link=&#8221;https:\/\/cursos.yachtpointbcn.com\/en\/categoria-curso\/rya-school\/&#8221;][\/vc_column][vc_column width=&#8221;1\/3&#8243;][vc_single_image image=&#8221;6821&#8243; onclick=&#8221;custom_link&#8221; link=&#8221;https:\/\/yachtpointbcn.com\/en\/stcw-basic-safety-training\/&#8221;][\/vc_column][\/vc_row][vc_row][vc_column][\/vc_column][\/vc_row]\n<\/div>","protected":false},"excerpt":{"rendered":"<p>[vc_row full_width=&#8221;stretch_row&#8221; content_placement=&#8221;middle&#8221; wpex_bg_overlay=&#8221;color&#8221; typography_style=&#8221;white&#8221; css=&#8221;.vc_custom_1527689911240{padding-top: 60px !important;padding-bottom: 35px !important;background-image: url(https:\/\/cursos.yachtpointbcn.com\/wp-content\/uploads\/2018\/05\/32121.jpg?id=705) !important;}&#8221; wpex_bg_overlay_color=&#8221;#000000&#8243; wpex_bg_overlay_opacity=&#8221;0.2&#8243; wpex_bg_position=&#8221;center center&#8221;][vc_column width=&#8221;1\/6&#8243;][\/vc_column][vc_column width=&#8221;4\/6&#8243;][vc_column_text font_family=&#8221;Century Gothic, CenturyGothic, AppleGothic, sans-serif&#8221;] Online RYA Courses Shorebased RYA Courses Practical RYA Courses The only nautical school with RYA training We will guide you throughout this nautical adventure! [\/vc_column_text][\/vc_column][vc_column width=&#8221;1\/6&#8243; css=&#8221;.vc_custom_1527689576079{background-image: url(https:\/\/cursos.yachtpointbcn.com\/wp-content\/uploads\/2018\/05\/MG_6585.jpg?id=703) !important;}&#8221;][\/vc_column][\/vc_row][vc_row css=&#8221;.vc_custom_1509463382606{margin-top: 40px !important;}&#8221;][vc_column][\/vc_column][vc_column][vc_column_text]&hellip;<\/p>\n","protected":false},"author":1,"featured_media":0,"parent":0,"menu_order":0,"comment_status":"closed","ping_status":"closed","template":"","meta":{"_acf_changed":false,"om_disable_all_campaigns":false,"footnotes":""},"class_list":["post-1014","page","type-page","status-publish","hentry","entry","no-media"],"acf":[],"yoast_head":"<!-- This site is optimized with the Yoast SEO plugin v26.6 - https:\/\/yoast.com\/wordpress\/plugins\/seo\/ -->\n<title>RYA Training Centre Barcelona - HOME - Yacht Point<\/title>\n<meta name=\"description\" content=\"Yacht Point is the only RYA Training Centre in Barcelona we offer such as theory courses and sailing courses. Don\u00b4t miss out.\" \/>\n<meta name=\"robots\" content=\"index, follow, max-snippet:-1, max-image-preview:large, max-video-preview:-1\" \/>\n<link rel=\"canonical\" href=\"https:\/\/cursos.yachtpointbcn.com\/en\/\" \/>\n<meta property=\"og:locale\" content=\"en_US\" \/>\n<meta property=\"og:type\" content=\"article\" \/>\n<meta property=\"og:title\" content=\"RYA Training Centre Barcelona - HOME - Yacht Point\" \/>\n<meta property=\"og:description\" content=\"Yacht Point is the only RYA Training Centre in Barcelona we offer such as theory courses and sailing courses. Don\u00b4t miss out.\" \/>\n<meta property=\"og:url\" content=\"https:\/\/cursos.yachtpointbcn.com\/en\/\" \/>\n<meta property=\"og:site_name\" content=\"Cursos Yacht Point Bcn\" \/>\n<meta property=\"article:modified_time\" content=\"2025-06-16T16:19:16+00:00\" \/>\n<meta name=\"twitter:card\" content=\"summary_large_image\" \/>\n<meta name=\"twitter:label1\" content=\"Est. reading time\" \/>\n\t<meta name=\"twitter:data1\" content=\"1 minute\" \/>\n<script type=\"application\/ld+json\" class=\"yoast-schema-graph\">{\"@context\":\"https:\/\/schema.org\",\"@graph\":[{\"@type\":\"WebPage\",\"@id\":\"https:\/\/cursos.yachtpointbcn.com\/en\/\",\"url\":\"https:\/\/cursos.yachtpointbcn.com\/en\/\",\"name\":\"RYA Training Centre Barcelona - HOME - Yacht Point\",\"isPartOf\":{\"@id\":\"https:\/\/cursos.yachtpointbcn.com\/en\/#website\"},\"datePublished\":\"2018-11-23T09:43:03+00:00\",\"dateModified\":\"2025-06-16T16:19:16+00:00\",\"description\":\"Yacht Point is the only RYA Training Centre in Barcelona we offer such as theory courses and sailing courses. Don\u00b4t miss out.\",\"breadcrumb\":{\"@id\":\"https:\/\/cursos.yachtpointbcn.com\/en\/#breadcrumb\"},\"inLanguage\":\"en-US\",\"potentialAction\":[{\"@type\":\"ReadAction\",\"target\":[\"https:\/\/cursos.yachtpointbcn.com\/en\/\"]}]},{\"@type\":\"BreadcrumbList\",\"@id\":\"https:\/\/cursos.yachtpointbcn.com\/en\/#breadcrumb\",\"itemListElement\":[{\"@type\":\"ListItem\",\"position\":1,\"name\":\"Portada\",\"item\":\"https:\/\/cursos.yachtpointbcn.com\/en\/home\/\"},{\"@type\":\"ListItem\",\"position\":2,\"name\":\"HOME\"}]},{\"@type\":\"WebSite\",\"@id\":\"https:\/\/cursos.yachtpointbcn.com\/en\/#website\",\"url\":\"https:\/\/cursos.yachtpointbcn.com\/en\/\",\"name\":\"Cursos Yacht Point Bcn\",\"description\":\"T\u00edtulos N\u00e1uticos y Escuela de N\u00e1utica en Barcelona\",\"publisher\":{\"@id\":\"https:\/\/cursos.yachtpointbcn.com\/en\/#organization\"},\"potentialAction\":[{\"@type\":\"SearchAction\",\"target\":{\"@type\":\"EntryPoint\",\"urlTemplate\":\"https:\/\/cursos.yachtpointbcn.com\/en\/?s={search_term_string}\"},\"query-input\":{\"@type\":\"PropertyValueSpecification\",\"valueRequired\":true,\"valueName\":\"search_term_string\"}}],\"inLanguage\":\"en-US\"},{\"@type\":\"Organization\",\"@id\":\"https:\/\/cursos.yachtpointbcn.com\/en\/#organization\",\"name\":\"Yacht Point\",\"url\":\"https:\/\/cursos.yachtpointbcn.com\/en\/\",\"logo\":{\"@type\":\"ImageObject\",\"inLanguage\":\"en-US\",\"@id\":\"https:\/\/cursos.yachtpointbcn.com\/en\/#\/schema\/logo\/image\/\",\"url\":\"https:\/\/cursos.yachtpointbcn.com\/wp-content\/uploads\/2017\/10\/logo-yachtpoint.jpg\",\"contentUrl\":\"https:\/\/cursos.yachtpointbcn.com\/wp-content\/uploads\/2017\/10\/logo-yachtpoint.jpg\",\"width\":208,\"height\":87,\"caption\":\"Yacht Point\"},\"image\":{\"@id\":\"https:\/\/cursos.yachtpointbcn.com\/en\/#\/schema\/logo\/image\/\"}}]}<\/script>\n<!-- \/ Yoast SEO plugin. -->","yoast_head_json":{"title":"RYA Training Centre Barcelona - HOME - Yacht Point","description":"Yacht Point is the only RYA Training Centre in Barcelona we offer such as theory courses and sailing courses. Don\u00b4t miss out.","robots":{"index":"index","follow":"follow","max-snippet":"max-snippet:-1","max-image-preview":"max-image-preview:large","max-video-preview":"max-video-preview:-1"},"canonical":"https:\/\/cursos.yachtpointbcn.com\/en\/","og_locale":"en_US","og_type":"article","og_title":"RYA Training Centre Barcelona - HOME - Yacht Point","og_description":"Yacht Point is the only RYA Training Centre in Barcelona we offer such as theory courses and sailing courses. Don\u00b4t miss out.","og_url":"https:\/\/cursos.yachtpointbcn.com\/en\/","og_site_name":"Cursos Yacht Point Bcn","article_modified_time":"2025-06-16T16:19:16+00:00","twitter_card":"summary_large_image","twitter_misc":{"Est. reading time":"1 minute"},"schema":{"@context":"https:\/\/schema.org","@graph":[{"@type":"WebPage","@id":"https:\/\/cursos.yachtpointbcn.com\/en\/","url":"https:\/\/cursos.yachtpointbcn.com\/en\/","name":"RYA Training Centre Barcelona - HOME - Yacht Point","isPartOf":{"@id":"https:\/\/cursos.yachtpointbcn.com\/en\/#website"},"datePublished":"2018-11-23T09:43:03+00:00","dateModified":"2025-06-16T16:19:16+00:00","description":"Yacht Point is the only RYA Training Centre in Barcelona we offer such as theory courses and sailing courses. Don\u00b4t miss out.","breadcrumb":{"@id":"https:\/\/cursos.yachtpointbcn.com\/en\/#breadcrumb"},"inLanguage":"en-US","potentialAction":[{"@type":"ReadAction","target":["https:\/\/cursos.yachtpointbcn.com\/en\/"]}]},{"@type":"BreadcrumbList","@id":"https:\/\/cursos.yachtpointbcn.com\/en\/#breadcrumb","itemListElement":[{"@type":"ListItem","position":1,"name":"Portada","item":"https:\/\/cursos.yachtpointbcn.com\/en\/home\/"},{"@type":"ListItem","position":2,"name":"HOME"}]},{"@type":"WebSite","@id":"https:\/\/cursos.yachtpointbcn.com\/en\/#website","url":"https:\/\/cursos.yachtpointbcn.com\/en\/","name":"Cursos Yacht Point Bcn","description":"T\u00edtulos N\u00e1uticos y Escuela de N\u00e1utica en Barcelona","publisher":{"@id":"https:\/\/cursos.yachtpointbcn.com\/en\/#organization"},"potentialAction":[{"@type":"SearchAction","target":{"@type":"EntryPoint","urlTemplate":"https:\/\/cursos.yachtpointbcn.com\/en\/?s={search_term_string}"},"query-input":{"@type":"PropertyValueSpecification","valueRequired":true,"valueName":"search_term_string"}}],"inLanguage":"en-US"},{"@type":"Organization","@id":"https:\/\/cursos.yachtpointbcn.com\/en\/#organization","name":"Yacht Point","url":"https:\/\/cursos.yachtpointbcn.com\/en\/","logo":{"@type":"ImageObject","inLanguage":"en-US","@id":"https:\/\/cursos.yachtpointbcn.com\/en\/#\/schema\/logo\/image\/","url":"https:\/\/cursos.yachtpointbcn.com\/wp-content\/uploads\/2017\/10\/logo-yachtpoint.jpg","contentUrl":"https:\/\/cursos.yachtpointbcn.com\/wp-content\/uploads\/2017\/10\/logo-yachtpoint.jpg","width":208,"height":87,"caption":"Yacht Point"},"image":{"@id":"https:\/\/cursos.yachtpointbcn.com\/en\/#\/schema\/logo\/image\/"}}]}},"_links":{"self":[{"href":"https:\/\/cursos.yachtpointbcn.com\/en\/wp-json\/wp\/v2\/pages\/1014","targetHints":{"allow":["GET"]}}],"collection":[{"href":"https:\/\/cursos.yachtpointbcn.com\/en\/wp-json\/wp\/v2\/pages"}],"about":[{"href":"https:\/\/cursos.yachtpointbcn.com\/en\/wp-json\/wp\/v2\/types\/page"}],"author":[{"embeddable":true,"href":"https:\/\/cursos.yachtpointbcn.com\/en\/wp-json\/wp\/v2\/users\/1"}],"replies":[{"embeddable":true,"href":"https:\/\/cursos.yachtpointbcn.com\/en\/wp-json\/wp\/v2\/comments?post=1014"}],"version-history":[{"count":49,"href":"https:\/\/cursos.yachtpointbcn.com\/en\/wp-json\/wp\/v2\/pages\/1014\/revisions"}],"predecessor-version":[{"id":11547,"href":"https:\/\/cursos.yachtpointbcn.com\/en\/wp-json\/wp\/v2\/pages\/1014\/revisions\/11547"}],"wp:attachment":[{"href":"https:\/\/cursos.yachtpointbcn.com\/en\/wp-json\/wp\/v2\/media?parent=1014"}],"curies":[{"name":"wp","href":"https:\/\/api.w.org\/{rel}","templated":true}]}}