{"id":1018,"date":"2018-11-23T09:46:42","date_gmt":"2018-11-23T09:46:42","guid":{"rendered":"https:\/\/cursos.yachtpointbcn.com\/?page_id=1018"},"modified":"2018-11-23T09:48:16","modified_gmt":"2018-11-23T09:48:16","slug":"cookies-policy","status":"publish","type":"page","link":"https:\/\/cursos.yachtpointbcn.com\/en\/cookies-policy\/","title":{"rendered":"Cookies policy"},"content":{"rendered":"<h2><strong>\u00bfQu\u00e9 son las cookies?<\/strong><\/h2>\n<p>Una cookie es un fichero que se descarga en su ordenador al acceder a determinadas p\u00e1ginas web. Las cookies permiten a una p\u00e1gina web, entre otras cosas, almacenar y recuperar informaci\u00f3n sobre los h\u00e1bitos de navegaci\u00f3n de un usuario o de su equipo y, dependiendo de la informaci\u00f3n que contengan y de la forma en que utilice su equipo, pueden utilizarse para reconocer al usuario.<\/p>\n<h3>\u00bfQu\u00e9 tipos de cookies existen?<\/h3>\n<ul>\n<li>Cookies propias: Son aqu\u00e9llas que se env\u00edan al equipo terminal del usuario desde un equipo o dominio gestionado por el propio editor y desde el que se presta el servicio solicitado por el usuario.<\/li>\n<li>Cookies de tercero: Son aqu\u00e9llas que se env\u00edan al equipo terminal del usuario desde un equipo o dominio que no es gestionado por el editor, sino por otra entidad que trata los datos obtenidos trav\u00e9s de las cookies.<\/li>\n<li>Cookies de sesi\u00f3n: Son un tipo de cookies dise\u00f1adas para recabar y almacenar datos mientras el usuario accede a una p\u00e1gina web.<\/li>\n<li>Cookies persistentes: Son un tipo de cookies en el que los datos siguen almacenados en el terminal y pueden ser accedidos y tratados durante un periodo definido por el responsable de la cookie, y que puede ir de unos minutos a varios a\u00f1os.<\/li>\n<li>Cookies de an\u00e1lisis: Son aqu\u00e9llas que bien tratadas por nosotros o por terceros, nos permiten cuantificar el n\u00famero de usuarios y as\u00ed realizar la medici\u00f3n y an\u00e1lisis estad\u00edstico de la utilizaci\u00f3n que hacen los usuarios del servicio ofertado.<\/li>\n<li>Para ello se analiza su navegaci\u00f3n en nuestra p\u00e1gina web con el fin de mejorar la oferta de productos o servicios que le ofrecemos.<\/li>\n<li>Cookies publicitarias: Son aqu\u00e9llas que permiten la gesti\u00f3n, de la forma m\u00e1s eficaz posible, de los espacios publicitarios que, en su caso, el editor haya incluido en una p\u00e1gina web, aplicaci\u00f3n o plataforma desde la que presta el servicio solicitado en base a criterios como el contenido editado o la frecuencia en la que se muestran los anuncios.<\/li>\n<li>Cookies de publicidad comportamental: Son aqu\u00e9llas que permiten la gesti\u00f3n, de la forma m\u00e1s eficaz posible, de los espacios publicitarios que, en su caso, el editor haya incluido en una p\u00e1gina web, aplicaci\u00f3n o plataforma desde la que presta el servicio solicitado. Estas cookies almacenan informaci\u00f3n del comportamiento de los usuarios obtenida a trav\u00e9s de la observaci\u00f3n continuada de sus h\u00e1bitos de navegaci\u00f3n, lo que permite desarrollar un perfil espec\u00edfico para mostrar publicidad en funci\u00f3n del mismo.<\/li>\n<\/ul>\n<p>Asimismo es posible que al visitar alguna pagina web o al abrir alg\u00fan email donde se publique alg\u00fan anuncio o alguna promoci\u00f3n sobre nuestros productos o servicios se instale en tu navegador alguna cookie que nos sirve para mostrarle posteriormente publicidad relacionada con la b\u00fasqueda que haya realizado, desarrollar un control de nuestros anuncios en relaci\u00f3n, por ejemplo, con el n\u00famero de veces que son vistos, donde aparecen, a qu\u00e9 hora se ven, etc.<\/p>\n<h3><strong>\u00bfSe necesita mi consentimiento para implantar el uso de cookies?<\/strong><\/h3>\n<p>No se precisa el consentimiento para la instalaci\u00f3n de cookies t\u00e9cnicas o las que sean estrictamente necesarias para la prestaci\u00f3n de un servicio de la sociedad de la informaci\u00f3n expresamente solicitado por el destinatario.<\/p>\n<p>Para el resto, s\u00ed se precisa del consentimiento del interesado que se puede solicitar por distintas v\u00edas. En el caso de que el usuario contin\u00fae navegando en el sitio web se entender\u00e1 otorgado, sin perjuicio de que en cualquier momento podr\u00e1 revocarlo y desactivar las cookies.<\/p>\n<h3><strong>\u00bfQu\u00e9 cookies se utilizan?<\/strong><\/h3>\n<p>Gen\u00e9ricas de la web (google analytics):<\/p>\n<ul>\n<li>__utmz =&gt; Registra si el visitante procede de un motor de b\u00fasqueda (y, en ese caso, por medio de qu\u00e9 palabra clave), un link o si no viene de una p\u00e1gina previa (ej: un favorito).<\/li>\n<li>__utma =&gt; Almacena el n\u00famero de visitas (para cada visitante), el instante de la primera visita, de la visita anterior y de la visita en curso.<\/li>\n<li>__utmb y __utmc =&gt; Se utilizan para comprobar aproximadamente con qu\u00e9 rapidez se van los visitantes: cu\u00e1ndo inicia una visita y cu\u00e1ndo acaba aproximadamente. Esta informaci\u00f3n se extrae de los cambios de estado de la cookie (usando, por ejemplo, firecookie).<\/li>\n<\/ul>\n<h3><strong>Revocaci\u00f3n y eliminaci\u00f3n de cookies<\/strong><\/h3>\n<p>Usted puede permitir, bloquear o eliminar las cookies instaladas en su equipo mediante la configuraci\u00f3n de las opciones del navegador instalado en su ordenador, en caso que no permita la instalaci\u00f3n de cookies en su navegador es posible que no pueda acceder a alguna de las secciones de nuestra web.<\/p>\n<p>&nbsp;<\/p>\n","protected":false},"excerpt":{"rendered":"<p>\u00bfQu\u00e9 son las cookies? Una cookie es un fichero que se descarga en su ordenador al acceder a determinadas p\u00e1ginas web. Las cookies permiten a una p\u00e1gina web, entre otras cosas, almacenar y recuperar informaci\u00f3n sobre los h\u00e1bitos de navegaci\u00f3n de un usuario o de su equipo y, dependiendo de la informaci\u00f3n que contengan y&hellip;<\/p>\n","protected":false},"author":1,"featured_media":0,"parent":0,"menu_order":0,"comment_status":"closed","ping_status":"closed","template":"","meta":{"_acf_changed":false,"om_disable_all_campaigns":false,"footnotes":""},"class_list":["post-1018","page","type-page","status-publish","hentry","entry","no-media"],"acf":[],"yoast_head":"<!-- This site is optimized with the Yoast SEO plugin v26.6 - https:\/\/yoast.com\/wordpress\/plugins\/seo\/ -->\n<title>Cookies policy - Cursos Yacht Point Bcn<\/title>\n<meta name=\"robots\" content=\"index, follow, max-snippet:-1, max-image-preview:large, max-video-preview:-1\" \/>\n<link rel=\"canonical\" href=\"https:\/\/cursos.yachtpointbcn.com\/en\/cookies-policy\/\" \/>\n<meta property=\"og:locale\" content=\"en_US\" \/>\n<meta property=\"og:type\" content=\"article\" \/>\n<meta property=\"og:title\" content=\"Cookies policy - Cursos Yacht Point Bcn\" \/>\n<meta property=\"og:description\" content=\"\u00bfQu\u00e9 son las cookies? Una cookie es un fichero que se descarga en su ordenador al acceder a determinadas p\u00e1ginas web. Las cookies permiten a una p\u00e1gina web, entre otras cosas, almacenar y recuperar informaci\u00f3n sobre los h\u00e1bitos de navegaci\u00f3n de un usuario o de su equipo y, dependiendo de la informaci\u00f3n que contengan y&hellip;\" \/>\n<meta property=\"og:url\" content=\"https:\/\/cursos.yachtpointbcn.com\/en\/cookies-policy\/\" \/>\n<meta property=\"og:site_name\" content=\"Cursos Yacht Point Bcn\" \/>\n<meta property=\"article:modified_time\" content=\"2018-11-23T09:48:16+00:00\" \/>\n<meta name=\"twitter:card\" content=\"summary_large_image\" \/>\n<meta name=\"twitter:label1\" content=\"Est. reading time\" \/>\n\t<meta name=\"twitter:data1\" content=\"4 minutes\" \/>\n<script type=\"application\/ld+json\" class=\"yoast-schema-graph\">{\"@context\":\"https:\/\/schema.org\",\"@graph\":[{\"@type\":\"WebPage\",\"@id\":\"https:\/\/cursos.yachtpointbcn.com\/en\/cookies-policy\/\",\"url\":\"https:\/\/cursos.yachtpointbcn.com\/en\/cookies-policy\/\",\"name\":\"Cookies policy - Cursos Yacht Point Bcn\",\"isPartOf\":{\"@id\":\"https:\/\/cursos.yachtpointbcn.com\/en\/#website\"},\"datePublished\":\"2018-11-23T09:46:42+00:00\",\"dateModified\":\"2018-11-23T09:48:16+00:00\",\"breadcrumb\":{\"@id\":\"https:\/\/cursos.yachtpointbcn.com\/en\/cookies-policy\/#breadcrumb\"},\"inLanguage\":\"en-US\",\"potentialAction\":[{\"@type\":\"ReadAction\",\"target\":[\"https:\/\/cursos.yachtpointbcn.com\/en\/cookies-policy\/\"]}]},{\"@type\":\"BreadcrumbList\",\"@id\":\"https:\/\/cursos.yachtpointbcn.com\/en\/cookies-policy\/#breadcrumb\",\"itemListElement\":[{\"@type\":\"ListItem\",\"position\":1,\"name\":\"Portada\",\"item\":\"https:\/\/cursos.yachtpointbcn.com\/en\/home\/\"},{\"@type\":\"ListItem\",\"position\":2,\"name\":\"Cookies policy\"}]},{\"@type\":\"WebSite\",\"@id\":\"https:\/\/cursos.yachtpointbcn.com\/en\/#website\",\"url\":\"https:\/\/cursos.yachtpointbcn.com\/en\/\",\"name\":\"Cursos Yacht Point Bcn\",\"description\":\"T\u00edtulos N\u00e1uticos y Escuela de N\u00e1utica en Barcelona\",\"publisher\":{\"@id\":\"https:\/\/cursos.yachtpointbcn.com\/en\/#organization\"},\"potentialAction\":[{\"@type\":\"SearchAction\",\"target\":{\"@type\":\"EntryPoint\",\"urlTemplate\":\"https:\/\/cursos.yachtpointbcn.com\/en\/?s={search_term_string}\"},\"query-input\":{\"@type\":\"PropertyValueSpecification\",\"valueRequired\":true,\"valueName\":\"search_term_string\"}}],\"inLanguage\":\"en-US\"},{\"@type\":\"Organization\",\"@id\":\"https:\/\/cursos.yachtpointbcn.com\/en\/#organization\",\"name\":\"Yacht Point\",\"url\":\"https:\/\/cursos.yachtpointbcn.com\/en\/\",\"logo\":{\"@type\":\"ImageObject\",\"inLanguage\":\"en-US\",\"@id\":\"https:\/\/cursos.yachtpointbcn.com\/en\/#\/schema\/logo\/image\/\",\"url\":\"https:\/\/cursos.yachtpointbcn.com\/wp-content\/uploads\/2017\/10\/logo-yachtpoint.jpg\",\"contentUrl\":\"https:\/\/cursos.yachtpointbcn.com\/wp-content\/uploads\/2017\/10\/logo-yachtpoint.jpg\",\"width\":208,\"height\":87,\"caption\":\"Yacht Point\"},\"image\":{\"@id\":\"https:\/\/cursos.yachtpointbcn.com\/en\/#\/schema\/logo\/image\/\"}}]}<\/script>\n<!-- \/ Yoast SEO plugin. -->","yoast_head_json":{"title":"Cookies policy - Cursos Yacht Point Bcn","robots":{"index":"index","follow":"follow","max-snippet":"max-snippet:-1","max-image-preview":"max-image-preview:large","max-video-preview":"max-video-preview:-1"},"canonical":"https:\/\/cursos.yachtpointbcn.com\/en\/cookies-policy\/","og_locale":"en_US","og_type":"article","og_title":"Cookies policy - Cursos Yacht Point Bcn","og_description":"\u00bfQu\u00e9 son las cookies? Una cookie es un fichero que se descarga en su ordenador al acceder a determinadas p\u00e1ginas web. Las cookies permiten a una p\u00e1gina web, entre otras cosas, almacenar y recuperar informaci\u00f3n sobre los h\u00e1bitos de navegaci\u00f3n de un usuario o de su equipo y, dependiendo de la informaci\u00f3n que contengan y&hellip;","og_url":"https:\/\/cursos.yachtpointbcn.com\/en\/cookies-policy\/","og_site_name":"Cursos Yacht Point Bcn","article_modified_time":"2018-11-23T09:48:16+00:00","twitter_card":"summary_large_image","twitter_misc":{"Est. reading time":"4 minutes"},"schema":{"@context":"https:\/\/schema.org","@graph":[{"@type":"WebPage","@id":"https:\/\/cursos.yachtpointbcn.com\/en\/cookies-policy\/","url":"https:\/\/cursos.yachtpointbcn.com\/en\/cookies-policy\/","name":"Cookies policy - Cursos Yacht Point Bcn","isPartOf":{"@id":"https:\/\/cursos.yachtpointbcn.com\/en\/#website"},"datePublished":"2018-11-23T09:46:42+00:00","dateModified":"2018-11-23T09:48:16+00:00","breadcrumb":{"@id":"https:\/\/cursos.yachtpointbcn.com\/en\/cookies-policy\/#breadcrumb"},"inLanguage":"en-US","potentialAction":[{"@type":"ReadAction","target":["https:\/\/cursos.yachtpointbcn.com\/en\/cookies-policy\/"]}]},{"@type":"BreadcrumbList","@id":"https:\/\/cursos.yachtpointbcn.com\/en\/cookies-policy\/#breadcrumb","itemListElement":[{"@type":"ListItem","position":1,"name":"Portada","item":"https:\/\/cursos.yachtpointbcn.com\/en\/home\/"},{"@type":"ListItem","position":2,"name":"Cookies policy"}]},{"@type":"WebSite","@id":"https:\/\/cursos.yachtpointbcn.com\/en\/#website","url":"https:\/\/cursos.yachtpointbcn.com\/en\/","name":"Cursos Yacht Point Bcn","description":"T\u00edtulos N\u00e1uticos y Escuela de N\u00e1utica en Barcelona","publisher":{"@id":"https:\/\/cursos.yachtpointbcn.com\/en\/#organization"},"potentialAction":[{"@type":"SearchAction","target":{"@type":"EntryPoint","urlTemplate":"https:\/\/cursos.yachtpointbcn.com\/en\/?s={search_term_string}"},"query-input":{"@type":"PropertyValueSpecification","valueRequired":true,"valueName":"search_term_string"}}],"inLanguage":"en-US"},{"@type":"Organization","@id":"https:\/\/cursos.yachtpointbcn.com\/en\/#organization","name":"Yacht Point","url":"https:\/\/cursos.yachtpointbcn.com\/en\/","logo":{"@type":"ImageObject","inLanguage":"en-US","@id":"https:\/\/cursos.yachtpointbcn.com\/en\/#\/schema\/logo\/image\/","url":"https:\/\/cursos.yachtpointbcn.com\/wp-content\/uploads\/2017\/10\/logo-yachtpoint.jpg","contentUrl":"https:\/\/cursos.yachtpointbcn.com\/wp-content\/uploads\/2017\/10\/logo-yachtpoint.jpg","width":208,"height":87,"caption":"Yacht Point"},"image":{"@id":"https:\/\/cursos.yachtpointbcn.com\/en\/#\/schema\/logo\/image\/"}}]}},"_links":{"self":[{"href":"https:\/\/cursos.yachtpointbcn.com\/en\/wp-json\/wp\/v2\/pages\/1018","targetHints":{"allow":["GET"]}}],"collection":[{"href":"https:\/\/cursos.yachtpointbcn.com\/en\/wp-json\/wp\/v2\/pages"}],"about":[{"href":"https:\/\/cursos.yachtpointbcn.com\/en\/wp-json\/wp\/v2\/types\/page"}],"author":[{"embeddable":true,"href":"https:\/\/cursos.yachtpointbcn.com\/en\/wp-json\/wp\/v2\/users\/1"}],"replies":[{"embeddable":true,"href":"https:\/\/cursos.yachtpointbcn.com\/en\/wp-json\/wp\/v2\/comments?post=1018"}],"version-history":[{"count":1,"href":"https:\/\/cursos.yachtpointbcn.com\/en\/wp-json\/wp\/v2\/pages\/1018\/revisions"}],"predecessor-version":[{"id":1019,"href":"https:\/\/cursos.yachtpointbcn.com\/en\/wp-json\/wp\/v2\/pages\/1018\/revisions\/1019"}],"wp:attachment":[{"href":"https:\/\/cursos.yachtpointbcn.com\/en\/wp-json\/wp\/v2\/media?parent=1018"}],"curies":[{"name":"wp","href":"https:\/\/api.w.org\/{rel}","templated":true}]}}