{"id":1028,"date":"2018-06-22T16:11:16","date_gmt":"2018-06-22T16:11:16","guid":{"rendered":"https:\/\/cursos.yachtpointbcn.com\/curso\/rya-yachmaster-scheme-syllabus-logbook\/"},"modified":"2025-06-12T12:32:40","modified_gmt":"2025-06-12T12:32:40","slug":"rya-yachmaster-scheme-syllabus-logbook","status":"publish","type":"product","link":"https:\/\/cursos.yachtpointbcn.com\/en\/curso\/rya-yachmaster-scheme-syllabus-logbook\/","title":{"rendered":"RYA Yachmaster Scheme Syllabus &#038; Logbook"},"content":{"rendered":"<p>This new book provides detailed information about the structure and content of the practical and shore-based courses for both sail and motor cruising with the RYA Yachtmaster Scheme.<\/p>\n<p>The RYA\u2019s renowned practical training is complemented by a structured shorebased learning process on the theory of navigation, safety, seamanship and by specialist one-day courses on skills such as first aid and sea survival.<\/p>\n<p>This book informs you of what to expect when taking any RYA sail or motor cruising course and also provides pages for you to log your progress and keep your certificates. Your personal boating experience, from starting up to RYA Yachtmaster Ocean, will be enhanced by this book.<\/p>\n<p>This book effectively combines, updates and replaces the RYA Sail Cruising &amp; Yachtmaster Scheme Syllabus and Logbook (G15) and the RYA Motor Cruising &amp; Yachtmaster Scheme Syllabus and Logbook (G18). It also introduces new courses and clarifies pre-exam requirements for all RYA Yachtmaster exams.<\/p>\n","protected":false},"excerpt":{"rendered":"<p>This new book provides detailed information about the structure and content of the practical and shore-based courses for both sail and motor cruising with the RYA Yachtmaster Scheme. The RYA\u2019s renowned practical training is complemented by a structured shorebased learning process on the theory of navigation, safety, seamanship and by specialist one-day courses on skills&hellip;<\/p>\n","protected":false},"featured_media":6791,"template":"","meta":{"_acf_changed":false,"om_disable_all_campaigns":false},"product_brand":[],"product_cat":[84,176,81],"product_tag":[],"class_list":{"0":"post-1028","1":"product","2":"type-product","3":"status-publish","4":"has-post-thumbnail","6":"product_cat-courses-online-rya","7":"product_cat-rya-material-books","8":"product_cat-rya-school","9":"entry","10":"has-media","12":"first","13":"instock","14":"shipping-taxable","15":"purchasable","16":"product-type-simple"},"acf":[],"yoast_head":"<!-- This site is optimized with the Yoast SEO plugin v26.6 - https:\/\/yoast.com\/wordpress\/plugins\/seo\/ -->\n<title>RYA Yachmaster Scheme Syllabus &amp; Logbook - Yacht Point<\/title>\n<meta name=\"description\" content=\"Information about the structure and content of the practical and shorebased courses for both sail and motor cruising with the RYA Yachtmaster Scheme.\" \/>\n<meta name=\"robots\" content=\"index, follow, max-snippet:-1, max-image-preview:large, max-video-preview:-1\" \/>\n<link rel=\"canonical\" href=\"https:\/\/cursos.yachtpointbcn.com\/en\/curso\/rya-yachmaster-scheme-syllabus-logbook\/\" \/>\n<meta property=\"og:locale\" content=\"en_US\" \/>\n<meta property=\"og:type\" content=\"article\" \/>\n<meta property=\"og:title\" content=\"RYA Yachmaster Scheme Syllabus &amp; Logbook - Yacht Point\" \/>\n<meta property=\"og:description\" content=\"Information about the structure and content of the practical and shorebased courses for both sail and motor cruising with the RYA Yachtmaster Scheme.\" \/>\n<meta property=\"og:url\" content=\"https:\/\/cursos.yachtpointbcn.com\/en\/curso\/rya-yachmaster-scheme-syllabus-logbook\/\" \/>\n<meta property=\"og:site_name\" content=\"Cursos Yacht Point Bcn\" \/>\n<meta property=\"article:modified_time\" content=\"2025-06-12T12:32:40+00:00\" \/>\n<meta property=\"og:image\" content=\"https:\/\/cursos.yachtpointbcn.com\/wp-content\/uploads\/2018\/06\/sayllabus-and-logbook-.png\" \/>\n\t<meta property=\"og:image:width\" content=\"1080\" \/>\n\t<meta property=\"og:image:height\" content=\"1080\" \/>\n\t<meta property=\"og:image:type\" content=\"image\/png\" \/>\n<meta name=\"twitter:card\" content=\"summary_large_image\" \/>\n<meta name=\"twitter:label1\" content=\"Est. reading time\" \/>\n\t<meta name=\"twitter:data1\" content=\"1 minute\" \/>\n<script type=\"application\/ld+json\" class=\"yoast-schema-graph\">{\"@context\":\"https:\/\/schema.org\",\"@graph\":[{\"@type\":\"WebPage\",\"@id\":\"https:\/\/cursos.yachtpointbcn.com\/en\/curso\/rya-yachmaster-scheme-syllabus-logbook\/\",\"url\":\"https:\/\/cursos.yachtpointbcn.com\/en\/curso\/rya-yachmaster-scheme-syllabus-logbook\/\",\"name\":\"RYA Yachmaster Scheme Syllabus & Logbook - Yacht Point\",\"isPartOf\":{\"@id\":\"https:\/\/cursos.yachtpointbcn.com\/en\/#website\"},\"primaryImageOfPage\":{\"@id\":\"https:\/\/cursos.yachtpointbcn.com\/en\/curso\/rya-yachmaster-scheme-syllabus-logbook\/#primaryimage\"},\"image\":{\"@id\":\"https:\/\/cursos.yachtpointbcn.com\/en\/curso\/rya-yachmaster-scheme-syllabus-logbook\/#primaryimage\"},\"thumbnailUrl\":\"https:\/\/cursos.yachtpointbcn.com\/wp-content\/uploads\/2018\/06\/sayllabus-and-logbook-.png\",\"datePublished\":\"2018-06-22T16:11:16+00:00\",\"dateModified\":\"2025-06-12T12:32:40+00:00\",\"description\":\"Information about the structure and content of the practical and shorebased courses for both sail and motor cruising with the RYA Yachtmaster Scheme.\",\"breadcrumb\":{\"@id\":\"https:\/\/cursos.yachtpointbcn.com\/en\/curso\/rya-yachmaster-scheme-syllabus-logbook\/#breadcrumb\"},\"inLanguage\":\"en-US\",\"potentialAction\":[{\"@type\":\"ReadAction\",\"target\":[\"https:\/\/cursos.yachtpointbcn.com\/en\/curso\/rya-yachmaster-scheme-syllabus-logbook\/\"]}]},{\"@type\":\"ImageObject\",\"inLanguage\":\"en-US\",\"@id\":\"https:\/\/cursos.yachtpointbcn.com\/en\/curso\/rya-yachmaster-scheme-syllabus-logbook\/#primaryimage\",\"url\":\"https:\/\/cursos.yachtpointbcn.com\/wp-content\/uploads\/2018\/06\/sayllabus-and-logbook-.png\",\"contentUrl\":\"https:\/\/cursos.yachtpointbcn.com\/wp-content\/uploads\/2018\/06\/sayllabus-and-logbook-.png\",\"width\":1080,\"height\":1080},{\"@type\":\"BreadcrumbList\",\"@id\":\"https:\/\/cursos.yachtpointbcn.com\/en\/curso\/rya-yachmaster-scheme-syllabus-logbook\/#breadcrumb\",\"itemListElement\":[{\"@type\":\"ListItem\",\"position\":1,\"name\":\"Portada\",\"item\":\"https:\/\/cursos.yachtpointbcn.com\/en\/home\/\"},{\"@type\":\"ListItem\",\"position\":2,\"name\":\"Shop\",\"item\":\"https:\/\/cursos.yachtpointbcn.com\/en\/shop\/\"},{\"@type\":\"ListItem\",\"position\":3,\"name\":\"RYA Yachmaster Scheme Syllabus &#038; Logbook\"}]},{\"@type\":\"WebSite\",\"@id\":\"https:\/\/cursos.yachtpointbcn.com\/en\/#website\",\"url\":\"https:\/\/cursos.yachtpointbcn.com\/en\/\",\"name\":\"Cursos Yacht Point Bcn\",\"description\":\"T\u00edtulos N\u00e1uticos y Escuela de N\u00e1utica en Barcelona\",\"publisher\":{\"@id\":\"https:\/\/cursos.yachtpointbcn.com\/en\/#organization\"},\"potentialAction\":[{\"@type\":\"SearchAction\",\"target\":{\"@type\":\"EntryPoint\",\"urlTemplate\":\"https:\/\/cursos.yachtpointbcn.com\/en\/?s={search_term_string}\"},\"query-input\":{\"@type\":\"PropertyValueSpecification\",\"valueRequired\":true,\"valueName\":\"search_term_string\"}}],\"inLanguage\":\"en-US\"},{\"@type\":\"Organization\",\"@id\":\"https:\/\/cursos.yachtpointbcn.com\/en\/#organization\",\"name\":\"Yacht Point\",\"url\":\"https:\/\/cursos.yachtpointbcn.com\/en\/\",\"logo\":{\"@type\":\"ImageObject\",\"inLanguage\":\"en-US\",\"@id\":\"https:\/\/cursos.yachtpointbcn.com\/en\/#\/schema\/logo\/image\/\",\"url\":\"https:\/\/cursos.yachtpointbcn.com\/wp-content\/uploads\/2017\/10\/logo-yachtpoint.jpg\",\"contentUrl\":\"https:\/\/cursos.yachtpointbcn.com\/wp-content\/uploads\/2017\/10\/logo-yachtpoint.jpg\",\"width\":208,\"height\":87,\"caption\":\"Yacht Point\"},\"image\":{\"@id\":\"https:\/\/cursos.yachtpointbcn.com\/en\/#\/schema\/logo\/image\/\"}}]}<\/script>\n<!-- \/ Yoast SEO plugin. -->","yoast_head_json":{"title":"RYA Yachmaster Scheme Syllabus & Logbook - Yacht Point","description":"Information about the structure and content of the practical and shorebased courses for both sail and motor cruising with the RYA Yachtmaster Scheme.","robots":{"index":"index","follow":"follow","max-snippet":"max-snippet:-1","max-image-preview":"max-image-preview:large","max-video-preview":"max-video-preview:-1"},"canonical":"https:\/\/cursos.yachtpointbcn.com\/en\/curso\/rya-yachmaster-scheme-syllabus-logbook\/","og_locale":"en_US","og_type":"article","og_title":"RYA Yachmaster Scheme Syllabus & Logbook - Yacht Point","og_description":"Information about the structure and content of the practical and shorebased courses for both sail and motor cruising with the RYA Yachtmaster Scheme.","og_url":"https:\/\/cursos.yachtpointbcn.com\/en\/curso\/rya-yachmaster-scheme-syllabus-logbook\/","og_site_name":"Cursos Yacht Point Bcn","article_modified_time":"2025-06-12T12:32:40+00:00","og_image":[{"width":1080,"height":1080,"url":"https:\/\/cursos.yachtpointbcn.com\/wp-content\/uploads\/2018\/06\/sayllabus-and-logbook-.png","type":"image\/png"}],"twitter_card":"summary_large_image","twitter_misc":{"Est. reading time":"1 minute"},"schema":{"@context":"https:\/\/schema.org","@graph":[{"@type":"WebPage","@id":"https:\/\/cursos.yachtpointbcn.com\/en\/curso\/rya-yachmaster-scheme-syllabus-logbook\/","url":"https:\/\/cursos.yachtpointbcn.com\/en\/curso\/rya-yachmaster-scheme-syllabus-logbook\/","name":"RYA Yachmaster Scheme Syllabus & Logbook - Yacht Point","isPartOf":{"@id":"https:\/\/cursos.yachtpointbcn.com\/en\/#website"},"primaryImageOfPage":{"@id":"https:\/\/cursos.yachtpointbcn.com\/en\/curso\/rya-yachmaster-scheme-syllabus-logbook\/#primaryimage"},"image":{"@id":"https:\/\/cursos.yachtpointbcn.com\/en\/curso\/rya-yachmaster-scheme-syllabus-logbook\/#primaryimage"},"thumbnailUrl":"https:\/\/cursos.yachtpointbcn.com\/wp-content\/uploads\/2018\/06\/sayllabus-and-logbook-.png","datePublished":"2018-06-22T16:11:16+00:00","dateModified":"2025-06-12T12:32:40+00:00","description":"Information about the structure and content of the practical and shorebased courses for both sail and motor cruising with the RYA Yachtmaster Scheme.","breadcrumb":{"@id":"https:\/\/cursos.yachtpointbcn.com\/en\/curso\/rya-yachmaster-scheme-syllabus-logbook\/#breadcrumb"},"inLanguage":"en-US","potentialAction":[{"@type":"ReadAction","target":["https:\/\/cursos.yachtpointbcn.com\/en\/curso\/rya-yachmaster-scheme-syllabus-logbook\/"]}]},{"@type":"ImageObject","inLanguage":"en-US","@id":"https:\/\/cursos.yachtpointbcn.com\/en\/curso\/rya-yachmaster-scheme-syllabus-logbook\/#primaryimage","url":"https:\/\/cursos.yachtpointbcn.com\/wp-content\/uploads\/2018\/06\/sayllabus-and-logbook-.png","contentUrl":"https:\/\/cursos.yachtpointbcn.com\/wp-content\/uploads\/2018\/06\/sayllabus-and-logbook-.png","width":1080,"height":1080},{"@type":"BreadcrumbList","@id":"https:\/\/cursos.yachtpointbcn.com\/en\/curso\/rya-yachmaster-scheme-syllabus-logbook\/#breadcrumb","itemListElement":[{"@type":"ListItem","position":1,"name":"Portada","item":"https:\/\/cursos.yachtpointbcn.com\/en\/home\/"},{"@type":"ListItem","position":2,"name":"Shop","item":"https:\/\/cursos.yachtpointbcn.com\/en\/shop\/"},{"@type":"ListItem","position":3,"name":"RYA Yachmaster Scheme Syllabus &#038; Logbook"}]},{"@type":"WebSite","@id":"https:\/\/cursos.yachtpointbcn.com\/en\/#website","url":"https:\/\/cursos.yachtpointbcn.com\/en\/","name":"Cursos Yacht Point Bcn","description":"T\u00edtulos N\u00e1uticos y Escuela de N\u00e1utica en Barcelona","publisher":{"@id":"https:\/\/cursos.yachtpointbcn.com\/en\/#organization"},"potentialAction":[{"@type":"SearchAction","target":{"@type":"EntryPoint","urlTemplate":"https:\/\/cursos.yachtpointbcn.com\/en\/?s={search_term_string}"},"query-input":{"@type":"PropertyValueSpecification","valueRequired":true,"valueName":"search_term_string"}}],"inLanguage":"en-US"},{"@type":"Organization","@id":"https:\/\/cursos.yachtpointbcn.com\/en\/#organization","name":"Yacht Point","url":"https:\/\/cursos.yachtpointbcn.com\/en\/","logo":{"@type":"ImageObject","inLanguage":"en-US","@id":"https:\/\/cursos.yachtpointbcn.com\/en\/#\/schema\/logo\/image\/","url":"https:\/\/cursos.yachtpointbcn.com\/wp-content\/uploads\/2017\/10\/logo-yachtpoint.jpg","contentUrl":"https:\/\/cursos.yachtpointbcn.com\/wp-content\/uploads\/2017\/10\/logo-yachtpoint.jpg","width":208,"height":87,"caption":"Yacht Point"},"image":{"@id":"https:\/\/cursos.yachtpointbcn.com\/en\/#\/schema\/logo\/image\/"}}]}},"_links":{"self":[{"href":"https:\/\/cursos.yachtpointbcn.com\/en\/wp-json\/wp\/v2\/product\/1028","targetHints":{"allow":["GET"]}}],"collection":[{"href":"https:\/\/cursos.yachtpointbcn.com\/en\/wp-json\/wp\/v2\/product"}],"about":[{"href":"https:\/\/cursos.yachtpointbcn.com\/en\/wp-json\/wp\/v2\/types\/product"}],"wp:featuredmedia":[{"embeddable":true,"href":"https:\/\/cursos.yachtpointbcn.com\/en\/wp-json\/wp\/v2\/media\/6791"}],"wp:attachment":[{"href":"https:\/\/cursos.yachtpointbcn.com\/en\/wp-json\/wp\/v2\/media?parent=1028"}],"wp:term":[{"taxonomy":"product_brand","embeddable":true,"href":"https:\/\/cursos.yachtpointbcn.com\/en\/wp-json\/wp\/v2\/product_brand?post=1028"},{"taxonomy":"product_cat","embeddable":true,"href":"https:\/\/cursos.yachtpointbcn.com\/en\/wp-json\/wp\/v2\/product_cat?post=1028"},{"taxonomy":"product_tag","embeddable":true,"href":"https:\/\/cursos.yachtpointbcn.com\/en\/wp-json\/wp\/v2\/product_tag?post=1028"}],"curies":[{"name":"wp","href":"https:\/\/api.w.org\/{rel}","templated":true}]}}