{"id":1030,"date":"2018-01-03T08:59:58","date_gmt":"2018-01-03T08:59:58","guid":{"rendered":"https:\/\/cursos.yachtpointbcn.com\/curso\/powerboat-level-ii\/"},"modified":"2026-04-10T15:36:35","modified_gmt":"2026-04-10T15:36:35","slug":"powerboat-level-ii","status":"publish","type":"product","link":"https:\/\/cursos.yachtpointbcn.com\/en\/curso\/powerboat-level-ii\/","title":{"rendered":"Powerboat Level II"},"content":{"rendered":"<p>The <strong>Powerboat Level 2<\/strong> gives you the knowledge to operate a powerboat. It is the basic qualification within the International Certificate of Competence.<\/p>\n<p><strong>Duration: <\/strong>2 days<\/p>\n<p><strong>Course objective:<\/strong> You will become a good powerboater and with the ICC you will be able to rent motor boats.<\/p>\n","protected":false},"excerpt":{"rendered":"<p><strong>Maximum 3 students<\/strong><\/p>\n<p>Included in the price:<\/p>\n<ul>\n<li>Certificate<\/li>\n<li>Handbook<\/li>\n<li>Fuel<\/li>\n<\/ul>\n","protected":false},"featured_media":7095,"template":"","meta":{"_acf_changed":false,"om_disable_all_campaigns":false},"product_brand":[],"product_cat":[81],"product_tag":[],"class_list":{"0":"post-1030","1":"product","2":"type-product","3":"status-publish","4":"has-post-thumbnail","6":"product_cat-rya-school","7":"entry","8":"has-media","10":"first","11":"instock","12":"shipping-taxable","13":"purchasable","14":"product-type-variable"},"acf":[],"yoast_head":"<!-- This site is optimized with the Yoast SEO plugin v26.6 - https:\/\/yoast.com\/wordpress\/plugins\/seo\/ -->\n<title>RYA Powerboat Courses Level II, Official School - Yacht Point<\/title>\n<meta name=\"description\" content=\"The RYA Powerboat Level 2 course is a two-day course provides the skills and background knowledge needed to drive a powerboat. Visit us!\" \/>\n<meta name=\"robots\" content=\"index, follow, max-snippet:-1, max-image-preview:large, max-video-preview:-1\" \/>\n<link rel=\"canonical\" href=\"https:\/\/cursos.yachtpointbcn.com\/en\/curso\/powerboat-level-ii\/\" \/>\n<meta property=\"og:locale\" content=\"en_US\" \/>\n<meta property=\"og:type\" content=\"article\" \/>\n<meta property=\"og:title\" content=\"RYA Powerboat Courses Level II, Official School - Yacht Point\" \/>\n<meta property=\"og:description\" content=\"The RYA Powerboat Level 2 course is a two-day course provides the skills and background knowledge needed to drive a powerboat. Visit us!\" \/>\n<meta property=\"og:url\" content=\"https:\/\/cursos.yachtpointbcn.com\/en\/curso\/powerboat-level-ii\/\" \/>\n<meta property=\"og:site_name\" content=\"Cursos Yacht Point Bcn\" \/>\n<meta property=\"article:modified_time\" content=\"2026-04-10T15:36:35+00:00\" \/>\n<meta property=\"og:image\" content=\"https:\/\/cursos.yachtpointbcn.com\/wp-content\/uploads\/2018\/01\/YP-PB2-CamilaDC-66-scaled-e1652789833594.jpg\" \/>\n\t<meta property=\"og:image:width\" content=\"2560\" \/>\n\t<meta property=\"og:image:height\" content=\"1491\" \/>\n\t<meta property=\"og:image:type\" content=\"image\/jpeg\" \/>\n<meta name=\"twitter:card\" content=\"summary_large_image\" \/>\n<meta name=\"twitter:label1\" content=\"Est. reading time\" \/>\n\t<meta name=\"twitter:data1\" content=\"1 minute\" \/>\n<script type=\"application\/ld+json\" class=\"yoast-schema-graph\">{\"@context\":\"https:\/\/schema.org\",\"@graph\":[{\"@type\":\"WebPage\",\"@id\":\"https:\/\/cursos.yachtpointbcn.com\/en\/curso\/powerboat-level-ii\/\",\"url\":\"https:\/\/cursos.yachtpointbcn.com\/en\/curso\/powerboat-level-ii\/\",\"name\":\"RYA Powerboat Courses Level II, Official School - Yacht Point\",\"isPartOf\":{\"@id\":\"https:\/\/cursos.yachtpointbcn.com\/en\/#website\"},\"primaryImageOfPage\":{\"@id\":\"https:\/\/cursos.yachtpointbcn.com\/en\/curso\/powerboat-level-ii\/#primaryimage\"},\"image\":{\"@id\":\"https:\/\/cursos.yachtpointbcn.com\/en\/curso\/powerboat-level-ii\/#primaryimage\"},\"thumbnailUrl\":\"https:\/\/cursos.yachtpointbcn.com\/wp-content\/uploads\/2018\/01\/YP-PB2-CamilaDC-66-scaled-e1652789833594.jpg\",\"datePublished\":\"2018-01-03T08:59:58+00:00\",\"dateModified\":\"2026-04-10T15:36:35+00:00\",\"description\":\"The RYA Powerboat Level 2 course is a two-day course provides the skills and background knowledge needed to drive a powerboat. Visit us!\",\"breadcrumb\":{\"@id\":\"https:\/\/cursos.yachtpointbcn.com\/en\/curso\/powerboat-level-ii\/#breadcrumb\"},\"inLanguage\":\"en-US\",\"potentialAction\":[{\"@type\":\"ReadAction\",\"target\":[\"https:\/\/cursos.yachtpointbcn.com\/en\/curso\/powerboat-level-ii\/\"]}]},{\"@type\":\"ImageObject\",\"inLanguage\":\"en-US\",\"@id\":\"https:\/\/cursos.yachtpointbcn.com\/en\/curso\/powerboat-level-ii\/#primaryimage\",\"url\":\"https:\/\/cursos.yachtpointbcn.com\/wp-content\/uploads\/2018\/01\/YP-PB2-CamilaDC-66-scaled-e1652789833594.jpg\",\"contentUrl\":\"https:\/\/cursos.yachtpointbcn.com\/wp-content\/uploads\/2018\/01\/YP-PB2-CamilaDC-66-scaled-e1652789833594.jpg\",\"width\":2560,\"height\":1491},{\"@type\":\"BreadcrumbList\",\"@id\":\"https:\/\/cursos.yachtpointbcn.com\/en\/curso\/powerboat-level-ii\/#breadcrumb\",\"itemListElement\":[{\"@type\":\"ListItem\",\"position\":1,\"name\":\"Portada\",\"item\":\"https:\/\/cursos.yachtpointbcn.com\/en\/home\/\"},{\"@type\":\"ListItem\",\"position\":2,\"name\":\"Shop\",\"item\":\"https:\/\/cursos.yachtpointbcn.com\/en\/shop\/\"},{\"@type\":\"ListItem\",\"position\":3,\"name\":\"Powerboat Level II\"}]},{\"@type\":\"WebSite\",\"@id\":\"https:\/\/cursos.yachtpointbcn.com\/en\/#website\",\"url\":\"https:\/\/cursos.yachtpointbcn.com\/en\/\",\"name\":\"Cursos Yacht Point Bcn\",\"description\":\"T\u00edtulos N\u00e1uticos y Escuela de N\u00e1utica en Barcelona\",\"publisher\":{\"@id\":\"https:\/\/cursos.yachtpointbcn.com\/en\/#organization\"},\"potentialAction\":[{\"@type\":\"SearchAction\",\"target\":{\"@type\":\"EntryPoint\",\"urlTemplate\":\"https:\/\/cursos.yachtpointbcn.com\/en\/?s={search_term_string}\"},\"query-input\":{\"@type\":\"PropertyValueSpecification\",\"valueRequired\":true,\"valueName\":\"search_term_string\"}}],\"inLanguage\":\"en-US\"},{\"@type\":\"Organization\",\"@id\":\"https:\/\/cursos.yachtpointbcn.com\/en\/#organization\",\"name\":\"Yacht Point\",\"url\":\"https:\/\/cursos.yachtpointbcn.com\/en\/\",\"logo\":{\"@type\":\"ImageObject\",\"inLanguage\":\"en-US\",\"@id\":\"https:\/\/cursos.yachtpointbcn.com\/en\/#\/schema\/logo\/image\/\",\"url\":\"https:\/\/cursos.yachtpointbcn.com\/wp-content\/uploads\/2017\/10\/logo-yachtpoint.jpg\",\"contentUrl\":\"https:\/\/cursos.yachtpointbcn.com\/wp-content\/uploads\/2017\/10\/logo-yachtpoint.jpg\",\"width\":208,\"height\":87,\"caption\":\"Yacht Point\"},\"image\":{\"@id\":\"https:\/\/cursos.yachtpointbcn.com\/en\/#\/schema\/logo\/image\/\"}}]}<\/script>\n<!-- \/ Yoast SEO plugin. -->","yoast_head_json":{"title":"RYA Powerboat Courses Level II, Official School - Yacht Point","description":"The RYA Powerboat Level 2 course is a two-day course provides the skills and background knowledge needed to drive a powerboat. Visit us!","robots":{"index":"index","follow":"follow","max-snippet":"max-snippet:-1","max-image-preview":"max-image-preview:large","max-video-preview":"max-video-preview:-1"},"canonical":"https:\/\/cursos.yachtpointbcn.com\/en\/curso\/powerboat-level-ii\/","og_locale":"en_US","og_type":"article","og_title":"RYA Powerboat Courses Level II, Official School - Yacht Point","og_description":"The RYA Powerboat Level 2 course is a two-day course provides the skills and background knowledge needed to drive a powerboat. Visit us!","og_url":"https:\/\/cursos.yachtpointbcn.com\/en\/curso\/powerboat-level-ii\/","og_site_name":"Cursos Yacht Point Bcn","article_modified_time":"2026-04-10T15:36:35+00:00","og_image":[{"width":2560,"height":1491,"url":"https:\/\/cursos.yachtpointbcn.com\/wp-content\/uploads\/2018\/01\/YP-PB2-CamilaDC-66-scaled-e1652789833594.jpg","type":"image\/jpeg"}],"twitter_card":"summary_large_image","twitter_misc":{"Est. reading time":"1 minute"},"schema":{"@context":"https:\/\/schema.org","@graph":[{"@type":"WebPage","@id":"https:\/\/cursos.yachtpointbcn.com\/en\/curso\/powerboat-level-ii\/","url":"https:\/\/cursos.yachtpointbcn.com\/en\/curso\/powerboat-level-ii\/","name":"RYA Powerboat Courses Level II, Official School - Yacht Point","isPartOf":{"@id":"https:\/\/cursos.yachtpointbcn.com\/en\/#website"},"primaryImageOfPage":{"@id":"https:\/\/cursos.yachtpointbcn.com\/en\/curso\/powerboat-level-ii\/#primaryimage"},"image":{"@id":"https:\/\/cursos.yachtpointbcn.com\/en\/curso\/powerboat-level-ii\/#primaryimage"},"thumbnailUrl":"https:\/\/cursos.yachtpointbcn.com\/wp-content\/uploads\/2018\/01\/YP-PB2-CamilaDC-66-scaled-e1652789833594.jpg","datePublished":"2018-01-03T08:59:58+00:00","dateModified":"2026-04-10T15:36:35+00:00","description":"The RYA Powerboat Level 2 course is a two-day course provides the skills and background knowledge needed to drive a powerboat. Visit us!","breadcrumb":{"@id":"https:\/\/cursos.yachtpointbcn.com\/en\/curso\/powerboat-level-ii\/#breadcrumb"},"inLanguage":"en-US","potentialAction":[{"@type":"ReadAction","target":["https:\/\/cursos.yachtpointbcn.com\/en\/curso\/powerboat-level-ii\/"]}]},{"@type":"ImageObject","inLanguage":"en-US","@id":"https:\/\/cursos.yachtpointbcn.com\/en\/curso\/powerboat-level-ii\/#primaryimage","url":"https:\/\/cursos.yachtpointbcn.com\/wp-content\/uploads\/2018\/01\/YP-PB2-CamilaDC-66-scaled-e1652789833594.jpg","contentUrl":"https:\/\/cursos.yachtpointbcn.com\/wp-content\/uploads\/2018\/01\/YP-PB2-CamilaDC-66-scaled-e1652789833594.jpg","width":2560,"height":1491},{"@type":"BreadcrumbList","@id":"https:\/\/cursos.yachtpointbcn.com\/en\/curso\/powerboat-level-ii\/#breadcrumb","itemListElement":[{"@type":"ListItem","position":1,"name":"Portada","item":"https:\/\/cursos.yachtpointbcn.com\/en\/home\/"},{"@type":"ListItem","position":2,"name":"Shop","item":"https:\/\/cursos.yachtpointbcn.com\/en\/shop\/"},{"@type":"ListItem","position":3,"name":"Powerboat Level II"}]},{"@type":"WebSite","@id":"https:\/\/cursos.yachtpointbcn.com\/en\/#website","url":"https:\/\/cursos.yachtpointbcn.com\/en\/","name":"Cursos Yacht Point Bcn","description":"T\u00edtulos N\u00e1uticos y Escuela de N\u00e1utica en Barcelona","publisher":{"@id":"https:\/\/cursos.yachtpointbcn.com\/en\/#organization"},"potentialAction":[{"@type":"SearchAction","target":{"@type":"EntryPoint","urlTemplate":"https:\/\/cursos.yachtpointbcn.com\/en\/?s={search_term_string}"},"query-input":{"@type":"PropertyValueSpecification","valueRequired":true,"valueName":"search_term_string"}}],"inLanguage":"en-US"},{"@type":"Organization","@id":"https:\/\/cursos.yachtpointbcn.com\/en\/#organization","name":"Yacht Point","url":"https:\/\/cursos.yachtpointbcn.com\/en\/","logo":{"@type":"ImageObject","inLanguage":"en-US","@id":"https:\/\/cursos.yachtpointbcn.com\/en\/#\/schema\/logo\/image\/","url":"https:\/\/cursos.yachtpointbcn.com\/wp-content\/uploads\/2017\/10\/logo-yachtpoint.jpg","contentUrl":"https:\/\/cursos.yachtpointbcn.com\/wp-content\/uploads\/2017\/10\/logo-yachtpoint.jpg","width":208,"height":87,"caption":"Yacht Point"},"image":{"@id":"https:\/\/cursos.yachtpointbcn.com\/en\/#\/schema\/logo\/image\/"}}]}},"_links":{"self":[{"href":"https:\/\/cursos.yachtpointbcn.com\/en\/wp-json\/wp\/v2\/product\/1030","targetHints":{"allow":["GET"]}}],"collection":[{"href":"https:\/\/cursos.yachtpointbcn.com\/en\/wp-json\/wp\/v2\/product"}],"about":[{"href":"https:\/\/cursos.yachtpointbcn.com\/en\/wp-json\/wp\/v2\/types\/product"}],"wp:featuredmedia":[{"embeddable":true,"href":"https:\/\/cursos.yachtpointbcn.com\/en\/wp-json\/wp\/v2\/media\/7095"}],"wp:attachment":[{"href":"https:\/\/cursos.yachtpointbcn.com\/en\/wp-json\/wp\/v2\/media?parent=1030"}],"wp:term":[{"taxonomy":"product_brand","embeddable":true,"href":"https:\/\/cursos.yachtpointbcn.com\/en\/wp-json\/wp\/v2\/product_brand?post=1030"},{"taxonomy":"product_cat","embeddable":true,"href":"https:\/\/cursos.yachtpointbcn.com\/en\/wp-json\/wp\/v2\/product_cat?post=1030"},{"taxonomy":"product_tag","embeddable":true,"href":"https:\/\/cursos.yachtpointbcn.com\/en\/wp-json\/wp\/v2\/product_tag?post=1030"}],"curies":[{"name":"wp","href":"https:\/\/api.w.org\/{rel}","templated":true}]}}