{"id":1031,"date":"2018-01-03T08:55:06","date_gmt":"2018-01-03T08:55:06","guid":{"rendered":"https:\/\/cursos.yachtpointbcn.com\/curso\/yachtmaster-coastal-offshore-sail\/"},"modified":"2026-04-10T14:58:33","modified_gmt":"2026-04-10T14:58:33","slug":"yachtmaster-coastal-offshore-sail","status":"publish","type":"product","link":"https:\/\/cursos.yachtpointbcn.com\/en\/curso\/yachtmaster-coastal-offshore-sail\/","title":{"rendered":"Yachtmaster Coastal \/ Offshore (Sail)"},"content":{"rendered":"<p class=\"\" data-start=\"82\" data-end=\"274\">An <strong data-start=\"85\" data-end=\"140\">RYA Yachtmaster Coastal\/Offshore (Sail) certificate<\/strong> means the skipper is competent to skipper a vessel on passages up to 150 nautical miles from shore (20 nautical miles for Coastal).<\/p>\n<p>The Yachtmaster can be taken in either sail or power, with two different courses and exams.<\/p>\n<p>The <strong data-start=\"373\" data-end=\"405\">Yachtmaster Coastal\/Offshore<\/strong> is obtained through an exam that includes exercises, challenges, and tasks from any part of the syllabus to demonstrate the skills and safety of a skipper.<\/p>\n<p class=\"\" data-start=\"563\" data-end=\"635\">We will help you prepare, putting you in the best position for the exam.<\/p>\n","protected":false},"excerpt":{"rendered":"<p class=\"\" data-start=\"43\" data-end=\"65\"><strong data-start=\"43\" data-end=\"65\">Maximum 5 students<\/strong><\/p>\n<p class=\"\" data-start=\"67\" data-end=\"84\"><strong data-start=\"67\" data-end=\"84\">Not included:<\/strong><\/p>\n<ul>\n<li>Examiner expenses (200\u20ac)<\/li>\n<li>RYA fees<\/li>\n<\/ul>\n<p>If you wish to have a private cabin, there is an additional charge of 200\u20ac.<\/p>\n","protected":false},"featured_media":2870,"template":"","meta":{"_acf_changed":false,"om_disable_all_campaigns":false},"product_brand":[],"product_cat":[81],"product_tag":[],"class_list":{"0":"post-1031","1":"product","2":"type-product","3":"status-publish","4":"has-post-thumbnail","6":"product_cat-rya-school","7":"entry","8":"has-media","10":"first","11":"outofstock","12":"shipping-taxable","13":"purchasable","14":"product-type-variable"},"acf":[],"yoast_head":"<!-- This site is optimized with the Yoast SEO plugin v26.6 - https:\/\/yoast.com\/wordpress\/plugins\/seo\/ -->\n<title>Yachtmaster Coastal \/ Offshore (Sail). School RYA - Yacht Point<\/title>\n<meta name=\"description\" content=\"The Yachtmaster Coastal \/ Offshore (Sail) RYA course will allow you to be the best yacht captain. A course to enjoy and learn. Visit us!\" \/>\n<meta name=\"robots\" content=\"index, follow, max-snippet:-1, max-image-preview:large, max-video-preview:-1\" \/>\n<link rel=\"canonical\" href=\"https:\/\/cursos.yachtpointbcn.com\/en\/curso\/yachtmaster-coastal-offshore-sail\/\" \/>\n<meta property=\"og:locale\" content=\"en_US\" \/>\n<meta property=\"og:type\" content=\"article\" \/>\n<meta property=\"og:title\" content=\"Yachtmaster Coastal \/ Offshore (Sail). School RYA - Yacht Point\" \/>\n<meta property=\"og:description\" content=\"The Yachtmaster Coastal \/ Offshore (Sail) RYA course will allow you to be the best yacht captain. A course to enjoy and learn. Visit us!\" \/>\n<meta property=\"og:url\" content=\"https:\/\/cursos.yachtpointbcn.com\/en\/curso\/yachtmaster-coastal-offshore-sail\/\" \/>\n<meta property=\"og:site_name\" content=\"Cursos Yacht Point Bcn\" \/>\n<meta property=\"article:modified_time\" content=\"2026-04-10T14:58:33+00:00\" \/>\n<meta property=\"og:image\" content=\"https:\/\/cursos.yachtpointbcn.com\/wp-content\/uploads\/2018\/01\/2019-10-31_00056-1024x683.jpg\" \/>\n\t<meta property=\"og:image:width\" content=\"1024\" \/>\n\t<meta property=\"og:image:height\" content=\"683\" \/>\n\t<meta property=\"og:image:type\" content=\"image\/jpeg\" \/>\n<meta name=\"twitter:card\" content=\"summary_large_image\" \/>\n<meta name=\"twitter:label1\" content=\"Est. reading time\" \/>\n\t<meta name=\"twitter:data1\" content=\"1 minute\" \/>\n<script type=\"application\/ld+json\" class=\"yoast-schema-graph\">{\"@context\":\"https:\/\/schema.org\",\"@graph\":[{\"@type\":\"WebPage\",\"@id\":\"https:\/\/cursos.yachtpointbcn.com\/en\/curso\/yachtmaster-coastal-offshore-sail\/\",\"url\":\"https:\/\/cursos.yachtpointbcn.com\/en\/curso\/yachtmaster-coastal-offshore-sail\/\",\"name\":\"Yachtmaster Coastal \/ Offshore (Sail). School RYA - Yacht Point\",\"isPartOf\":{\"@id\":\"https:\/\/cursos.yachtpointbcn.com\/en\/#website\"},\"primaryImageOfPage\":{\"@id\":\"https:\/\/cursos.yachtpointbcn.com\/en\/curso\/yachtmaster-coastal-offshore-sail\/#primaryimage\"},\"image\":{\"@id\":\"https:\/\/cursos.yachtpointbcn.com\/en\/curso\/yachtmaster-coastal-offshore-sail\/#primaryimage\"},\"thumbnailUrl\":\"https:\/\/cursos.yachtpointbcn.com\/wp-content\/uploads\/2018\/01\/2019-10-31_00056.jpg\",\"datePublished\":\"2018-01-03T08:55:06+00:00\",\"dateModified\":\"2026-04-10T14:58:33+00:00\",\"description\":\"The Yachtmaster Coastal \/ Offshore (Sail) RYA course will allow you to be the best yacht captain. A course to enjoy and learn. Visit us!\",\"breadcrumb\":{\"@id\":\"https:\/\/cursos.yachtpointbcn.com\/en\/curso\/yachtmaster-coastal-offshore-sail\/#breadcrumb\"},\"inLanguage\":\"en-US\",\"potentialAction\":[{\"@type\":\"ReadAction\",\"target\":[\"https:\/\/cursos.yachtpointbcn.com\/en\/curso\/yachtmaster-coastal-offshore-sail\/\"]}]},{\"@type\":\"ImageObject\",\"inLanguage\":\"en-US\",\"@id\":\"https:\/\/cursos.yachtpointbcn.com\/en\/curso\/yachtmaster-coastal-offshore-sail\/#primaryimage\",\"url\":\"https:\/\/cursos.yachtpointbcn.com\/wp-content\/uploads\/2018\/01\/2019-10-31_00056.jpg\",\"contentUrl\":\"https:\/\/cursos.yachtpointbcn.com\/wp-content\/uploads\/2018\/01\/2019-10-31_00056.jpg\",\"width\":6517,\"height\":4345},{\"@type\":\"BreadcrumbList\",\"@id\":\"https:\/\/cursos.yachtpointbcn.com\/en\/curso\/yachtmaster-coastal-offshore-sail\/#breadcrumb\",\"itemListElement\":[{\"@type\":\"ListItem\",\"position\":1,\"name\":\"Portada\",\"item\":\"https:\/\/cursos.yachtpointbcn.com\/en\/home\/\"},{\"@type\":\"ListItem\",\"position\":2,\"name\":\"Shop\",\"item\":\"https:\/\/cursos.yachtpointbcn.com\/en\/shop\/\"},{\"@type\":\"ListItem\",\"position\":3,\"name\":\"Yachtmaster Coastal \/ Offshore (Sail)\"}]},{\"@type\":\"WebSite\",\"@id\":\"https:\/\/cursos.yachtpointbcn.com\/en\/#website\",\"url\":\"https:\/\/cursos.yachtpointbcn.com\/en\/\",\"name\":\"Cursos Yacht Point Bcn\",\"description\":\"T\u00edtulos N\u00e1uticos y Escuela de N\u00e1utica en Barcelona\",\"publisher\":{\"@id\":\"https:\/\/cursos.yachtpointbcn.com\/en\/#organization\"},\"potentialAction\":[{\"@type\":\"SearchAction\",\"target\":{\"@type\":\"EntryPoint\",\"urlTemplate\":\"https:\/\/cursos.yachtpointbcn.com\/en\/?s={search_term_string}\"},\"query-input\":{\"@type\":\"PropertyValueSpecification\",\"valueRequired\":true,\"valueName\":\"search_term_string\"}}],\"inLanguage\":\"en-US\"},{\"@type\":\"Organization\",\"@id\":\"https:\/\/cursos.yachtpointbcn.com\/en\/#organization\",\"name\":\"Yacht Point\",\"url\":\"https:\/\/cursos.yachtpointbcn.com\/en\/\",\"logo\":{\"@type\":\"ImageObject\",\"inLanguage\":\"en-US\",\"@id\":\"https:\/\/cursos.yachtpointbcn.com\/en\/#\/schema\/logo\/image\/\",\"url\":\"https:\/\/cursos.yachtpointbcn.com\/wp-content\/uploads\/2017\/10\/logo-yachtpoint.jpg\",\"contentUrl\":\"https:\/\/cursos.yachtpointbcn.com\/wp-content\/uploads\/2017\/10\/logo-yachtpoint.jpg\",\"width\":208,\"height\":87,\"caption\":\"Yacht Point\"},\"image\":{\"@id\":\"https:\/\/cursos.yachtpointbcn.com\/en\/#\/schema\/logo\/image\/\"}}]}<\/script>\n<!-- \/ Yoast SEO plugin. -->","yoast_head_json":{"title":"Yachtmaster Coastal \/ Offshore (Sail). School RYA - Yacht Point","description":"The Yachtmaster Coastal \/ Offshore (Sail) RYA course will allow you to be the best yacht captain. A course to enjoy and learn. Visit us!","robots":{"index":"index","follow":"follow","max-snippet":"max-snippet:-1","max-image-preview":"max-image-preview:large","max-video-preview":"max-video-preview:-1"},"canonical":"https:\/\/cursos.yachtpointbcn.com\/en\/curso\/yachtmaster-coastal-offshore-sail\/","og_locale":"en_US","og_type":"article","og_title":"Yachtmaster Coastal \/ Offshore (Sail). School RYA - Yacht Point","og_description":"The Yachtmaster Coastal \/ Offshore (Sail) RYA course will allow you to be the best yacht captain. A course to enjoy and learn. Visit us!","og_url":"https:\/\/cursos.yachtpointbcn.com\/en\/curso\/yachtmaster-coastal-offshore-sail\/","og_site_name":"Cursos Yacht Point Bcn","article_modified_time":"2026-04-10T14:58:33+00:00","og_image":[{"width":1024,"height":683,"url":"https:\/\/cursos.yachtpointbcn.com\/wp-content\/uploads\/2018\/01\/2019-10-31_00056-1024x683.jpg","type":"image\/jpeg"}],"twitter_card":"summary_large_image","twitter_misc":{"Est. reading time":"1 minute"},"schema":{"@context":"https:\/\/schema.org","@graph":[{"@type":"WebPage","@id":"https:\/\/cursos.yachtpointbcn.com\/en\/curso\/yachtmaster-coastal-offshore-sail\/","url":"https:\/\/cursos.yachtpointbcn.com\/en\/curso\/yachtmaster-coastal-offshore-sail\/","name":"Yachtmaster Coastal \/ Offshore (Sail). School RYA - Yacht Point","isPartOf":{"@id":"https:\/\/cursos.yachtpointbcn.com\/en\/#website"},"primaryImageOfPage":{"@id":"https:\/\/cursos.yachtpointbcn.com\/en\/curso\/yachtmaster-coastal-offshore-sail\/#primaryimage"},"image":{"@id":"https:\/\/cursos.yachtpointbcn.com\/en\/curso\/yachtmaster-coastal-offshore-sail\/#primaryimage"},"thumbnailUrl":"https:\/\/cursos.yachtpointbcn.com\/wp-content\/uploads\/2018\/01\/2019-10-31_00056.jpg","datePublished":"2018-01-03T08:55:06+00:00","dateModified":"2026-04-10T14:58:33+00:00","description":"The Yachtmaster Coastal \/ Offshore (Sail) RYA course will allow you to be the best yacht captain. A course to enjoy and learn. Visit us!","breadcrumb":{"@id":"https:\/\/cursos.yachtpointbcn.com\/en\/curso\/yachtmaster-coastal-offshore-sail\/#breadcrumb"},"inLanguage":"en-US","potentialAction":[{"@type":"ReadAction","target":["https:\/\/cursos.yachtpointbcn.com\/en\/curso\/yachtmaster-coastal-offshore-sail\/"]}]},{"@type":"ImageObject","inLanguage":"en-US","@id":"https:\/\/cursos.yachtpointbcn.com\/en\/curso\/yachtmaster-coastal-offshore-sail\/#primaryimage","url":"https:\/\/cursos.yachtpointbcn.com\/wp-content\/uploads\/2018\/01\/2019-10-31_00056.jpg","contentUrl":"https:\/\/cursos.yachtpointbcn.com\/wp-content\/uploads\/2018\/01\/2019-10-31_00056.jpg","width":6517,"height":4345},{"@type":"BreadcrumbList","@id":"https:\/\/cursos.yachtpointbcn.com\/en\/curso\/yachtmaster-coastal-offshore-sail\/#breadcrumb","itemListElement":[{"@type":"ListItem","position":1,"name":"Portada","item":"https:\/\/cursos.yachtpointbcn.com\/en\/home\/"},{"@type":"ListItem","position":2,"name":"Shop","item":"https:\/\/cursos.yachtpointbcn.com\/en\/shop\/"},{"@type":"ListItem","position":3,"name":"Yachtmaster Coastal \/ Offshore (Sail)"}]},{"@type":"WebSite","@id":"https:\/\/cursos.yachtpointbcn.com\/en\/#website","url":"https:\/\/cursos.yachtpointbcn.com\/en\/","name":"Cursos Yacht Point Bcn","description":"T\u00edtulos N\u00e1uticos y Escuela de N\u00e1utica en Barcelona","publisher":{"@id":"https:\/\/cursos.yachtpointbcn.com\/en\/#organization"},"potentialAction":[{"@type":"SearchAction","target":{"@type":"EntryPoint","urlTemplate":"https:\/\/cursos.yachtpointbcn.com\/en\/?s={search_term_string}"},"query-input":{"@type":"PropertyValueSpecification","valueRequired":true,"valueName":"search_term_string"}}],"inLanguage":"en-US"},{"@type":"Organization","@id":"https:\/\/cursos.yachtpointbcn.com\/en\/#organization","name":"Yacht Point","url":"https:\/\/cursos.yachtpointbcn.com\/en\/","logo":{"@type":"ImageObject","inLanguage":"en-US","@id":"https:\/\/cursos.yachtpointbcn.com\/en\/#\/schema\/logo\/image\/","url":"https:\/\/cursos.yachtpointbcn.com\/wp-content\/uploads\/2017\/10\/logo-yachtpoint.jpg","contentUrl":"https:\/\/cursos.yachtpointbcn.com\/wp-content\/uploads\/2017\/10\/logo-yachtpoint.jpg","width":208,"height":87,"caption":"Yacht Point"},"image":{"@id":"https:\/\/cursos.yachtpointbcn.com\/en\/#\/schema\/logo\/image\/"}}]}},"_links":{"self":[{"href":"https:\/\/cursos.yachtpointbcn.com\/en\/wp-json\/wp\/v2\/product\/1031","targetHints":{"allow":["GET"]}}],"collection":[{"href":"https:\/\/cursos.yachtpointbcn.com\/en\/wp-json\/wp\/v2\/product"}],"about":[{"href":"https:\/\/cursos.yachtpointbcn.com\/en\/wp-json\/wp\/v2\/types\/product"}],"wp:featuredmedia":[{"embeddable":true,"href":"https:\/\/cursos.yachtpointbcn.com\/en\/wp-json\/wp\/v2\/media\/2870"}],"wp:attachment":[{"href":"https:\/\/cursos.yachtpointbcn.com\/en\/wp-json\/wp\/v2\/media?parent=1031"}],"wp:term":[{"taxonomy":"product_brand","embeddable":true,"href":"https:\/\/cursos.yachtpointbcn.com\/en\/wp-json\/wp\/v2\/product_brand?post=1031"},{"taxonomy":"product_cat","embeddable":true,"href":"https:\/\/cursos.yachtpointbcn.com\/en\/wp-json\/wp\/v2\/product_cat?post=1031"},{"taxonomy":"product_tag","embeddable":true,"href":"https:\/\/cursos.yachtpointbcn.com\/en\/wp-json\/wp\/v2\/product_tag?post=1031"}],"curies":[{"name":"wp","href":"https:\/\/api.w.org\/{rel}","templated":true}]}}