{"id":1032,"date":"2018-01-03T08:50:21","date_gmt":"2018-01-03T08:50:21","guid":{"rendered":"https:\/\/cursos.yachtpointbcn.com\/curso\/coastal-skipper\/"},"modified":"2026-03-30T15:12:41","modified_gmt":"2026-03-30T15:12:41","slug":"coastal-skipper","status":"publish","type":"product","link":"https:\/\/cursos.yachtpointbcn.com\/en\/curso\/coastal-skipper\/","title":{"rendered":"Coastal Skipper"},"content":{"rendered":"<p class=\"\" data-start=\"77\" data-end=\"453\"><strong data-start=\"77\" data-end=\"156\">Advanced skippering techniques for sailors with solid navigation knowledge,<\/strong> aimed at those who want to skipper coastal passages by day and night. This course involves skippered passages in a variety of situations. Each exercise will challenge the skipper, covering passage planning, day and night navigation, boat control, safety, and how to react to emergencies.<\/p>\n<p data-start=\"77\" data-end=\"453\">The <strong>Coastal Skipper<\/strong> is the first step on the professional path, as it can be commercially endorsed by the RYA\/MCA.<\/p>\n<p class=\"\" data-start=\"455\" data-end=\"518\"><strong data-start=\"455\" data-end=\"468\">Duration:<\/strong> 5 days onboard and two nights in different ports.<\/p>\n<p>&nbsp;<\/p>\n","protected":false},"excerpt":{"rendered":"<p><span style=\"color: #0000ff;\">Only 4-5 students with one instructor during 5 days onboard.\u00a0<\/span><\/p>\n<p>To take part in this practical course, we recommend completing the <strong><a href=\"https:\/\/cursos.yachtpointbcn.com\/en\/curso\/rya-yachtmaster-theory-course\/\">RYA Yachtmaster Theory<\/a>\u00a0<\/strong>course beforehand. Please contact us before booking your place.<\/p>\n<ul>\n<li>RYA book<\/li>\n<li>RYA certificate<\/li>\n<li>Light lunch<\/li>\n<li>Insurance on board<\/li>\n<\/ul>\n<p>Not included:<\/p>\n<ul>\n<li>Other meals<\/li>\n<li>Mooring in other Marinas<\/li>\n<li>Private Cabin: +200\u20ac (optional)<\/li>\n<\/ul>\n<p><i>(The price of the course from June 20 to September 20 2025 will be 990\u20ac)<\/i><\/p>\n","protected":false},"featured_media":977,"template":"","meta":{"_acf_changed":false,"om_disable_all_campaigns":false},"product_brand":[],"product_cat":[1887],"product_tag":[],"class_list":{"0":"post-1032","1":"product","2":"type-product","3":"status-publish","4":"has-post-thumbnail","6":"product_cat-packs-rya-courses","7":"entry","8":"has-media","10":"first","11":"onbackorder","12":"shipping-taxable","13":"purchasable","14":"product-type-variable"},"acf":[],"yoast_head":"<!-- This site is optimized with the Yoast SEO plugin v26.6 - https:\/\/yoast.com\/wordpress\/plugins\/seo\/ -->\n<title>Coastal Skipper, Courses RYA- Yacht Point<\/title>\n<meta name=\"description\" content=\"The RYA, Coastal Skipper course is perfect for people with considerable knowledge of navigation. Obtain the certificate by the Royal Yachting Association\" \/>\n<meta name=\"robots\" content=\"index, follow, max-snippet:-1, max-image-preview:large, max-video-preview:-1\" \/>\n<link rel=\"canonical\" href=\"https:\/\/cursos.yachtpointbcn.com\/en\/curso\/coastal-skipper\/\" \/>\n<meta property=\"og:locale\" content=\"en_US\" \/>\n<meta property=\"og:type\" content=\"article\" \/>\n<meta property=\"og:title\" content=\"Coastal Skipper, Courses RYA- Yacht Point\" \/>\n<meta property=\"og:description\" content=\"The RYA, Coastal Skipper course is perfect for people with considerable knowledge of navigation. Obtain the certificate by the Royal Yachting Association\" \/>\n<meta property=\"og:url\" content=\"https:\/\/cursos.yachtpointbcn.com\/en\/curso\/coastal-skipper\/\" \/>\n<meta property=\"og:site_name\" content=\"Cursos Yacht Point Bcn\" \/>\n<meta property=\"article:modified_time\" content=\"2026-03-30T15:12:41+00:00\" \/>\n<meta property=\"og:image\" content=\"https:\/\/cursos.yachtpointbcn.com\/wp-content\/uploads\/2018\/01\/12-e1617114800182.jpg\" \/>\n\t<meta property=\"og:image:width\" content=\"2133\" \/>\n\t<meta property=\"og:image:height\" content=\"2136\" \/>\n\t<meta property=\"og:image:type\" content=\"image\/jpeg\" \/>\n<meta name=\"twitter:card\" content=\"summary_large_image\" \/>\n<meta name=\"twitter:label1\" content=\"Est. reading time\" \/>\n\t<meta name=\"twitter:data1\" content=\"1 minute\" \/>\n<script type=\"application\/ld+json\" class=\"yoast-schema-graph\">{\"@context\":\"https:\/\/schema.org\",\"@graph\":[{\"@type\":\"WebPage\",\"@id\":\"https:\/\/cursos.yachtpointbcn.com\/en\/curso\/coastal-skipper\/\",\"url\":\"https:\/\/cursos.yachtpointbcn.com\/en\/curso\/coastal-skipper\/\",\"name\":\"Coastal Skipper, Courses RYA- Yacht Point\",\"isPartOf\":{\"@id\":\"https:\/\/cursos.yachtpointbcn.com\/en\/#website\"},\"primaryImageOfPage\":{\"@id\":\"https:\/\/cursos.yachtpointbcn.com\/en\/curso\/coastal-skipper\/#primaryimage\"},\"image\":{\"@id\":\"https:\/\/cursos.yachtpointbcn.com\/en\/curso\/coastal-skipper\/#primaryimage\"},\"thumbnailUrl\":\"https:\/\/cursos.yachtpointbcn.com\/wp-content\/uploads\/2018\/01\/12-e1617114800182.jpg\",\"datePublished\":\"2018-01-03T08:50:21+00:00\",\"dateModified\":\"2026-03-30T15:12:41+00:00\",\"description\":\"The RYA, Coastal Skipper course is perfect for people with considerable knowledge of navigation. Obtain the certificate by the Royal Yachting Association\",\"breadcrumb\":{\"@id\":\"https:\/\/cursos.yachtpointbcn.com\/en\/curso\/coastal-skipper\/#breadcrumb\"},\"inLanguage\":\"en-US\",\"potentialAction\":[{\"@type\":\"ReadAction\",\"target\":[\"https:\/\/cursos.yachtpointbcn.com\/en\/curso\/coastal-skipper\/\"]}]},{\"@type\":\"ImageObject\",\"inLanguage\":\"en-US\",\"@id\":\"https:\/\/cursos.yachtpointbcn.com\/en\/curso\/coastal-skipper\/#primaryimage\",\"url\":\"https:\/\/cursos.yachtpointbcn.com\/wp-content\/uploads\/2018\/01\/12-e1617114800182.jpg\",\"contentUrl\":\"https:\/\/cursos.yachtpointbcn.com\/wp-content\/uploads\/2018\/01\/12-e1617114800182.jpg\",\"width\":2133,\"height\":2136},{\"@type\":\"BreadcrumbList\",\"@id\":\"https:\/\/cursos.yachtpointbcn.com\/en\/curso\/coastal-skipper\/#breadcrumb\",\"itemListElement\":[{\"@type\":\"ListItem\",\"position\":1,\"name\":\"Portada\",\"item\":\"https:\/\/cursos.yachtpointbcn.com\/en\/home\/\"},{\"@type\":\"ListItem\",\"position\":2,\"name\":\"Shop\",\"item\":\"https:\/\/cursos.yachtpointbcn.com\/en\/shop\/\"},{\"@type\":\"ListItem\",\"position\":3,\"name\":\"Coastal Skipper\"}]},{\"@type\":\"WebSite\",\"@id\":\"https:\/\/cursos.yachtpointbcn.com\/en\/#website\",\"url\":\"https:\/\/cursos.yachtpointbcn.com\/en\/\",\"name\":\"Cursos Yacht Point Bcn\",\"description\":\"T\u00edtulos N\u00e1uticos y Escuela de N\u00e1utica en Barcelona\",\"publisher\":{\"@id\":\"https:\/\/cursos.yachtpointbcn.com\/en\/#organization\"},\"potentialAction\":[{\"@type\":\"SearchAction\",\"target\":{\"@type\":\"EntryPoint\",\"urlTemplate\":\"https:\/\/cursos.yachtpointbcn.com\/en\/?s={search_term_string}\"},\"query-input\":{\"@type\":\"PropertyValueSpecification\",\"valueRequired\":true,\"valueName\":\"search_term_string\"}}],\"inLanguage\":\"en-US\"},{\"@type\":\"Organization\",\"@id\":\"https:\/\/cursos.yachtpointbcn.com\/en\/#organization\",\"name\":\"Yacht Point\",\"url\":\"https:\/\/cursos.yachtpointbcn.com\/en\/\",\"logo\":{\"@type\":\"ImageObject\",\"inLanguage\":\"en-US\",\"@id\":\"https:\/\/cursos.yachtpointbcn.com\/en\/#\/schema\/logo\/image\/\",\"url\":\"https:\/\/cursos.yachtpointbcn.com\/wp-content\/uploads\/2017\/10\/logo-yachtpoint.jpg\",\"contentUrl\":\"https:\/\/cursos.yachtpointbcn.com\/wp-content\/uploads\/2017\/10\/logo-yachtpoint.jpg\",\"width\":208,\"height\":87,\"caption\":\"Yacht Point\"},\"image\":{\"@id\":\"https:\/\/cursos.yachtpointbcn.com\/en\/#\/schema\/logo\/image\/\"}}]}<\/script>\n<!-- \/ Yoast SEO plugin. -->","yoast_head_json":{"title":"Coastal Skipper, Courses RYA- Yacht Point","description":"The RYA, Coastal Skipper course is perfect for people with considerable knowledge of navigation. Obtain the certificate by the Royal Yachting Association","robots":{"index":"index","follow":"follow","max-snippet":"max-snippet:-1","max-image-preview":"max-image-preview:large","max-video-preview":"max-video-preview:-1"},"canonical":"https:\/\/cursos.yachtpointbcn.com\/en\/curso\/coastal-skipper\/","og_locale":"en_US","og_type":"article","og_title":"Coastal Skipper, Courses RYA- Yacht Point","og_description":"The RYA, Coastal Skipper course is perfect for people with considerable knowledge of navigation. Obtain the certificate by the Royal Yachting Association","og_url":"https:\/\/cursos.yachtpointbcn.com\/en\/curso\/coastal-skipper\/","og_site_name":"Cursos Yacht Point Bcn","article_modified_time":"2026-03-30T15:12:41+00:00","og_image":[{"width":2133,"height":2136,"url":"https:\/\/cursos.yachtpointbcn.com\/wp-content\/uploads\/2018\/01\/12-e1617114800182.jpg","type":"image\/jpeg"}],"twitter_card":"summary_large_image","twitter_misc":{"Est. reading time":"1 minute"},"schema":{"@context":"https:\/\/schema.org","@graph":[{"@type":"WebPage","@id":"https:\/\/cursos.yachtpointbcn.com\/en\/curso\/coastal-skipper\/","url":"https:\/\/cursos.yachtpointbcn.com\/en\/curso\/coastal-skipper\/","name":"Coastal Skipper, Courses RYA- Yacht Point","isPartOf":{"@id":"https:\/\/cursos.yachtpointbcn.com\/en\/#website"},"primaryImageOfPage":{"@id":"https:\/\/cursos.yachtpointbcn.com\/en\/curso\/coastal-skipper\/#primaryimage"},"image":{"@id":"https:\/\/cursos.yachtpointbcn.com\/en\/curso\/coastal-skipper\/#primaryimage"},"thumbnailUrl":"https:\/\/cursos.yachtpointbcn.com\/wp-content\/uploads\/2018\/01\/12-e1617114800182.jpg","datePublished":"2018-01-03T08:50:21+00:00","dateModified":"2026-03-30T15:12:41+00:00","description":"The RYA, Coastal Skipper course is perfect for people with considerable knowledge of navigation. Obtain the certificate by the Royal Yachting Association","breadcrumb":{"@id":"https:\/\/cursos.yachtpointbcn.com\/en\/curso\/coastal-skipper\/#breadcrumb"},"inLanguage":"en-US","potentialAction":[{"@type":"ReadAction","target":["https:\/\/cursos.yachtpointbcn.com\/en\/curso\/coastal-skipper\/"]}]},{"@type":"ImageObject","inLanguage":"en-US","@id":"https:\/\/cursos.yachtpointbcn.com\/en\/curso\/coastal-skipper\/#primaryimage","url":"https:\/\/cursos.yachtpointbcn.com\/wp-content\/uploads\/2018\/01\/12-e1617114800182.jpg","contentUrl":"https:\/\/cursos.yachtpointbcn.com\/wp-content\/uploads\/2018\/01\/12-e1617114800182.jpg","width":2133,"height":2136},{"@type":"BreadcrumbList","@id":"https:\/\/cursos.yachtpointbcn.com\/en\/curso\/coastal-skipper\/#breadcrumb","itemListElement":[{"@type":"ListItem","position":1,"name":"Portada","item":"https:\/\/cursos.yachtpointbcn.com\/en\/home\/"},{"@type":"ListItem","position":2,"name":"Shop","item":"https:\/\/cursos.yachtpointbcn.com\/en\/shop\/"},{"@type":"ListItem","position":3,"name":"Coastal Skipper"}]},{"@type":"WebSite","@id":"https:\/\/cursos.yachtpointbcn.com\/en\/#website","url":"https:\/\/cursos.yachtpointbcn.com\/en\/","name":"Cursos Yacht Point Bcn","description":"T\u00edtulos N\u00e1uticos y Escuela de N\u00e1utica en Barcelona","publisher":{"@id":"https:\/\/cursos.yachtpointbcn.com\/en\/#organization"},"potentialAction":[{"@type":"SearchAction","target":{"@type":"EntryPoint","urlTemplate":"https:\/\/cursos.yachtpointbcn.com\/en\/?s={search_term_string}"},"query-input":{"@type":"PropertyValueSpecification","valueRequired":true,"valueName":"search_term_string"}}],"inLanguage":"en-US"},{"@type":"Organization","@id":"https:\/\/cursos.yachtpointbcn.com\/en\/#organization","name":"Yacht Point","url":"https:\/\/cursos.yachtpointbcn.com\/en\/","logo":{"@type":"ImageObject","inLanguage":"en-US","@id":"https:\/\/cursos.yachtpointbcn.com\/en\/#\/schema\/logo\/image\/","url":"https:\/\/cursos.yachtpointbcn.com\/wp-content\/uploads\/2017\/10\/logo-yachtpoint.jpg","contentUrl":"https:\/\/cursos.yachtpointbcn.com\/wp-content\/uploads\/2017\/10\/logo-yachtpoint.jpg","width":208,"height":87,"caption":"Yacht Point"},"image":{"@id":"https:\/\/cursos.yachtpointbcn.com\/en\/#\/schema\/logo\/image\/"}}]}},"_links":{"self":[{"href":"https:\/\/cursos.yachtpointbcn.com\/en\/wp-json\/wp\/v2\/product\/1032","targetHints":{"allow":["GET"]}}],"collection":[{"href":"https:\/\/cursos.yachtpointbcn.com\/en\/wp-json\/wp\/v2\/product"}],"about":[{"href":"https:\/\/cursos.yachtpointbcn.com\/en\/wp-json\/wp\/v2\/types\/product"}],"wp:featuredmedia":[{"embeddable":true,"href":"https:\/\/cursos.yachtpointbcn.com\/en\/wp-json\/wp\/v2\/media\/977"}],"wp:attachment":[{"href":"https:\/\/cursos.yachtpointbcn.com\/en\/wp-json\/wp\/v2\/media?parent=1032"}],"wp:term":[{"taxonomy":"product_brand","embeddable":true,"href":"https:\/\/cursos.yachtpointbcn.com\/en\/wp-json\/wp\/v2\/product_brand?post=1032"},{"taxonomy":"product_cat","embeddable":true,"href":"https:\/\/cursos.yachtpointbcn.com\/en\/wp-json\/wp\/v2\/product_cat?post=1032"},{"taxonomy":"product_tag","embeddable":true,"href":"https:\/\/cursos.yachtpointbcn.com\/en\/wp-json\/wp\/v2\/product_tag?post=1032"}],"curies":[{"name":"wp","href":"https:\/\/api.w.org\/{rel}","templated":true}]}}