{"id":1039,"date":"2018-01-03T08:23:19","date_gmt":"2018-01-03T08:23:19","guid":{"rendered":"https:\/\/cursos.yachtpointbcn.com\/curso\/rya-yachtmaster-ocean-theory-course\/"},"modified":"2025-10-07T10:30:51","modified_gmt":"2025-10-07T10:30:51","slug":"rya-yachtmaster-ocean-theory-course","status":"publish","type":"product","link":"https:\/\/cursos.yachtpointbcn.com\/en\/curso\/rya-yachtmaster-ocean-theory-course\/","title":{"rendered":"RYA Yachtmaster Ocean Theory Online"},"content":{"rendered":"<p>You will learn how to find your position by the moon, stars and planets. The course covers weather, passage planning, watchkeeping and much more. The course is fully animated and when you answer a question you will get immediate feedback.<\/p>\n<p>After 6 months the course will expire.<\/p>\n<p>&nbsp;<\/p>\n<p>&nbsp;<\/p>\n","protected":false},"excerpt":{"rendered":"<p><!--To embed the form into your site:--><\/p>\n<div class=\"cognito\"><script src=\"\/\/services.cognitoforms.com\/s\/_v3XYwZuhEKPV1A7BmeoSw\"><\/script><br \/>\n<script>Cognito.load(\"forms\", { id: \"184\", entry: { \n\"School\": \"YP\", \n\"Domain\": \"yachtpointbcn\", \n\"URL\": \"https:\/\/yachtpointbcn.skippersonline.net\", \n\"SchoolName\":\"Yacht Point\", \n\"SchoolEmail\":\"mcarme@yachtpointbcn.com\"\n}})<\/script><\/div>\n<p><!--end--><\/p>\n","protected":false},"featured_media":2431,"template":"","meta":{"_acf_changed":false,"om_disable_all_campaigns":false},"product_brand":[],"product_cat":[84,81],"product_tag":[],"class_list":{"0":"post-1039","1":"product","2":"type-product","3":"status-publish","4":"has-post-thumbnail","6":"product_cat-courses-online-rya","7":"product_cat-rya-school","8":"entry","9":"has-media","11":"first","12":"instock","13":"virtual","14":"product-type-simple"},"acf":[],"yoast_head":"<!-- This site is optimized with the Yoast SEO plugin v26.6 - https:\/\/yoast.com\/wordpress\/plugins\/seo\/ -->\n<title>RYA Yachtmaster Ocean Theory Online - Yacht Point<\/title>\n<meta name=\"description\" content=\"RYA Yachtmaster Ocean is the minimum qualification if you want to operate with marine VHF radio equipment. Enter now and find out!\" \/>\n<meta name=\"robots\" content=\"index, follow, max-snippet:-1, max-image-preview:large, max-video-preview:-1\" \/>\n<link rel=\"canonical\" href=\"https:\/\/cursos.yachtpointbcn.com\/en\/curso\/rya-yachtmaster-ocean-theory-course\/\" \/>\n<meta property=\"og:locale\" content=\"en_US\" \/>\n<meta property=\"og:type\" content=\"article\" \/>\n<meta property=\"og:title\" content=\"RYA Yachtmaster Ocean Theory Online - Yacht Point\" \/>\n<meta property=\"og:description\" content=\"RYA Yachtmaster Ocean is the minimum qualification if you want to operate with marine VHF radio equipment. Enter now and find out!\" \/>\n<meta property=\"og:url\" content=\"https:\/\/cursos.yachtpointbcn.com\/en\/curso\/rya-yachtmaster-ocean-theory-course\/\" \/>\n<meta property=\"og:site_name\" content=\"Cursos Yacht Point Bcn\" \/>\n<meta property=\"article:modified_time\" content=\"2025-10-07T10:30:51+00:00\" \/>\n<meta property=\"og:image\" content=\"https:\/\/cursos.yachtpointbcn.com\/wp-content\/uploads\/2018\/01\/YACHTMASTER-OCEAN-2-e1616517715712.jpeg\" \/>\n\t<meta property=\"og:image:width\" content=\"1336\" \/>\n\t<meta property=\"og:image:height\" content=\"1336\" \/>\n\t<meta property=\"og:image:type\" content=\"image\/jpeg\" \/>\n<meta name=\"twitter:card\" content=\"summary_large_image\" \/>\n<meta name=\"twitter:label1\" content=\"Est. reading time\" \/>\n\t<meta name=\"twitter:data1\" content=\"1 minute\" \/>\n<script type=\"application\/ld+json\" class=\"yoast-schema-graph\">{\"@context\":\"https:\/\/schema.org\",\"@graph\":[{\"@type\":\"WebPage\",\"@id\":\"https:\/\/cursos.yachtpointbcn.com\/en\/curso\/rya-yachtmaster-ocean-theory-course\/\",\"url\":\"https:\/\/cursos.yachtpointbcn.com\/en\/curso\/rya-yachtmaster-ocean-theory-course\/\",\"name\":\"RYA Yachtmaster Ocean Theory Online - Yacht Point\",\"isPartOf\":{\"@id\":\"https:\/\/cursos.yachtpointbcn.com\/en\/#website\"},\"primaryImageOfPage\":{\"@id\":\"https:\/\/cursos.yachtpointbcn.com\/en\/curso\/rya-yachtmaster-ocean-theory-course\/#primaryimage\"},\"image\":{\"@id\":\"https:\/\/cursos.yachtpointbcn.com\/en\/curso\/rya-yachtmaster-ocean-theory-course\/#primaryimage\"},\"thumbnailUrl\":\"https:\/\/cursos.yachtpointbcn.com\/wp-content\/uploads\/2018\/01\/YACHTMASTER-OCEAN-2-e1616517715712.jpeg\",\"datePublished\":\"2018-01-03T08:23:19+00:00\",\"dateModified\":\"2025-10-07T10:30:51+00:00\",\"description\":\"RYA Yachtmaster Ocean is the minimum qualification if you want to operate with marine VHF radio equipment. Enter now and find out!\",\"breadcrumb\":{\"@id\":\"https:\/\/cursos.yachtpointbcn.com\/en\/curso\/rya-yachtmaster-ocean-theory-course\/#breadcrumb\"},\"inLanguage\":\"en-US\",\"potentialAction\":[{\"@type\":\"ReadAction\",\"target\":[\"https:\/\/cursos.yachtpointbcn.com\/en\/curso\/rya-yachtmaster-ocean-theory-course\/\"]}]},{\"@type\":\"ImageObject\",\"inLanguage\":\"en-US\",\"@id\":\"https:\/\/cursos.yachtpointbcn.com\/en\/curso\/rya-yachtmaster-ocean-theory-course\/#primaryimage\",\"url\":\"https:\/\/cursos.yachtpointbcn.com\/wp-content\/uploads\/2018\/01\/YACHTMASTER-OCEAN-2-e1616517715712.jpeg\",\"contentUrl\":\"https:\/\/cursos.yachtpointbcn.com\/wp-content\/uploads\/2018\/01\/YACHTMASTER-OCEAN-2-e1616517715712.jpeg\",\"width\":1336,\"height\":1336},{\"@type\":\"BreadcrumbList\",\"@id\":\"https:\/\/cursos.yachtpointbcn.com\/en\/curso\/rya-yachtmaster-ocean-theory-course\/#breadcrumb\",\"itemListElement\":[{\"@type\":\"ListItem\",\"position\":1,\"name\":\"Portada\",\"item\":\"https:\/\/cursos.yachtpointbcn.com\/en\/home\/\"},{\"@type\":\"ListItem\",\"position\":2,\"name\":\"Shop\",\"item\":\"https:\/\/cursos.yachtpointbcn.com\/en\/shop\/\"},{\"@type\":\"ListItem\",\"position\":3,\"name\":\"RYA Yachtmaster Ocean Theory Online\"}]},{\"@type\":\"WebSite\",\"@id\":\"https:\/\/cursos.yachtpointbcn.com\/en\/#website\",\"url\":\"https:\/\/cursos.yachtpointbcn.com\/en\/\",\"name\":\"Cursos Yacht Point Bcn\",\"description\":\"T\u00edtulos N\u00e1uticos y Escuela de N\u00e1utica en Barcelona\",\"publisher\":{\"@id\":\"https:\/\/cursos.yachtpointbcn.com\/en\/#organization\"},\"potentialAction\":[{\"@type\":\"SearchAction\",\"target\":{\"@type\":\"EntryPoint\",\"urlTemplate\":\"https:\/\/cursos.yachtpointbcn.com\/en\/?s={search_term_string}\"},\"query-input\":{\"@type\":\"PropertyValueSpecification\",\"valueRequired\":true,\"valueName\":\"search_term_string\"}}],\"inLanguage\":\"en-US\"},{\"@type\":\"Organization\",\"@id\":\"https:\/\/cursos.yachtpointbcn.com\/en\/#organization\",\"name\":\"Yacht Point\",\"url\":\"https:\/\/cursos.yachtpointbcn.com\/en\/\",\"logo\":{\"@type\":\"ImageObject\",\"inLanguage\":\"en-US\",\"@id\":\"https:\/\/cursos.yachtpointbcn.com\/en\/#\/schema\/logo\/image\/\",\"url\":\"https:\/\/cursos.yachtpointbcn.com\/wp-content\/uploads\/2017\/10\/logo-yachtpoint.jpg\",\"contentUrl\":\"https:\/\/cursos.yachtpointbcn.com\/wp-content\/uploads\/2017\/10\/logo-yachtpoint.jpg\",\"width\":208,\"height\":87,\"caption\":\"Yacht Point\"},\"image\":{\"@id\":\"https:\/\/cursos.yachtpointbcn.com\/en\/#\/schema\/logo\/image\/\"}}]}<\/script>\n<!-- \/ Yoast SEO plugin. -->","yoast_head_json":{"title":"RYA Yachtmaster Ocean Theory Online - Yacht Point","description":"RYA Yachtmaster Ocean is the minimum qualification if you want to operate with marine VHF radio equipment. Enter now and find out!","robots":{"index":"index","follow":"follow","max-snippet":"max-snippet:-1","max-image-preview":"max-image-preview:large","max-video-preview":"max-video-preview:-1"},"canonical":"https:\/\/cursos.yachtpointbcn.com\/en\/curso\/rya-yachtmaster-ocean-theory-course\/","og_locale":"en_US","og_type":"article","og_title":"RYA Yachtmaster Ocean Theory Online - Yacht Point","og_description":"RYA Yachtmaster Ocean is the minimum qualification if you want to operate with marine VHF radio equipment. Enter now and find out!","og_url":"https:\/\/cursos.yachtpointbcn.com\/en\/curso\/rya-yachtmaster-ocean-theory-course\/","og_site_name":"Cursos Yacht Point Bcn","article_modified_time":"2025-10-07T10:30:51+00:00","og_image":[{"width":1336,"height":1336,"url":"https:\/\/cursos.yachtpointbcn.com\/wp-content\/uploads\/2018\/01\/YACHTMASTER-OCEAN-2-e1616517715712.jpeg","type":"image\/jpeg"}],"twitter_card":"summary_large_image","twitter_misc":{"Est. reading time":"1 minute"},"schema":{"@context":"https:\/\/schema.org","@graph":[{"@type":"WebPage","@id":"https:\/\/cursos.yachtpointbcn.com\/en\/curso\/rya-yachtmaster-ocean-theory-course\/","url":"https:\/\/cursos.yachtpointbcn.com\/en\/curso\/rya-yachtmaster-ocean-theory-course\/","name":"RYA Yachtmaster Ocean Theory Online - Yacht Point","isPartOf":{"@id":"https:\/\/cursos.yachtpointbcn.com\/en\/#website"},"primaryImageOfPage":{"@id":"https:\/\/cursos.yachtpointbcn.com\/en\/curso\/rya-yachtmaster-ocean-theory-course\/#primaryimage"},"image":{"@id":"https:\/\/cursos.yachtpointbcn.com\/en\/curso\/rya-yachtmaster-ocean-theory-course\/#primaryimage"},"thumbnailUrl":"https:\/\/cursos.yachtpointbcn.com\/wp-content\/uploads\/2018\/01\/YACHTMASTER-OCEAN-2-e1616517715712.jpeg","datePublished":"2018-01-03T08:23:19+00:00","dateModified":"2025-10-07T10:30:51+00:00","description":"RYA Yachtmaster Ocean is the minimum qualification if you want to operate with marine VHF radio equipment. Enter now and find out!","breadcrumb":{"@id":"https:\/\/cursos.yachtpointbcn.com\/en\/curso\/rya-yachtmaster-ocean-theory-course\/#breadcrumb"},"inLanguage":"en-US","potentialAction":[{"@type":"ReadAction","target":["https:\/\/cursos.yachtpointbcn.com\/en\/curso\/rya-yachtmaster-ocean-theory-course\/"]}]},{"@type":"ImageObject","inLanguage":"en-US","@id":"https:\/\/cursos.yachtpointbcn.com\/en\/curso\/rya-yachtmaster-ocean-theory-course\/#primaryimage","url":"https:\/\/cursos.yachtpointbcn.com\/wp-content\/uploads\/2018\/01\/YACHTMASTER-OCEAN-2-e1616517715712.jpeg","contentUrl":"https:\/\/cursos.yachtpointbcn.com\/wp-content\/uploads\/2018\/01\/YACHTMASTER-OCEAN-2-e1616517715712.jpeg","width":1336,"height":1336},{"@type":"BreadcrumbList","@id":"https:\/\/cursos.yachtpointbcn.com\/en\/curso\/rya-yachtmaster-ocean-theory-course\/#breadcrumb","itemListElement":[{"@type":"ListItem","position":1,"name":"Portada","item":"https:\/\/cursos.yachtpointbcn.com\/en\/home\/"},{"@type":"ListItem","position":2,"name":"Shop","item":"https:\/\/cursos.yachtpointbcn.com\/en\/shop\/"},{"@type":"ListItem","position":3,"name":"RYA Yachtmaster Ocean Theory Online"}]},{"@type":"WebSite","@id":"https:\/\/cursos.yachtpointbcn.com\/en\/#website","url":"https:\/\/cursos.yachtpointbcn.com\/en\/","name":"Cursos Yacht Point Bcn","description":"T\u00edtulos N\u00e1uticos y Escuela de N\u00e1utica en Barcelona","publisher":{"@id":"https:\/\/cursos.yachtpointbcn.com\/en\/#organization"},"potentialAction":[{"@type":"SearchAction","target":{"@type":"EntryPoint","urlTemplate":"https:\/\/cursos.yachtpointbcn.com\/en\/?s={search_term_string}"},"query-input":{"@type":"PropertyValueSpecification","valueRequired":true,"valueName":"search_term_string"}}],"inLanguage":"en-US"},{"@type":"Organization","@id":"https:\/\/cursos.yachtpointbcn.com\/en\/#organization","name":"Yacht Point","url":"https:\/\/cursos.yachtpointbcn.com\/en\/","logo":{"@type":"ImageObject","inLanguage":"en-US","@id":"https:\/\/cursos.yachtpointbcn.com\/en\/#\/schema\/logo\/image\/","url":"https:\/\/cursos.yachtpointbcn.com\/wp-content\/uploads\/2017\/10\/logo-yachtpoint.jpg","contentUrl":"https:\/\/cursos.yachtpointbcn.com\/wp-content\/uploads\/2017\/10\/logo-yachtpoint.jpg","width":208,"height":87,"caption":"Yacht Point"},"image":{"@id":"https:\/\/cursos.yachtpointbcn.com\/en\/#\/schema\/logo\/image\/"}}]}},"_links":{"self":[{"href":"https:\/\/cursos.yachtpointbcn.com\/en\/wp-json\/wp\/v2\/product\/1039","targetHints":{"allow":["GET"]}}],"collection":[{"href":"https:\/\/cursos.yachtpointbcn.com\/en\/wp-json\/wp\/v2\/product"}],"about":[{"href":"https:\/\/cursos.yachtpointbcn.com\/en\/wp-json\/wp\/v2\/types\/product"}],"wp:featuredmedia":[{"embeddable":true,"href":"https:\/\/cursos.yachtpointbcn.com\/en\/wp-json\/wp\/v2\/media\/2431"}],"wp:attachment":[{"href":"https:\/\/cursos.yachtpointbcn.com\/en\/wp-json\/wp\/v2\/media?parent=1039"}],"wp:term":[{"taxonomy":"product_brand","embeddable":true,"href":"https:\/\/cursos.yachtpointbcn.com\/en\/wp-json\/wp\/v2\/product_brand?post=1039"},{"taxonomy":"product_cat","embeddable":true,"href":"https:\/\/cursos.yachtpointbcn.com\/en\/wp-json\/wp\/v2\/product_cat?post=1039"},{"taxonomy":"product_tag","embeddable":true,"href":"https:\/\/cursos.yachtpointbcn.com\/en\/wp-json\/wp\/v2\/product_tag?post=1039"}],"curies":[{"name":"wp","href":"https:\/\/api.w.org\/{rel}","templated":true}]}}