{"id":1040,"date":"2018-01-03T08:18:47","date_gmt":"2018-01-03T08:18:47","guid":{"rendered":"https:\/\/cursos.yachtpointbcn.com\/curso\/yachtmaster-theory-course-online\/"},"modified":"2025-06-12T12:41:24","modified_gmt":"2025-06-12T12:41:24","slug":"yachtmaster-theory-course-online","status":"publish","type":"product","link":"https:\/\/cursos.yachtpointbcn.com\/en\/curso\/yachtmaster-theory-course-online\/","title":{"rendered":"Yachtmaster Theory  Online"},"content":{"rendered":"<p>The next step for Day Skipper who wish to gain their Coastal or Yachtmaster Offshore.<\/p>\n<p><strong>Previous experience: it is <span style=\"text-decoration: underline;\">compulsory<\/span> to have the <span style=\"text-decoration: underline;\">Day Skipper level theory.\u00a0<\/span>\u00a0<\/strong><\/p>\n<p>Advanced theory training for more experienced skippers who want to level up their yachting career. It includes an essential exam in obtaining the RYA\/MCA Yachtmaster 200gt.<\/p>\n<p>Necessary knowledge to navigate safely on coastal and offshore passages. Revision of the basics and progress to advanced navigation techniques up to the standard required for Yachtmaster Coastal\/Offshore practical exams.<\/p>\n<p><strong>Duration:<br \/>\n<\/strong>The course can be completed in 60 hours.<\/p>\n<p>After 6 months, the course will expire.<\/p>\n<p>&nbsp;<\/p>\n<p>&nbsp;<\/p>\n","protected":false},"excerpt":{"rendered":"<p><!--To embed the form into your site:--><\/p>\n<div class=\"cognito\"><script src=\"\/\/services.cognitoforms.com\/s\/_v3XYwZuhEKPV1A7BmeoSw\"><\/script><br \/>\n<script>Cognito.load(\"forms\", { id: \"184\", entry: { \n\"School\": \"YP\", \n\"Domain\": \"yachtpointbcn\", \n\"URL\": \"https:\/\/yachtpointbcn.skippersonline.net\", \n\"SchoolName\":\"Yacht Point\", \n\"SchoolEmail\":\"mcarme@yachtpointbcn.com\"\n}})<\/script><\/div>\n<p><!--end--><\/p>\n","protected":false},"featured_media":2424,"template":"","meta":{"_acf_changed":false,"om_disable_all_campaigns":false},"product_brand":[],"product_cat":[84,81],"product_tag":[],"class_list":{"0":"post-1040","1":"product","2":"type-product","3":"status-publish","4":"has-post-thumbnail","6":"product_cat-courses-online-rya","7":"product_cat-rya-school","8":"entry","9":"has-media","11":"first","12":"instock","13":"virtual","14":"product-type-simple"},"acf":[],"yoast_head":"<!-- This site is optimized with the Yoast SEO plugin v26.6 - https:\/\/yoast.com\/wordpress\/plugins\/seo\/ -->\n<title>RYA Yachtmaster Theory Course Online - Yacht Point<\/title>\n<meta name=\"description\" content=\"Study with the Yacht Point Nautical School the Yachtmaster Theory Course Online. We are RYA center and you will learn with the best. Visit us!\" \/>\n<meta name=\"robots\" content=\"index, follow, max-snippet:-1, max-image-preview:large, max-video-preview:-1\" \/>\n<link rel=\"canonical\" href=\"https:\/\/cursos.yachtpointbcn.com\/en\/curso\/yachtmaster-theory-course-online\/\" \/>\n<meta property=\"og:locale\" content=\"en_US\" \/>\n<meta property=\"og:type\" content=\"article\" \/>\n<meta property=\"og:title\" content=\"RYA Yachtmaster Theory Course Online - Yacht Point\" \/>\n<meta property=\"og:description\" content=\"Study with the Yacht Point Nautical School the Yachtmaster Theory Course Online. We are RYA center and you will learn with the best. Visit us!\" \/>\n<meta property=\"og:url\" content=\"https:\/\/cursos.yachtpointbcn.com\/en\/curso\/yachtmaster-theory-course-online\/\" \/>\n<meta property=\"og:site_name\" content=\"Cursos Yacht Point Bcn\" \/>\n<meta property=\"article:modified_time\" content=\"2025-06-12T12:41:24+00:00\" \/>\n<meta property=\"og:image\" content=\"https:\/\/cursos.yachtpointbcn.com\/wp-content\/uploads\/2018\/01\/YACHTMASTER-ONLINE-e1616518202157.jpeg\" \/>\n\t<meta property=\"og:image:width\" content=\"1080\" \/>\n\t<meta property=\"og:image:height\" content=\"1080\" \/>\n\t<meta property=\"og:image:type\" content=\"image\/jpeg\" \/>\n<meta name=\"twitter:card\" content=\"summary_large_image\" \/>\n<meta name=\"twitter:label1\" content=\"Est. reading time\" \/>\n\t<meta name=\"twitter:data1\" content=\"1 minute\" \/>\n<script type=\"application\/ld+json\" class=\"yoast-schema-graph\">{\"@context\":\"https:\/\/schema.org\",\"@graph\":[{\"@type\":\"WebPage\",\"@id\":\"https:\/\/cursos.yachtpointbcn.com\/en\/curso\/yachtmaster-theory-course-online\/\",\"url\":\"https:\/\/cursos.yachtpointbcn.com\/en\/curso\/yachtmaster-theory-course-online\/\",\"name\":\"RYA Yachtmaster Theory Course Online - Yacht Point\",\"isPartOf\":{\"@id\":\"https:\/\/cursos.yachtpointbcn.com\/en\/#website\"},\"primaryImageOfPage\":{\"@id\":\"https:\/\/cursos.yachtpointbcn.com\/en\/curso\/yachtmaster-theory-course-online\/#primaryimage\"},\"image\":{\"@id\":\"https:\/\/cursos.yachtpointbcn.com\/en\/curso\/yachtmaster-theory-course-online\/#primaryimage\"},\"thumbnailUrl\":\"https:\/\/cursos.yachtpointbcn.com\/wp-content\/uploads\/2018\/01\/YACHTMASTER-ONLINE-e1616518202157.jpeg\",\"datePublished\":\"2018-01-03T08:18:47+00:00\",\"dateModified\":\"2025-06-12T12:41:24+00:00\",\"description\":\"Study with the Yacht Point Nautical School the Yachtmaster Theory Course Online. We are RYA center and you will learn with the best. Visit us!\",\"breadcrumb\":{\"@id\":\"https:\/\/cursos.yachtpointbcn.com\/en\/curso\/yachtmaster-theory-course-online\/#breadcrumb\"},\"inLanguage\":\"en-US\",\"potentialAction\":[{\"@type\":\"ReadAction\",\"target\":[\"https:\/\/cursos.yachtpointbcn.com\/en\/curso\/yachtmaster-theory-course-online\/\"]}]},{\"@type\":\"ImageObject\",\"inLanguage\":\"en-US\",\"@id\":\"https:\/\/cursos.yachtpointbcn.com\/en\/curso\/yachtmaster-theory-course-online\/#primaryimage\",\"url\":\"https:\/\/cursos.yachtpointbcn.com\/wp-content\/uploads\/2018\/01\/YACHTMASTER-ONLINE-e1616518202157.jpeg\",\"contentUrl\":\"https:\/\/cursos.yachtpointbcn.com\/wp-content\/uploads\/2018\/01\/YACHTMASTER-ONLINE-e1616518202157.jpeg\",\"width\":1080,\"height\":1080,\"caption\":\"yachtmaster online\"},{\"@type\":\"BreadcrumbList\",\"@id\":\"https:\/\/cursos.yachtpointbcn.com\/en\/curso\/yachtmaster-theory-course-online\/#breadcrumb\",\"itemListElement\":[{\"@type\":\"ListItem\",\"position\":1,\"name\":\"Portada\",\"item\":\"https:\/\/cursos.yachtpointbcn.com\/en\/home\/\"},{\"@type\":\"ListItem\",\"position\":2,\"name\":\"Shop\",\"item\":\"https:\/\/cursos.yachtpointbcn.com\/en\/shop\/\"},{\"@type\":\"ListItem\",\"position\":3,\"name\":\"Yachtmaster Theory Online\"}]},{\"@type\":\"WebSite\",\"@id\":\"https:\/\/cursos.yachtpointbcn.com\/en\/#website\",\"url\":\"https:\/\/cursos.yachtpointbcn.com\/en\/\",\"name\":\"Cursos Yacht Point Bcn\",\"description\":\"T\u00edtulos N\u00e1uticos y Escuela de N\u00e1utica en Barcelona\",\"publisher\":{\"@id\":\"https:\/\/cursos.yachtpointbcn.com\/en\/#organization\"},\"potentialAction\":[{\"@type\":\"SearchAction\",\"target\":{\"@type\":\"EntryPoint\",\"urlTemplate\":\"https:\/\/cursos.yachtpointbcn.com\/en\/?s={search_term_string}\"},\"query-input\":{\"@type\":\"PropertyValueSpecification\",\"valueRequired\":true,\"valueName\":\"search_term_string\"}}],\"inLanguage\":\"en-US\"},{\"@type\":\"Organization\",\"@id\":\"https:\/\/cursos.yachtpointbcn.com\/en\/#organization\",\"name\":\"Yacht Point\",\"url\":\"https:\/\/cursos.yachtpointbcn.com\/en\/\",\"logo\":{\"@type\":\"ImageObject\",\"inLanguage\":\"en-US\",\"@id\":\"https:\/\/cursos.yachtpointbcn.com\/en\/#\/schema\/logo\/image\/\",\"url\":\"https:\/\/cursos.yachtpointbcn.com\/wp-content\/uploads\/2017\/10\/logo-yachtpoint.jpg\",\"contentUrl\":\"https:\/\/cursos.yachtpointbcn.com\/wp-content\/uploads\/2017\/10\/logo-yachtpoint.jpg\",\"width\":208,\"height\":87,\"caption\":\"Yacht Point\"},\"image\":{\"@id\":\"https:\/\/cursos.yachtpointbcn.com\/en\/#\/schema\/logo\/image\/\"}}]}<\/script>\n<!-- \/ Yoast SEO plugin. -->","yoast_head_json":{"title":"RYA Yachtmaster Theory Course Online - Yacht Point","description":"Study with the Yacht Point Nautical School the Yachtmaster Theory Course Online. We are RYA center and you will learn with the best. Visit us!","robots":{"index":"index","follow":"follow","max-snippet":"max-snippet:-1","max-image-preview":"max-image-preview:large","max-video-preview":"max-video-preview:-1"},"canonical":"https:\/\/cursos.yachtpointbcn.com\/en\/curso\/yachtmaster-theory-course-online\/","og_locale":"en_US","og_type":"article","og_title":"RYA Yachtmaster Theory Course Online - Yacht Point","og_description":"Study with the Yacht Point Nautical School the Yachtmaster Theory Course Online. We are RYA center and you will learn with the best. Visit us!","og_url":"https:\/\/cursos.yachtpointbcn.com\/en\/curso\/yachtmaster-theory-course-online\/","og_site_name":"Cursos Yacht Point Bcn","article_modified_time":"2025-06-12T12:41:24+00:00","og_image":[{"width":1080,"height":1080,"url":"https:\/\/cursos.yachtpointbcn.com\/wp-content\/uploads\/2018\/01\/YACHTMASTER-ONLINE-e1616518202157.jpeg","type":"image\/jpeg"}],"twitter_card":"summary_large_image","twitter_misc":{"Est. reading time":"1 minute"},"schema":{"@context":"https:\/\/schema.org","@graph":[{"@type":"WebPage","@id":"https:\/\/cursos.yachtpointbcn.com\/en\/curso\/yachtmaster-theory-course-online\/","url":"https:\/\/cursos.yachtpointbcn.com\/en\/curso\/yachtmaster-theory-course-online\/","name":"RYA Yachtmaster Theory Course Online - Yacht Point","isPartOf":{"@id":"https:\/\/cursos.yachtpointbcn.com\/en\/#website"},"primaryImageOfPage":{"@id":"https:\/\/cursos.yachtpointbcn.com\/en\/curso\/yachtmaster-theory-course-online\/#primaryimage"},"image":{"@id":"https:\/\/cursos.yachtpointbcn.com\/en\/curso\/yachtmaster-theory-course-online\/#primaryimage"},"thumbnailUrl":"https:\/\/cursos.yachtpointbcn.com\/wp-content\/uploads\/2018\/01\/YACHTMASTER-ONLINE-e1616518202157.jpeg","datePublished":"2018-01-03T08:18:47+00:00","dateModified":"2025-06-12T12:41:24+00:00","description":"Study with the Yacht Point Nautical School the Yachtmaster Theory Course Online. We are RYA center and you will learn with the best. Visit us!","breadcrumb":{"@id":"https:\/\/cursos.yachtpointbcn.com\/en\/curso\/yachtmaster-theory-course-online\/#breadcrumb"},"inLanguage":"en-US","potentialAction":[{"@type":"ReadAction","target":["https:\/\/cursos.yachtpointbcn.com\/en\/curso\/yachtmaster-theory-course-online\/"]}]},{"@type":"ImageObject","inLanguage":"en-US","@id":"https:\/\/cursos.yachtpointbcn.com\/en\/curso\/yachtmaster-theory-course-online\/#primaryimage","url":"https:\/\/cursos.yachtpointbcn.com\/wp-content\/uploads\/2018\/01\/YACHTMASTER-ONLINE-e1616518202157.jpeg","contentUrl":"https:\/\/cursos.yachtpointbcn.com\/wp-content\/uploads\/2018\/01\/YACHTMASTER-ONLINE-e1616518202157.jpeg","width":1080,"height":1080,"caption":"yachtmaster online"},{"@type":"BreadcrumbList","@id":"https:\/\/cursos.yachtpointbcn.com\/en\/curso\/yachtmaster-theory-course-online\/#breadcrumb","itemListElement":[{"@type":"ListItem","position":1,"name":"Portada","item":"https:\/\/cursos.yachtpointbcn.com\/en\/home\/"},{"@type":"ListItem","position":2,"name":"Shop","item":"https:\/\/cursos.yachtpointbcn.com\/en\/shop\/"},{"@type":"ListItem","position":3,"name":"Yachtmaster Theory Online"}]},{"@type":"WebSite","@id":"https:\/\/cursos.yachtpointbcn.com\/en\/#website","url":"https:\/\/cursos.yachtpointbcn.com\/en\/","name":"Cursos Yacht Point Bcn","description":"T\u00edtulos N\u00e1uticos y Escuela de N\u00e1utica en Barcelona","publisher":{"@id":"https:\/\/cursos.yachtpointbcn.com\/en\/#organization"},"potentialAction":[{"@type":"SearchAction","target":{"@type":"EntryPoint","urlTemplate":"https:\/\/cursos.yachtpointbcn.com\/en\/?s={search_term_string}"},"query-input":{"@type":"PropertyValueSpecification","valueRequired":true,"valueName":"search_term_string"}}],"inLanguage":"en-US"},{"@type":"Organization","@id":"https:\/\/cursos.yachtpointbcn.com\/en\/#organization","name":"Yacht Point","url":"https:\/\/cursos.yachtpointbcn.com\/en\/","logo":{"@type":"ImageObject","inLanguage":"en-US","@id":"https:\/\/cursos.yachtpointbcn.com\/en\/#\/schema\/logo\/image\/","url":"https:\/\/cursos.yachtpointbcn.com\/wp-content\/uploads\/2017\/10\/logo-yachtpoint.jpg","contentUrl":"https:\/\/cursos.yachtpointbcn.com\/wp-content\/uploads\/2017\/10\/logo-yachtpoint.jpg","width":208,"height":87,"caption":"Yacht Point"},"image":{"@id":"https:\/\/cursos.yachtpointbcn.com\/en\/#\/schema\/logo\/image\/"}}]}},"_links":{"self":[{"href":"https:\/\/cursos.yachtpointbcn.com\/en\/wp-json\/wp\/v2\/product\/1040","targetHints":{"allow":["GET"]}}],"collection":[{"href":"https:\/\/cursos.yachtpointbcn.com\/en\/wp-json\/wp\/v2\/product"}],"about":[{"href":"https:\/\/cursos.yachtpointbcn.com\/en\/wp-json\/wp\/v2\/types\/product"}],"wp:featuredmedia":[{"embeddable":true,"href":"https:\/\/cursos.yachtpointbcn.com\/en\/wp-json\/wp\/v2\/media\/2424"}],"wp:attachment":[{"href":"https:\/\/cursos.yachtpointbcn.com\/en\/wp-json\/wp\/v2\/media?parent=1040"}],"wp:term":[{"taxonomy":"product_brand","embeddable":true,"href":"https:\/\/cursos.yachtpointbcn.com\/en\/wp-json\/wp\/v2\/product_brand?post=1040"},{"taxonomy":"product_cat","embeddable":true,"href":"https:\/\/cursos.yachtpointbcn.com\/en\/wp-json\/wp\/v2\/product_cat?post=1040"},{"taxonomy":"product_tag","embeddable":true,"href":"https:\/\/cursos.yachtpointbcn.com\/en\/wp-json\/wp\/v2\/product_tag?post=1040"}],"curies":[{"name":"wp","href":"https:\/\/api.w.org\/{rel}","templated":true}]}}