{"id":1077,"date":"2018-01-03T08:38:03","date_gmt":"2018-01-03T08:38:03","guid":{"rendered":"https:\/\/cursos.yachtpointbcn.com\/curso\/yachtmaster-ocean-course\/"},"modified":"2026-03-27T09:55:33","modified_gmt":"2026-03-27T09:55:33","slug":"ocean-yachtmaster-course","status":"publish","type":"product","link":"https:\/\/cursos.yachtpointbcn.com\/en\/curso\/ocean-yachtmaster-course\/","title":{"rendered":"Yachtmaster Ocean Course"},"content":{"rendered":"<p class=\"\" data-start=\"106\" data-end=\"248\"><strong data-start=\"106\" data-end=\"138\">The Ocean Yachtmaster course<\/strong> is ideal for holders of the Yachtmaster Offshore certificate who are preparing for their first ocean passage.<\/p>\n<p class=\"\" data-start=\"250\" data-end=\"376\">Before taking this course, you must have the <strong data-start=\"193\" data-end=\"217\">Yachtmaster Offshore<\/strong> title.<\/p>\n<p class=\"\" data-start=\"378\" data-end=\"532\">You will learn how to determine your position using the moon, stars, and planets. This course also covers weather, passage planning, watchkeeping, and much more.<\/p>\n<p class=\"\" data-start=\"534\" data-end=\"666\">If you are working towards your Certificate of Competence, completing this shore-based course will prepare you for the written exam.<\/p>\n<p class=\"\" data-start=\"121\" data-end=\"157\">The course is also available online.<\/p>\n<p data-start=\"121\" data-end=\"157\"><strong data-start=\"528\" data-end=\"541\">Duration:<\/strong> 40 hours<\/p>\n<p data-start=\"121\" data-end=\"157\">Before the course we recommend to buy this <a href=\"https:\/\/cursos.yachtpointbcn.com\/curso\/rya-astronavigation-handbook\/\">book<\/a>.<\/p>\n<p class=\"\" data-start=\"159\" data-end=\"245\">After completing this course and the written exam, you will need to pass an <strong>oral exam<\/strong>.<\/p>\n","protected":false},"excerpt":{"rendered":"<p class=\"\" data-start=\"78\" data-end=\"124\"><strong data-start=\"78\" data-end=\"124\">The in-person theoretical course includes:<\/strong><\/p>\n<ul>\n<li data-start=\"78\" data-end=\"124\">40 hours of instruction<\/li>\n<li data-start=\"78\" data-end=\"124\">Theory pack (including RYA books)<\/li>\n<li data-start=\"78\" data-end=\"124\">Written exam<\/li>\n<li data-start=\"78\" data-end=\"124\">Shorebased course certificate<\/li>\n<\/ul>\n<p class=\"\" data-start=\"245\" data-end=\"262\"><strong data-start=\"245\" data-end=\"262\">Not included:<\/strong><\/p>\n<ul>\n<li data-start=\"245\" data-end=\"262\">RYA exam fees: <a class=\"\" href=\"https:\/\/www.rya.org.uk\/training\/certificates-of-competence\/exam-fees\" target=\"_new\" rel=\"noopener\" data-start=\"281\" data-end=\"421\">https:\/\/www.rya.org.uk\/training\/certificates-of-competence\/exam-fees<\/a><\/li>\n<li>Examiner&#8217;s travel expenses<\/li>\n<\/ul>\n","protected":false},"featured_media":1114,"template":"","meta":{"_acf_changed":false,"om_disable_all_campaigns":false},"product_brand":[],"product_cat":[82],"product_tag":[],"class_list":{"0":"post-1077","1":"product","2":"type-product","3":"status-publish","4":"has-post-thumbnail","6":"product_cat-theoretical-courses","7":"entry","8":"has-media","10":"first","11":"instock","12":"shipping-taxable","13":"purchasable","14":"product-type-variable"},"acf":[],"yoast_head":"<!-- This site is optimized with the Yoast SEO plugin v26.6 - https:\/\/yoast.com\/wordpress\/plugins\/seo\/ -->\n<title>Ocean Yachtmaster Course - Yacht Point RYA TRAINING CENTRE<\/title>\n<meta name=\"description\" content=\"Ocean Yachtmaster Course lasts 40 hours. and will allow you to go one step further in your Offshore Yachtmaster Certification and step into the Ocean.\" \/>\n<meta name=\"robots\" content=\"index, follow, max-snippet:-1, max-image-preview:large, max-video-preview:-1\" \/>\n<link rel=\"canonical\" href=\"https:\/\/cursos.yachtpointbcn.com\/en\/curso\/ocean-yachtmaster-course\/\" \/>\n<meta property=\"og:locale\" content=\"en_US\" \/>\n<meta property=\"og:type\" content=\"article\" \/>\n<meta property=\"og:title\" content=\"Ocean Yachtmaster Course - Yacht Point RYA TRAINING CENTRE\" \/>\n<meta property=\"og:description\" content=\"Ocean Yachtmaster Course lasts 40 hours. and will allow you to go one step further in your Offshore Yachtmaster Certification and step into the Ocean.\" \/>\n<meta property=\"og:url\" content=\"https:\/\/cursos.yachtpointbcn.com\/en\/curso\/ocean-yachtmaster-course\/\" \/>\n<meta property=\"og:site_name\" content=\"Cursos Yacht Point Bcn\" \/>\n<meta property=\"article:modified_time\" content=\"2026-03-27T09:55:33+00:00\" \/>\n<meta property=\"og:image\" content=\"https:\/\/cursos.yachtpointbcn.com\/wp-content\/uploads\/2018\/01\/YACHT-MASTER-OCEAN--e1616521379279.jpg\" \/>\n\t<meta property=\"og:image:width\" content=\"1044\" \/>\n\t<meta property=\"og:image:height\" content=\"1044\" \/>\n\t<meta property=\"og:image:type\" content=\"image\/jpeg\" \/>\n<meta name=\"twitter:card\" content=\"summary_large_image\" \/>\n<meta name=\"twitter:label1\" content=\"Est. reading time\" \/>\n\t<meta name=\"twitter:data1\" content=\"1 minute\" \/>\n<script type=\"application\/ld+json\" class=\"yoast-schema-graph\">{\"@context\":\"https:\/\/schema.org\",\"@graph\":[{\"@type\":\"WebPage\",\"@id\":\"https:\/\/cursos.yachtpointbcn.com\/en\/curso\/ocean-yachtmaster-course\/\",\"url\":\"https:\/\/cursos.yachtpointbcn.com\/en\/curso\/ocean-yachtmaster-course\/\",\"name\":\"Ocean Yachtmaster Course - Yacht Point RYA TRAINING CENTRE\",\"isPartOf\":{\"@id\":\"https:\/\/cursos.yachtpointbcn.com\/en\/#website\"},\"primaryImageOfPage\":{\"@id\":\"https:\/\/cursos.yachtpointbcn.com\/en\/curso\/ocean-yachtmaster-course\/#primaryimage\"},\"image\":{\"@id\":\"https:\/\/cursos.yachtpointbcn.com\/en\/curso\/ocean-yachtmaster-course\/#primaryimage\"},\"thumbnailUrl\":\"https:\/\/cursos.yachtpointbcn.com\/wp-content\/uploads\/2018\/01\/YACHT-MASTER-OCEAN--e1616521379279.jpg\",\"datePublished\":\"2018-01-03T08:38:03+00:00\",\"dateModified\":\"2026-03-27T09:55:33+00:00\",\"description\":\"Ocean Yachtmaster Course lasts 40 hours. and will allow you to go one step further in your Offshore Yachtmaster Certification and step into the Ocean.\",\"breadcrumb\":{\"@id\":\"https:\/\/cursos.yachtpointbcn.com\/en\/curso\/ocean-yachtmaster-course\/#breadcrumb\"},\"inLanguage\":\"en-US\",\"potentialAction\":[{\"@type\":\"ReadAction\",\"target\":[\"https:\/\/cursos.yachtpointbcn.com\/en\/curso\/ocean-yachtmaster-course\/\"]}]},{\"@type\":\"ImageObject\",\"inLanguage\":\"en-US\",\"@id\":\"https:\/\/cursos.yachtpointbcn.com\/en\/curso\/ocean-yachtmaster-course\/#primaryimage\",\"url\":\"https:\/\/cursos.yachtpointbcn.com\/wp-content\/uploads\/2018\/01\/YACHT-MASTER-OCEAN--e1616521379279.jpg\",\"contentUrl\":\"https:\/\/cursos.yachtpointbcn.com\/wp-content\/uploads\/2018\/01\/YACHT-MASTER-OCEAN--e1616521379279.jpg\",\"width\":1044,\"height\":1044},{\"@type\":\"BreadcrumbList\",\"@id\":\"https:\/\/cursos.yachtpointbcn.com\/en\/curso\/ocean-yachtmaster-course\/#breadcrumb\",\"itemListElement\":[{\"@type\":\"ListItem\",\"position\":1,\"name\":\"Portada\",\"item\":\"https:\/\/cursos.yachtpointbcn.com\/en\/home\/\"},{\"@type\":\"ListItem\",\"position\":2,\"name\":\"Shop\",\"item\":\"https:\/\/cursos.yachtpointbcn.com\/en\/shop\/\"},{\"@type\":\"ListItem\",\"position\":3,\"name\":\"Yachtmaster Ocean Course\"}]},{\"@type\":\"WebSite\",\"@id\":\"https:\/\/cursos.yachtpointbcn.com\/en\/#website\",\"url\":\"https:\/\/cursos.yachtpointbcn.com\/en\/\",\"name\":\"Cursos Yacht Point Bcn\",\"description\":\"T\u00edtulos N\u00e1uticos y Escuela de N\u00e1utica en Barcelona\",\"publisher\":{\"@id\":\"https:\/\/cursos.yachtpointbcn.com\/en\/#organization\"},\"potentialAction\":[{\"@type\":\"SearchAction\",\"target\":{\"@type\":\"EntryPoint\",\"urlTemplate\":\"https:\/\/cursos.yachtpointbcn.com\/en\/?s={search_term_string}\"},\"query-input\":{\"@type\":\"PropertyValueSpecification\",\"valueRequired\":true,\"valueName\":\"search_term_string\"}}],\"inLanguage\":\"en-US\"},{\"@type\":\"Organization\",\"@id\":\"https:\/\/cursos.yachtpointbcn.com\/en\/#organization\",\"name\":\"Yacht Point\",\"url\":\"https:\/\/cursos.yachtpointbcn.com\/en\/\",\"logo\":{\"@type\":\"ImageObject\",\"inLanguage\":\"en-US\",\"@id\":\"https:\/\/cursos.yachtpointbcn.com\/en\/#\/schema\/logo\/image\/\",\"url\":\"https:\/\/cursos.yachtpointbcn.com\/wp-content\/uploads\/2017\/10\/logo-yachtpoint.jpg\",\"contentUrl\":\"https:\/\/cursos.yachtpointbcn.com\/wp-content\/uploads\/2017\/10\/logo-yachtpoint.jpg\",\"width\":208,\"height\":87,\"caption\":\"Yacht Point\"},\"image\":{\"@id\":\"https:\/\/cursos.yachtpointbcn.com\/en\/#\/schema\/logo\/image\/\"}}]}<\/script>\n<!-- \/ Yoast SEO plugin. -->","yoast_head_json":{"title":"Ocean Yachtmaster Course - Yacht Point RYA TRAINING CENTRE","description":"Ocean Yachtmaster Course lasts 40 hours. and will allow you to go one step further in your Offshore Yachtmaster Certification and step into the Ocean.","robots":{"index":"index","follow":"follow","max-snippet":"max-snippet:-1","max-image-preview":"max-image-preview:large","max-video-preview":"max-video-preview:-1"},"canonical":"https:\/\/cursos.yachtpointbcn.com\/en\/curso\/ocean-yachtmaster-course\/","og_locale":"en_US","og_type":"article","og_title":"Ocean Yachtmaster Course - Yacht Point RYA TRAINING CENTRE","og_description":"Ocean Yachtmaster Course lasts 40 hours. and will allow you to go one step further in your Offshore Yachtmaster Certification and step into the Ocean.","og_url":"https:\/\/cursos.yachtpointbcn.com\/en\/curso\/ocean-yachtmaster-course\/","og_site_name":"Cursos Yacht Point Bcn","article_modified_time":"2026-03-27T09:55:33+00:00","og_image":[{"width":1044,"height":1044,"url":"https:\/\/cursos.yachtpointbcn.com\/wp-content\/uploads\/2018\/01\/YACHT-MASTER-OCEAN--e1616521379279.jpg","type":"image\/jpeg"}],"twitter_card":"summary_large_image","twitter_misc":{"Est. reading time":"1 minute"},"schema":{"@context":"https:\/\/schema.org","@graph":[{"@type":"WebPage","@id":"https:\/\/cursos.yachtpointbcn.com\/en\/curso\/ocean-yachtmaster-course\/","url":"https:\/\/cursos.yachtpointbcn.com\/en\/curso\/ocean-yachtmaster-course\/","name":"Ocean Yachtmaster Course - Yacht Point RYA TRAINING CENTRE","isPartOf":{"@id":"https:\/\/cursos.yachtpointbcn.com\/en\/#website"},"primaryImageOfPage":{"@id":"https:\/\/cursos.yachtpointbcn.com\/en\/curso\/ocean-yachtmaster-course\/#primaryimage"},"image":{"@id":"https:\/\/cursos.yachtpointbcn.com\/en\/curso\/ocean-yachtmaster-course\/#primaryimage"},"thumbnailUrl":"https:\/\/cursos.yachtpointbcn.com\/wp-content\/uploads\/2018\/01\/YACHT-MASTER-OCEAN--e1616521379279.jpg","datePublished":"2018-01-03T08:38:03+00:00","dateModified":"2026-03-27T09:55:33+00:00","description":"Ocean Yachtmaster Course lasts 40 hours. and will allow you to go one step further in your Offshore Yachtmaster Certification and step into the Ocean.","breadcrumb":{"@id":"https:\/\/cursos.yachtpointbcn.com\/en\/curso\/ocean-yachtmaster-course\/#breadcrumb"},"inLanguage":"en-US","potentialAction":[{"@type":"ReadAction","target":["https:\/\/cursos.yachtpointbcn.com\/en\/curso\/ocean-yachtmaster-course\/"]}]},{"@type":"ImageObject","inLanguage":"en-US","@id":"https:\/\/cursos.yachtpointbcn.com\/en\/curso\/ocean-yachtmaster-course\/#primaryimage","url":"https:\/\/cursos.yachtpointbcn.com\/wp-content\/uploads\/2018\/01\/YACHT-MASTER-OCEAN--e1616521379279.jpg","contentUrl":"https:\/\/cursos.yachtpointbcn.com\/wp-content\/uploads\/2018\/01\/YACHT-MASTER-OCEAN--e1616521379279.jpg","width":1044,"height":1044},{"@type":"BreadcrumbList","@id":"https:\/\/cursos.yachtpointbcn.com\/en\/curso\/ocean-yachtmaster-course\/#breadcrumb","itemListElement":[{"@type":"ListItem","position":1,"name":"Portada","item":"https:\/\/cursos.yachtpointbcn.com\/en\/home\/"},{"@type":"ListItem","position":2,"name":"Shop","item":"https:\/\/cursos.yachtpointbcn.com\/en\/shop\/"},{"@type":"ListItem","position":3,"name":"Yachtmaster Ocean Course"}]},{"@type":"WebSite","@id":"https:\/\/cursos.yachtpointbcn.com\/en\/#website","url":"https:\/\/cursos.yachtpointbcn.com\/en\/","name":"Cursos Yacht Point Bcn","description":"T\u00edtulos N\u00e1uticos y Escuela de N\u00e1utica en Barcelona","publisher":{"@id":"https:\/\/cursos.yachtpointbcn.com\/en\/#organization"},"potentialAction":[{"@type":"SearchAction","target":{"@type":"EntryPoint","urlTemplate":"https:\/\/cursos.yachtpointbcn.com\/en\/?s={search_term_string}"},"query-input":{"@type":"PropertyValueSpecification","valueRequired":true,"valueName":"search_term_string"}}],"inLanguage":"en-US"},{"@type":"Organization","@id":"https:\/\/cursos.yachtpointbcn.com\/en\/#organization","name":"Yacht Point","url":"https:\/\/cursos.yachtpointbcn.com\/en\/","logo":{"@type":"ImageObject","inLanguage":"en-US","@id":"https:\/\/cursos.yachtpointbcn.com\/en\/#\/schema\/logo\/image\/","url":"https:\/\/cursos.yachtpointbcn.com\/wp-content\/uploads\/2017\/10\/logo-yachtpoint.jpg","contentUrl":"https:\/\/cursos.yachtpointbcn.com\/wp-content\/uploads\/2017\/10\/logo-yachtpoint.jpg","width":208,"height":87,"caption":"Yacht Point"},"image":{"@id":"https:\/\/cursos.yachtpointbcn.com\/en\/#\/schema\/logo\/image\/"}}]}},"_links":{"self":[{"href":"https:\/\/cursos.yachtpointbcn.com\/en\/wp-json\/wp\/v2\/product\/1077","targetHints":{"allow":["GET"]}}],"collection":[{"href":"https:\/\/cursos.yachtpointbcn.com\/en\/wp-json\/wp\/v2\/product"}],"about":[{"href":"https:\/\/cursos.yachtpointbcn.com\/en\/wp-json\/wp\/v2\/types\/product"}],"wp:featuredmedia":[{"embeddable":true,"href":"https:\/\/cursos.yachtpointbcn.com\/en\/wp-json\/wp\/v2\/media\/1114"}],"wp:attachment":[{"href":"https:\/\/cursos.yachtpointbcn.com\/en\/wp-json\/wp\/v2\/media?parent=1077"}],"wp:term":[{"taxonomy":"product_brand","embeddable":true,"href":"https:\/\/cursos.yachtpointbcn.com\/en\/wp-json\/wp\/v2\/product_brand?post=1077"},{"taxonomy":"product_cat","embeddable":true,"href":"https:\/\/cursos.yachtpointbcn.com\/en\/wp-json\/wp\/v2\/product_cat?post=1077"},{"taxonomy":"product_tag","embeddable":true,"href":"https:\/\/cursos.yachtpointbcn.com\/en\/wp-json\/wp\/v2\/product_tag?post=1077"}],"curies":[{"name":"wp","href":"https:\/\/api.w.org\/{rel}","templated":true}]}}