{"id":11060,"date":"2025-04-29T11:37:20","date_gmt":"2025-04-29T11:37:20","guid":{"rendered":"https:\/\/cursos.yachtpointbcn.com\/?post_type=product&#038;p=11060"},"modified":"2026-03-27T10:11:34","modified_gmt":"2026-03-27T10:11:34","slug":"day-skipper-motor","status":"publish","type":"product","link":"https:\/\/cursos.yachtpointbcn.com\/en\/curso\/day-skipper-motor\/","title":{"rendered":"Day Skipper Motor"},"content":{"rendered":"<p class=\"\" data-start=\"127\" data-end=\"263\">A practical course for aspiring motorboat <strong>skippers with previous boating experience<\/strong> and a good understanding of basic navigation theory.<\/p>\n<p class=\"\" data-start=\"265\" data-end=\"426\">You will learn how to plan passages, handle a motor yacht safely in a variety of situations, and manage navigation using both traditional and electronic methods.<\/p>\n<p class=\"\" data-start=\"428\" data-end=\"654\">The course is ideal if you want to gain the confidence to take charge of a motor yacht during the day in coastal waters. It is designed for anyone looking to skipper a power-driven vessel over 10 metres in familiar conditions.<\/p>\n<p class=\"\" data-start=\"656\" data-end=\"848\">This course also develops your ability to use onboard equipment like radar, chartplotters, and VHF, while giving you hands-on experience leading the crew and making real-time decisions at sea.<\/p>\n<p class=\"\" data-start=\"850\" data-end=\"929\"><strong>Pre-course experience:<\/strong>\u00a05 days at sea, 100 miles, 4 night hours on a motor yacht<\/p>\n<p class=\"\" data-start=\"931\" data-end=\"984\"><strong>Duration:<\/strong> 4 days on board<\/p>\n","protected":false},"excerpt":{"rendered":"<p><span style=\"color: #0000ff;\">Maximum 5 student with one instructor during 4 days on board.<\/span><\/p>\n<ul>\n<li>RYA book<\/li>\n<li>RYA certificate<\/li>\n<li>Light lunch<\/li>\n<li>Insurance on board<\/li>\n<\/ul>\n<p>Not included:<\/p>\n<ul>\n<li>Other meals<\/li>\n<li>Mooring in other Marinas<\/li>\n<li>Private Cabin: +200\u20ac (optional)<\/li>\n<\/ul>\n<p><i>(The price of the course from June 20 to September 20 2025 will be 990\u20ac)<\/i><\/p>\n<p>In order to take the practical course you will need to have completed the <a href=\"https:\/\/cursos.yachtpointbcn.com\/en\/curso\/rya-day-skipper-theory-course\/\">Day Skipper Theory<\/a> first, please contact us before booking the practices.<\/p>\n","protected":false},"featured_media":11070,"template":"","meta":{"_acf_changed":false,"om_disable_all_campaigns":false},"product_brand":[],"product_cat":[81],"product_tag":[],"class_list":{"0":"post-11060","1":"product","2":"type-product","3":"status-publish","4":"has-post-thumbnail","6":"product_cat-rya-school","7":"entry","8":"has-media","10":"first","11":"onbackorder","12":"shipping-taxable","13":"purchasable","14":"product-type-variable"},"acf":[],"yoast_head":"<!-- This site is optimized with the Yoast SEO plugin v26.6 - https:\/\/yoast.com\/wordpress\/plugins\/seo\/ -->\n<title>Day Skipper Motor - Cursos Yacht Point Bcn<\/title>\n<meta name=\"robots\" content=\"index, follow, max-snippet:-1, max-image-preview:large, max-video-preview:-1\" \/>\n<link rel=\"canonical\" href=\"https:\/\/cursos.yachtpointbcn.com\/en\/curso\/day-skipper-motor\/\" \/>\n<meta property=\"og:locale\" content=\"en_US\" \/>\n<meta property=\"og:type\" content=\"article\" \/>\n<meta property=\"og:title\" content=\"Day Skipper Motor - Cursos Yacht Point Bcn\" \/>\n<meta property=\"og:description\" content=\"Maximum 5 student with one instructor during 4 days on board.   RYA book  RYA certificate  Light lunch  Insurance on board  Not included:   Other meals  Mooring in other Marinas  Private Cabin: +200\u20ac (optional)  (The price of the course from June 20 to September 20 2025 will be 990\u20ac)  In order to take the practical course you will need to have completed the Day Skipper Theory first, please contact us before booking the practices.\" \/>\n<meta property=\"og:url\" content=\"https:\/\/cursos.yachtpointbcn.com\/en\/curso\/day-skipper-motor\/\" \/>\n<meta property=\"og:site_name\" content=\"Cursos Yacht Point Bcn\" \/>\n<meta property=\"article:modified_time\" content=\"2026-03-27T10:11:34+00:00\" \/>\n<meta property=\"og:image\" content=\"https:\/\/cursos.yachtpointbcn.com\/wp-content\/uploads\/2025\/04\/day-skipper-motor.jpg\" \/>\n\t<meta property=\"og:image:width\" content=\"1000\" \/>\n\t<meta property=\"og:image:height\" content=\"590\" \/>\n\t<meta property=\"og:image:type\" content=\"image\/jpeg\" \/>\n<meta name=\"twitter:card\" content=\"summary_large_image\" \/>\n<meta name=\"twitter:label1\" content=\"Est. reading time\" \/>\n\t<meta name=\"twitter:data1\" content=\"1 minute\" \/>\n<script type=\"application\/ld+json\" class=\"yoast-schema-graph\">{\"@context\":\"https:\/\/schema.org\",\"@graph\":[{\"@type\":\"WebPage\",\"@id\":\"https:\/\/cursos.yachtpointbcn.com\/en\/curso\/day-skipper-motor\/\",\"url\":\"https:\/\/cursos.yachtpointbcn.com\/en\/curso\/day-skipper-motor\/\",\"name\":\"Day Skipper Motor - Cursos Yacht Point Bcn\",\"isPartOf\":{\"@id\":\"https:\/\/cursos.yachtpointbcn.com\/en\/#website\"},\"primaryImageOfPage\":{\"@id\":\"https:\/\/cursos.yachtpointbcn.com\/en\/curso\/day-skipper-motor\/#primaryimage\"},\"image\":{\"@id\":\"https:\/\/cursos.yachtpointbcn.com\/en\/curso\/day-skipper-motor\/#primaryimage\"},\"thumbnailUrl\":\"https:\/\/cursos.yachtpointbcn.com\/wp-content\/uploads\/2025\/04\/day-skipper-motor.jpg\",\"datePublished\":\"2025-04-29T11:37:20+00:00\",\"dateModified\":\"2026-03-27T10:11:34+00:00\",\"breadcrumb\":{\"@id\":\"https:\/\/cursos.yachtpointbcn.com\/en\/curso\/day-skipper-motor\/#breadcrumb\"},\"inLanguage\":\"en-US\",\"potentialAction\":[{\"@type\":\"ReadAction\",\"target\":[\"https:\/\/cursos.yachtpointbcn.com\/en\/curso\/day-skipper-motor\/\"]}]},{\"@type\":\"ImageObject\",\"inLanguage\":\"en-US\",\"@id\":\"https:\/\/cursos.yachtpointbcn.com\/en\/curso\/day-skipper-motor\/#primaryimage\",\"url\":\"https:\/\/cursos.yachtpointbcn.com\/wp-content\/uploads\/2025\/04\/day-skipper-motor.jpg\",\"contentUrl\":\"https:\/\/cursos.yachtpointbcn.com\/wp-content\/uploads\/2025\/04\/day-skipper-motor.jpg\",\"width\":1000,\"height\":590},{\"@type\":\"BreadcrumbList\",\"@id\":\"https:\/\/cursos.yachtpointbcn.com\/en\/curso\/day-skipper-motor\/#breadcrumb\",\"itemListElement\":[{\"@type\":\"ListItem\",\"position\":1,\"name\":\"Portada\",\"item\":\"https:\/\/cursos.yachtpointbcn.com\/en\/home\/\"},{\"@type\":\"ListItem\",\"position\":2,\"name\":\"Shop\",\"item\":\"https:\/\/cursos.yachtpointbcn.com\/en\/shop\/\"},{\"@type\":\"ListItem\",\"position\":3,\"name\":\"Day Skipper Motor\"}]},{\"@type\":\"WebSite\",\"@id\":\"https:\/\/cursos.yachtpointbcn.com\/en\/#website\",\"url\":\"https:\/\/cursos.yachtpointbcn.com\/en\/\",\"name\":\"Cursos Yacht Point Bcn\",\"description\":\"T\u00edtulos N\u00e1uticos y Escuela de N\u00e1utica en Barcelona\",\"publisher\":{\"@id\":\"https:\/\/cursos.yachtpointbcn.com\/en\/#organization\"},\"potentialAction\":[{\"@type\":\"SearchAction\",\"target\":{\"@type\":\"EntryPoint\",\"urlTemplate\":\"https:\/\/cursos.yachtpointbcn.com\/en\/?s={search_term_string}\"},\"query-input\":{\"@type\":\"PropertyValueSpecification\",\"valueRequired\":true,\"valueName\":\"search_term_string\"}}],\"inLanguage\":\"en-US\"},{\"@type\":\"Organization\",\"@id\":\"https:\/\/cursos.yachtpointbcn.com\/en\/#organization\",\"name\":\"Yacht Point\",\"url\":\"https:\/\/cursos.yachtpointbcn.com\/en\/\",\"logo\":{\"@type\":\"ImageObject\",\"inLanguage\":\"en-US\",\"@id\":\"https:\/\/cursos.yachtpointbcn.com\/en\/#\/schema\/logo\/image\/\",\"url\":\"https:\/\/cursos.yachtpointbcn.com\/wp-content\/uploads\/2017\/10\/logo-yachtpoint.jpg\",\"contentUrl\":\"https:\/\/cursos.yachtpointbcn.com\/wp-content\/uploads\/2017\/10\/logo-yachtpoint.jpg\",\"width\":208,\"height\":87,\"caption\":\"Yacht Point\"},\"image\":{\"@id\":\"https:\/\/cursos.yachtpointbcn.com\/en\/#\/schema\/logo\/image\/\"}}]}<\/script>\n<!-- \/ Yoast SEO plugin. -->","yoast_head_json":{"title":"Day Skipper Motor - Cursos Yacht Point Bcn","robots":{"index":"index","follow":"follow","max-snippet":"max-snippet:-1","max-image-preview":"max-image-preview:large","max-video-preview":"max-video-preview:-1"},"canonical":"https:\/\/cursos.yachtpointbcn.com\/en\/curso\/day-skipper-motor\/","og_locale":"en_US","og_type":"article","og_title":"Day Skipper Motor - Cursos Yacht Point Bcn","og_description":"Maximum 5 student with one instructor during 4 days on board.   RYA book  RYA certificate  Light lunch  Insurance on board  Not included:   Other meals  Mooring in other Marinas  Private Cabin: +200\u20ac (optional)  (The price of the course from June 20 to September 20 2025 will be 990\u20ac)  In order to take the practical course you will need to have completed the Day Skipper Theory first, please contact us before booking the practices.","og_url":"https:\/\/cursos.yachtpointbcn.com\/en\/curso\/day-skipper-motor\/","og_site_name":"Cursos Yacht Point Bcn","article_modified_time":"2026-03-27T10:11:34+00:00","og_image":[{"width":1000,"height":590,"url":"https:\/\/cursos.yachtpointbcn.com\/wp-content\/uploads\/2025\/04\/day-skipper-motor.jpg","type":"image\/jpeg"}],"twitter_card":"summary_large_image","twitter_misc":{"Est. reading time":"1 minute"},"schema":{"@context":"https:\/\/schema.org","@graph":[{"@type":"WebPage","@id":"https:\/\/cursos.yachtpointbcn.com\/en\/curso\/day-skipper-motor\/","url":"https:\/\/cursos.yachtpointbcn.com\/en\/curso\/day-skipper-motor\/","name":"Day Skipper Motor - Cursos Yacht Point Bcn","isPartOf":{"@id":"https:\/\/cursos.yachtpointbcn.com\/en\/#website"},"primaryImageOfPage":{"@id":"https:\/\/cursos.yachtpointbcn.com\/en\/curso\/day-skipper-motor\/#primaryimage"},"image":{"@id":"https:\/\/cursos.yachtpointbcn.com\/en\/curso\/day-skipper-motor\/#primaryimage"},"thumbnailUrl":"https:\/\/cursos.yachtpointbcn.com\/wp-content\/uploads\/2025\/04\/day-skipper-motor.jpg","datePublished":"2025-04-29T11:37:20+00:00","dateModified":"2026-03-27T10:11:34+00:00","breadcrumb":{"@id":"https:\/\/cursos.yachtpointbcn.com\/en\/curso\/day-skipper-motor\/#breadcrumb"},"inLanguage":"en-US","potentialAction":[{"@type":"ReadAction","target":["https:\/\/cursos.yachtpointbcn.com\/en\/curso\/day-skipper-motor\/"]}]},{"@type":"ImageObject","inLanguage":"en-US","@id":"https:\/\/cursos.yachtpointbcn.com\/en\/curso\/day-skipper-motor\/#primaryimage","url":"https:\/\/cursos.yachtpointbcn.com\/wp-content\/uploads\/2025\/04\/day-skipper-motor.jpg","contentUrl":"https:\/\/cursos.yachtpointbcn.com\/wp-content\/uploads\/2025\/04\/day-skipper-motor.jpg","width":1000,"height":590},{"@type":"BreadcrumbList","@id":"https:\/\/cursos.yachtpointbcn.com\/en\/curso\/day-skipper-motor\/#breadcrumb","itemListElement":[{"@type":"ListItem","position":1,"name":"Portada","item":"https:\/\/cursos.yachtpointbcn.com\/en\/home\/"},{"@type":"ListItem","position":2,"name":"Shop","item":"https:\/\/cursos.yachtpointbcn.com\/en\/shop\/"},{"@type":"ListItem","position":3,"name":"Day Skipper Motor"}]},{"@type":"WebSite","@id":"https:\/\/cursos.yachtpointbcn.com\/en\/#website","url":"https:\/\/cursos.yachtpointbcn.com\/en\/","name":"Cursos Yacht Point Bcn","description":"T\u00edtulos N\u00e1uticos y Escuela de N\u00e1utica en Barcelona","publisher":{"@id":"https:\/\/cursos.yachtpointbcn.com\/en\/#organization"},"potentialAction":[{"@type":"SearchAction","target":{"@type":"EntryPoint","urlTemplate":"https:\/\/cursos.yachtpointbcn.com\/en\/?s={search_term_string}"},"query-input":{"@type":"PropertyValueSpecification","valueRequired":true,"valueName":"search_term_string"}}],"inLanguage":"en-US"},{"@type":"Organization","@id":"https:\/\/cursos.yachtpointbcn.com\/en\/#organization","name":"Yacht Point","url":"https:\/\/cursos.yachtpointbcn.com\/en\/","logo":{"@type":"ImageObject","inLanguage":"en-US","@id":"https:\/\/cursos.yachtpointbcn.com\/en\/#\/schema\/logo\/image\/","url":"https:\/\/cursos.yachtpointbcn.com\/wp-content\/uploads\/2017\/10\/logo-yachtpoint.jpg","contentUrl":"https:\/\/cursos.yachtpointbcn.com\/wp-content\/uploads\/2017\/10\/logo-yachtpoint.jpg","width":208,"height":87,"caption":"Yacht Point"},"image":{"@id":"https:\/\/cursos.yachtpointbcn.com\/en\/#\/schema\/logo\/image\/"}}]}},"_links":{"self":[{"href":"https:\/\/cursos.yachtpointbcn.com\/en\/wp-json\/wp\/v2\/product\/11060","targetHints":{"allow":["GET"]}}],"collection":[{"href":"https:\/\/cursos.yachtpointbcn.com\/en\/wp-json\/wp\/v2\/product"}],"about":[{"href":"https:\/\/cursos.yachtpointbcn.com\/en\/wp-json\/wp\/v2\/types\/product"}],"wp:featuredmedia":[{"embeddable":true,"href":"https:\/\/cursos.yachtpointbcn.com\/en\/wp-json\/wp\/v2\/media\/11070"}],"wp:attachment":[{"href":"https:\/\/cursos.yachtpointbcn.com\/en\/wp-json\/wp\/v2\/media?parent=11060"}],"wp:term":[{"taxonomy":"product_brand","embeddable":true,"href":"https:\/\/cursos.yachtpointbcn.com\/en\/wp-json\/wp\/v2\/product_brand?post=11060"},{"taxonomy":"product_cat","embeddable":true,"href":"https:\/\/cursos.yachtpointbcn.com\/en\/wp-json\/wp\/v2\/product_cat?post=11060"},{"taxonomy":"product_tag","embeddable":true,"href":"https:\/\/cursos.yachtpointbcn.com\/en\/wp-json\/wp\/v2\/product_tag?post=11060"}],"curies":[{"name":"wp","href":"https:\/\/api.w.org\/{rel}","templated":true}]}}