{"id":11305,"date":"2020-11-04T18:29:27","date_gmt":"2020-11-04T18:29:27","guid":{"rendered":"https:\/\/cursos.yachtpointbcn.com\/curso\/pack-maritimo-profesional-para-trabajar-en-el-mar\/"},"modified":"2025-06-06T10:59:16","modified_gmt":"2025-06-06T10:59:16","slug":"pack-maritimo-profesional-para-trabajar-en-el-mar","status":"publish","type":"product","link":"https:\/\/cursos.yachtpointbcn.com\/en\/curso\/pack-maritimo-profesional-para-trabajar-en-el-mar\/","title":{"rendered":"Cruise Pack"},"content":{"rendered":"<h2>Working at sea<\/h2>\n<p>When we think of working at sea on board a ship, we usually first think of captains, officers, engineers, crew, etc. However, for the complex workings of a ship to function perfectly, the vessel requires other professionals such as kitchen and catering staff, cleaning, security, maintenance and many others. If the ship is a cruise ship or a ferry, it will require even more additional personnel from different professional sectors.<\/p>\n<p>The certifications required to perform any profession on board a vessel are:<\/p>\n<ol>\n<li>Basic Maritime Safety Training (70 hours)<\/li>\n<li>Crowd and Crisis Management (35 hours)<\/li>\n<li>Proficiency in Security Awareness (8 hours)<\/li>\n<\/ol>\n","protected":false},"excerpt":{"rendered":"<p>Special pack of 3 certificates required to perform any professional dutires onboard a boat.<\/p>\n<p>For more information about dates, please email us at: <a href=\"mailto:info@yachtpointbcn.com\">info@yachtpointbcn.com\u00a0<\/a><\/p>\n","protected":false},"featured_media":6594,"template":"","meta":{"_acf_changed":false,"om_disable_all_campaigns":false},"product_brand":[],"product_cat":[87,90],"product_tag":[2202,2203,2204,2205],"class_list":{"0":"post-11305","1":"product","2":"type-product","3":"status-publish","4":"has-post-thumbnail","6":"product_cat-professional-maritime-training","7":"product_cat-specialty-certificates","8":"product_tag-formacion-basica-en-seguridad-maritima-en","9":"product_tag-trabajar-en-el-mar-en","10":"product_tag-trabajar-en-un-barco-en","11":"product_tag-trabajo-en-un-barco-en","12":"entry","13":"has-media","15":"first","16":"instock","17":"sale","18":"shipping-taxable","19":"purchasable","20":"product-type-simple"},"acf":[],"yoast_head":"<!-- This site is optimized with the Yoast SEO plugin v26.6 - https:\/\/yoast.com\/wordpress\/plugins\/seo\/ -->\n<title>Cruise Pack - Cursos Yacht Point Bcn<\/title>\n<meta name=\"description\" content=\"Trabaja en el mar, para poder trabajar en un barco necesitas al menos estos certificados que hemos concentrado en este pack especial.\" \/>\n<meta name=\"robots\" content=\"index, follow, max-snippet:-1, max-image-preview:large, max-video-preview:-1\" \/>\n<link rel=\"canonical\" href=\"https:\/\/cursos.yachtpointbcn.com\/en\/curso\/pack-maritimo-profesional-para-trabajar-en-el-mar\/\" \/>\n<meta property=\"og:locale\" content=\"en_US\" \/>\n<meta property=\"og:type\" content=\"article\" \/>\n<meta property=\"og:title\" content=\"Cruise Pack - Cursos Yacht Point Bcn\" \/>\n<meta property=\"og:description\" content=\"Trabaja en el mar, para poder trabajar en un barco necesitas al menos estos certificados que hemos concentrado en este pack especial.\" \/>\n<meta property=\"og:url\" content=\"https:\/\/cursos.yachtpointbcn.com\/en\/curso\/pack-maritimo-profesional-para-trabajar-en-el-mar\/\" \/>\n<meta property=\"og:site_name\" content=\"Cursos Yacht Point Bcn\" \/>\n<meta property=\"article:modified_time\" content=\"2025-06-06T10:59:16+00:00\" \/>\n<meta property=\"og:image\" content=\"https:\/\/cursos.yachtpointbcn.com\/wp-content\/uploads\/2020\/11\/600x400-azafatas-crucero.jpg\" \/>\n\t<meta property=\"og:image:width\" content=\"600\" \/>\n\t<meta property=\"og:image:height\" content=\"400\" \/>\n\t<meta property=\"og:image:type\" content=\"image\/jpeg\" \/>\n<meta name=\"twitter:card\" content=\"summary_large_image\" \/>\n<meta name=\"twitter:label1\" content=\"Est. reading time\" \/>\n\t<meta name=\"twitter:data1\" content=\"1 minute\" \/>\n<script type=\"application\/ld+json\" class=\"yoast-schema-graph\">{\"@context\":\"https:\/\/schema.org\",\"@graph\":[{\"@type\":\"WebPage\",\"@id\":\"https:\/\/cursos.yachtpointbcn.com\/en\/curso\/pack-maritimo-profesional-para-trabajar-en-el-mar\/\",\"url\":\"https:\/\/cursos.yachtpointbcn.com\/en\/curso\/pack-maritimo-profesional-para-trabajar-en-el-mar\/\",\"name\":\"Cruise Pack - Cursos Yacht Point Bcn\",\"isPartOf\":{\"@id\":\"https:\/\/cursos.yachtpointbcn.com\/en\/#website\"},\"primaryImageOfPage\":{\"@id\":\"https:\/\/cursos.yachtpointbcn.com\/en\/curso\/pack-maritimo-profesional-para-trabajar-en-el-mar\/#primaryimage\"},\"image\":{\"@id\":\"https:\/\/cursos.yachtpointbcn.com\/en\/curso\/pack-maritimo-profesional-para-trabajar-en-el-mar\/#primaryimage\"},\"thumbnailUrl\":\"https:\/\/cursos.yachtpointbcn.com\/wp-content\/uploads\/2020\/11\/600x400-azafatas-crucero.jpg\",\"datePublished\":\"2020-11-04T18:29:27+00:00\",\"dateModified\":\"2025-06-06T10:59:16+00:00\",\"description\":\"Trabaja en el mar, para poder trabajar en un barco necesitas al menos estos certificados que hemos concentrado en este pack especial.\",\"breadcrumb\":{\"@id\":\"https:\/\/cursos.yachtpointbcn.com\/en\/curso\/pack-maritimo-profesional-para-trabajar-en-el-mar\/#breadcrumb\"},\"inLanguage\":\"en-US\",\"potentialAction\":[{\"@type\":\"ReadAction\",\"target\":[\"https:\/\/cursos.yachtpointbcn.com\/en\/curso\/pack-maritimo-profesional-para-trabajar-en-el-mar\/\"]}]},{\"@type\":\"ImageObject\",\"inLanguage\":\"en-US\",\"@id\":\"https:\/\/cursos.yachtpointbcn.com\/en\/curso\/pack-maritimo-profesional-para-trabajar-en-el-mar\/#primaryimage\",\"url\":\"https:\/\/cursos.yachtpointbcn.com\/wp-content\/uploads\/2020\/11\/600x400-azafatas-crucero.jpg\",\"contentUrl\":\"https:\/\/cursos.yachtpointbcn.com\/wp-content\/uploads\/2020\/11\/600x400-azafatas-crucero.jpg\",\"width\":600,\"height\":400,\"caption\":\"azafatas de barco\"},{\"@type\":\"BreadcrumbList\",\"@id\":\"https:\/\/cursos.yachtpointbcn.com\/en\/curso\/pack-maritimo-profesional-para-trabajar-en-el-mar\/#breadcrumb\",\"itemListElement\":[{\"@type\":\"ListItem\",\"position\":1,\"name\":\"Portada\",\"item\":\"https:\/\/cursos.yachtpointbcn.com\/en\/home\/\"},{\"@type\":\"ListItem\",\"position\":2,\"name\":\"Shop\",\"item\":\"https:\/\/cursos.yachtpointbcn.com\/en\/shop\/\"},{\"@type\":\"ListItem\",\"position\":3,\"name\":\"Cruise Pack\"}]},{\"@type\":\"WebSite\",\"@id\":\"https:\/\/cursos.yachtpointbcn.com\/en\/#website\",\"url\":\"https:\/\/cursos.yachtpointbcn.com\/en\/\",\"name\":\"Cursos Yacht Point Bcn\",\"description\":\"T\u00edtulos N\u00e1uticos y Escuela de N\u00e1utica en Barcelona\",\"publisher\":{\"@id\":\"https:\/\/cursos.yachtpointbcn.com\/en\/#organization\"},\"potentialAction\":[{\"@type\":\"SearchAction\",\"target\":{\"@type\":\"EntryPoint\",\"urlTemplate\":\"https:\/\/cursos.yachtpointbcn.com\/en\/?s={search_term_string}\"},\"query-input\":{\"@type\":\"PropertyValueSpecification\",\"valueRequired\":true,\"valueName\":\"search_term_string\"}}],\"inLanguage\":\"en-US\"},{\"@type\":\"Organization\",\"@id\":\"https:\/\/cursos.yachtpointbcn.com\/en\/#organization\",\"name\":\"Yacht Point\",\"url\":\"https:\/\/cursos.yachtpointbcn.com\/en\/\",\"logo\":{\"@type\":\"ImageObject\",\"inLanguage\":\"en-US\",\"@id\":\"https:\/\/cursos.yachtpointbcn.com\/en\/#\/schema\/logo\/image\/\",\"url\":\"https:\/\/cursos.yachtpointbcn.com\/wp-content\/uploads\/2017\/10\/logo-yachtpoint.jpg\",\"contentUrl\":\"https:\/\/cursos.yachtpointbcn.com\/wp-content\/uploads\/2017\/10\/logo-yachtpoint.jpg\",\"width\":208,\"height\":87,\"caption\":\"Yacht Point\"},\"image\":{\"@id\":\"https:\/\/cursos.yachtpointbcn.com\/en\/#\/schema\/logo\/image\/\"}}]}<\/script>\n<!-- \/ Yoast SEO plugin. -->","yoast_head_json":{"title":"Cruise Pack - Cursos Yacht Point Bcn","description":"Trabaja en el mar, para poder trabajar en un barco necesitas al menos estos certificados que hemos concentrado en este pack especial.","robots":{"index":"index","follow":"follow","max-snippet":"max-snippet:-1","max-image-preview":"max-image-preview:large","max-video-preview":"max-video-preview:-1"},"canonical":"https:\/\/cursos.yachtpointbcn.com\/en\/curso\/pack-maritimo-profesional-para-trabajar-en-el-mar\/","og_locale":"en_US","og_type":"article","og_title":"Cruise Pack - Cursos Yacht Point Bcn","og_description":"Trabaja en el mar, para poder trabajar en un barco necesitas al menos estos certificados que hemos concentrado en este pack especial.","og_url":"https:\/\/cursos.yachtpointbcn.com\/en\/curso\/pack-maritimo-profesional-para-trabajar-en-el-mar\/","og_site_name":"Cursos Yacht Point Bcn","article_modified_time":"2025-06-06T10:59:16+00:00","og_image":[{"width":600,"height":400,"url":"https:\/\/cursos.yachtpointbcn.com\/wp-content\/uploads\/2020\/11\/600x400-azafatas-crucero.jpg","type":"image\/jpeg"}],"twitter_card":"summary_large_image","twitter_misc":{"Est. reading time":"1 minute"},"schema":{"@context":"https:\/\/schema.org","@graph":[{"@type":"WebPage","@id":"https:\/\/cursos.yachtpointbcn.com\/en\/curso\/pack-maritimo-profesional-para-trabajar-en-el-mar\/","url":"https:\/\/cursos.yachtpointbcn.com\/en\/curso\/pack-maritimo-profesional-para-trabajar-en-el-mar\/","name":"Cruise Pack - Cursos Yacht Point Bcn","isPartOf":{"@id":"https:\/\/cursos.yachtpointbcn.com\/en\/#website"},"primaryImageOfPage":{"@id":"https:\/\/cursos.yachtpointbcn.com\/en\/curso\/pack-maritimo-profesional-para-trabajar-en-el-mar\/#primaryimage"},"image":{"@id":"https:\/\/cursos.yachtpointbcn.com\/en\/curso\/pack-maritimo-profesional-para-trabajar-en-el-mar\/#primaryimage"},"thumbnailUrl":"https:\/\/cursos.yachtpointbcn.com\/wp-content\/uploads\/2020\/11\/600x400-azafatas-crucero.jpg","datePublished":"2020-11-04T18:29:27+00:00","dateModified":"2025-06-06T10:59:16+00:00","description":"Trabaja en el mar, para poder trabajar en un barco necesitas al menos estos certificados que hemos concentrado en este pack especial.","breadcrumb":{"@id":"https:\/\/cursos.yachtpointbcn.com\/en\/curso\/pack-maritimo-profesional-para-trabajar-en-el-mar\/#breadcrumb"},"inLanguage":"en-US","potentialAction":[{"@type":"ReadAction","target":["https:\/\/cursos.yachtpointbcn.com\/en\/curso\/pack-maritimo-profesional-para-trabajar-en-el-mar\/"]}]},{"@type":"ImageObject","inLanguage":"en-US","@id":"https:\/\/cursos.yachtpointbcn.com\/en\/curso\/pack-maritimo-profesional-para-trabajar-en-el-mar\/#primaryimage","url":"https:\/\/cursos.yachtpointbcn.com\/wp-content\/uploads\/2020\/11\/600x400-azafatas-crucero.jpg","contentUrl":"https:\/\/cursos.yachtpointbcn.com\/wp-content\/uploads\/2020\/11\/600x400-azafatas-crucero.jpg","width":600,"height":400,"caption":"azafatas de barco"},{"@type":"BreadcrumbList","@id":"https:\/\/cursos.yachtpointbcn.com\/en\/curso\/pack-maritimo-profesional-para-trabajar-en-el-mar\/#breadcrumb","itemListElement":[{"@type":"ListItem","position":1,"name":"Portada","item":"https:\/\/cursos.yachtpointbcn.com\/en\/home\/"},{"@type":"ListItem","position":2,"name":"Shop","item":"https:\/\/cursos.yachtpointbcn.com\/en\/shop\/"},{"@type":"ListItem","position":3,"name":"Cruise Pack"}]},{"@type":"WebSite","@id":"https:\/\/cursos.yachtpointbcn.com\/en\/#website","url":"https:\/\/cursos.yachtpointbcn.com\/en\/","name":"Cursos Yacht Point Bcn","description":"T\u00edtulos N\u00e1uticos y Escuela de N\u00e1utica en Barcelona","publisher":{"@id":"https:\/\/cursos.yachtpointbcn.com\/en\/#organization"},"potentialAction":[{"@type":"SearchAction","target":{"@type":"EntryPoint","urlTemplate":"https:\/\/cursos.yachtpointbcn.com\/en\/?s={search_term_string}"},"query-input":{"@type":"PropertyValueSpecification","valueRequired":true,"valueName":"search_term_string"}}],"inLanguage":"en-US"},{"@type":"Organization","@id":"https:\/\/cursos.yachtpointbcn.com\/en\/#organization","name":"Yacht Point","url":"https:\/\/cursos.yachtpointbcn.com\/en\/","logo":{"@type":"ImageObject","inLanguage":"en-US","@id":"https:\/\/cursos.yachtpointbcn.com\/en\/#\/schema\/logo\/image\/","url":"https:\/\/cursos.yachtpointbcn.com\/wp-content\/uploads\/2017\/10\/logo-yachtpoint.jpg","contentUrl":"https:\/\/cursos.yachtpointbcn.com\/wp-content\/uploads\/2017\/10\/logo-yachtpoint.jpg","width":208,"height":87,"caption":"Yacht Point"},"image":{"@id":"https:\/\/cursos.yachtpointbcn.com\/en\/#\/schema\/logo\/image\/"}}]}},"_links":{"self":[{"href":"https:\/\/cursos.yachtpointbcn.com\/en\/wp-json\/wp\/v2\/product\/11305","targetHints":{"allow":["GET"]}}],"collection":[{"href":"https:\/\/cursos.yachtpointbcn.com\/en\/wp-json\/wp\/v2\/product"}],"about":[{"href":"https:\/\/cursos.yachtpointbcn.com\/en\/wp-json\/wp\/v2\/types\/product"}],"wp:featuredmedia":[{"embeddable":true,"href":"https:\/\/cursos.yachtpointbcn.com\/en\/wp-json\/wp\/v2\/media\/6594"}],"wp:attachment":[{"href":"https:\/\/cursos.yachtpointbcn.com\/en\/wp-json\/wp\/v2\/media?parent=11305"}],"wp:term":[{"taxonomy":"product_brand","embeddable":true,"href":"https:\/\/cursos.yachtpointbcn.com\/en\/wp-json\/wp\/v2\/product_brand?post=11305"},{"taxonomy":"product_cat","embeddable":true,"href":"https:\/\/cursos.yachtpointbcn.com\/en\/wp-json\/wp\/v2\/product_cat?post=11305"},{"taxonomy":"product_tag","embeddable":true,"href":"https:\/\/cursos.yachtpointbcn.com\/en\/wp-json\/wp\/v2\/product_tag?post=11305"}],"curies":[{"name":"wp","href":"https:\/\/api.w.org\/{rel}","templated":true}]}}