{"id":11645,"date":"2023-09-08T10:27:36","date_gmt":"2023-09-08T10:27:36","guid":{"rendered":"https:\/\/cursos.yachtpointbcn.com\/curso\/pack-ym-theory-sail\/"},"modified":"2025-10-07T13:41:46","modified_gmt":"2025-10-07T13:41:46","slug":"pack-ym-theory-sail","status":"publish","type":"product","link":"https:\/\/cursos.yachtpointbcn.com\/en\/curso\/pack-ym-theory-sail\/","title":{"rendered":"Pack YM Theory + Sail"},"content":{"rendered":"<p data-start=\"0\" data-end=\"422\">Discover our exclusive theoretical and practical course package for experienced sailors.<br data-start=\"88\" data-end=\"91\" \/>With 40 hours of in-person theory and a week of practical training followed by a final exam, this advanced program will prepare you to obtain the <strong>RYA Yachtmaster Coastal\/Offshore (Sail) Certificate.<\/strong> We cover everything from the fundamentals to advanced navigation techniques, meeting the standards required for the practical exams.<\/p>\n<p data-start=\"424\" data-end=\"856\" data-is-last-node=\"\" data-is-only-node=\"\">Before the course, we recommend studying with<strong> &#8220;Navigation Exercises&#8221;<\/strong> and the <strong>&#8220;Navigation Handbook,&#8221;<\/strong> and bringing your own Plotter Kit. Gain the competence to undertake passages up to<strong> 150nm from port (20nm for Coastal) under sail or power<\/strong>,\u00a0with specific exams. We will support you to successfully face the exam, demonstrating your skills and safety as a skipper. We\u2019ll help you prepare, putting you in the best position for the exam.<\/p>\n","protected":false},"excerpt":{"rendered":"<p data-start=\"0\" data-end=\"24\">The PACK price includes:<\/p>\n<ul data-start=\"26\" data-end=\"105\">\n<li data-start=\"26\" data-end=\"67\">\n<p data-start=\"28\" data-end=\"67\">Yachtmaster Theory course + Materials<\/p>\n<\/li>\n<li data-start=\"68\" data-end=\"105\">\n<p data-start=\"70\" data-end=\"105\">Yachtmaster Sail Practical Training<\/p>\n<\/li>\n<\/ul>\n<p data-start=\"107\" data-end=\"120\">Not included:<\/p>\n<ul data-start=\"122\" data-end=\"203\" data-is-last-node=\"\" data-is-only-node=\"\">\n<li data-start=\"122\" data-end=\"188\">\n<p data-start=\"124\" data-end=\"188\">\u20ac200 for food and examiner expenses (flight, taxis, and meals)<\/p>\n<\/li>\n<li data-start=\"189\" data-end=\"203\" data-is-last-node=\"\">\n<p data-start=\"191\" data-end=\"203\" data-is-last-node=\"\">RYA exam fee<\/p>\n<\/li>\n<\/ul>\n","protected":false},"featured_media":8206,"template":"","meta":{"_acf_changed":false,"om_disable_all_campaigns":false},"product_brand":[],"product_cat":[83,81],"product_tag":[],"class_list":{"0":"post-11645","1":"product","2":"type-product","3":"status-publish","4":"has-post-thumbnail","6":"product_cat-practical-courses","7":"product_cat-rya-school","8":"entry","9":"has-media","11":"first","12":"instock","13":"sale","14":"virtual","15":"purchasable","16":"product-type-simple"},"acf":[],"yoast_head":"<!-- This site is optimized with the Yoast SEO plugin v26.6 - https:\/\/yoast.com\/wordpress\/plugins\/seo\/ -->\n<title>Pack YM Theory + Sail - Cursos Yacht Point Bcn<\/title>\n<meta name=\"robots\" content=\"index, follow, max-snippet:-1, max-image-preview:large, max-video-preview:-1\" \/>\n<link rel=\"canonical\" href=\"https:\/\/cursos.yachtpointbcn.com\/en\/curso\/pack-ym-theory-sail\/\" \/>\n<meta property=\"og:locale\" content=\"en_US\" \/>\n<meta property=\"og:type\" content=\"article\" \/>\n<meta property=\"og:title\" content=\"Pack YM Theory + Sail - Cursos Yacht Point Bcn\" \/>\n<meta property=\"og:description\" content=\"The PACK price includes:     Yachtmaster Theory course + Materials    Yachtmaster Sail Practical Training   Not included:     \u20ac200 for food and examiner expenses (flight, taxis, and meals)    RYA exam fee\" \/>\n<meta property=\"og:url\" content=\"https:\/\/cursos.yachtpointbcn.com\/en\/curso\/pack-ym-theory-sail\/\" \/>\n<meta property=\"og:site_name\" content=\"Cursos Yacht Point Bcn\" \/>\n<meta property=\"article:modified_time\" content=\"2025-10-07T13:41:46+00:00\" \/>\n<meta property=\"og:image\" content=\"https:\/\/cursos.yachtpointbcn.com\/wp-content\/uploads\/2023\/09\/pack.png\" \/>\n\t<meta property=\"og:image:width\" content=\"376\" \/>\n\t<meta property=\"og:image:height\" content=\"385\" \/>\n\t<meta property=\"og:image:type\" content=\"image\/png\" \/>\n<meta name=\"twitter:card\" content=\"summary_large_image\" \/>\n<meta name=\"twitter:label1\" content=\"Est. reading time\" \/>\n\t<meta name=\"twitter:data1\" content=\"1 minute\" \/>\n<script type=\"application\/ld+json\" class=\"yoast-schema-graph\">{\"@context\":\"https:\/\/schema.org\",\"@graph\":[{\"@type\":\"WebPage\",\"@id\":\"https:\/\/cursos.yachtpointbcn.com\/en\/curso\/pack-ym-theory-sail\/\",\"url\":\"https:\/\/cursos.yachtpointbcn.com\/en\/curso\/pack-ym-theory-sail\/\",\"name\":\"Pack YM Theory + Sail - Cursos Yacht Point Bcn\",\"isPartOf\":{\"@id\":\"https:\/\/cursos.yachtpointbcn.com\/en\/#website\"},\"primaryImageOfPage\":{\"@id\":\"https:\/\/cursos.yachtpointbcn.com\/en\/curso\/pack-ym-theory-sail\/#primaryimage\"},\"image\":{\"@id\":\"https:\/\/cursos.yachtpointbcn.com\/en\/curso\/pack-ym-theory-sail\/#primaryimage\"},\"thumbnailUrl\":\"https:\/\/cursos.yachtpointbcn.com\/wp-content\/uploads\/2023\/09\/pack.png\",\"datePublished\":\"2023-09-08T10:27:36+00:00\",\"dateModified\":\"2025-10-07T13:41:46+00:00\",\"breadcrumb\":{\"@id\":\"https:\/\/cursos.yachtpointbcn.com\/en\/curso\/pack-ym-theory-sail\/#breadcrumb\"},\"inLanguage\":\"en-US\",\"potentialAction\":[{\"@type\":\"ReadAction\",\"target\":[\"https:\/\/cursos.yachtpointbcn.com\/en\/curso\/pack-ym-theory-sail\/\"]}]},{\"@type\":\"ImageObject\",\"inLanguage\":\"en-US\",\"@id\":\"https:\/\/cursos.yachtpointbcn.com\/en\/curso\/pack-ym-theory-sail\/#primaryimage\",\"url\":\"https:\/\/cursos.yachtpointbcn.com\/wp-content\/uploads\/2023\/09\/pack.png\",\"contentUrl\":\"https:\/\/cursos.yachtpointbcn.com\/wp-content\/uploads\/2023\/09\/pack.png\",\"width\":376,\"height\":385},{\"@type\":\"BreadcrumbList\",\"@id\":\"https:\/\/cursos.yachtpointbcn.com\/en\/curso\/pack-ym-theory-sail\/#breadcrumb\",\"itemListElement\":[{\"@type\":\"ListItem\",\"position\":1,\"name\":\"Portada\",\"item\":\"https:\/\/cursos.yachtpointbcn.com\/en\/home\/\"},{\"@type\":\"ListItem\",\"position\":2,\"name\":\"Shop\",\"item\":\"https:\/\/cursos.yachtpointbcn.com\/en\/shop\/\"},{\"@type\":\"ListItem\",\"position\":3,\"name\":\"Pack YM Theory + Sail\"}]},{\"@type\":\"WebSite\",\"@id\":\"https:\/\/cursos.yachtpointbcn.com\/en\/#website\",\"url\":\"https:\/\/cursos.yachtpointbcn.com\/en\/\",\"name\":\"Cursos Yacht Point Bcn\",\"description\":\"T\u00edtulos N\u00e1uticos y Escuela de N\u00e1utica en Barcelona\",\"publisher\":{\"@id\":\"https:\/\/cursos.yachtpointbcn.com\/en\/#organization\"},\"potentialAction\":[{\"@type\":\"SearchAction\",\"target\":{\"@type\":\"EntryPoint\",\"urlTemplate\":\"https:\/\/cursos.yachtpointbcn.com\/en\/?s={search_term_string}\"},\"query-input\":{\"@type\":\"PropertyValueSpecification\",\"valueRequired\":true,\"valueName\":\"search_term_string\"}}],\"inLanguage\":\"en-US\"},{\"@type\":\"Organization\",\"@id\":\"https:\/\/cursos.yachtpointbcn.com\/en\/#organization\",\"name\":\"Yacht Point\",\"url\":\"https:\/\/cursos.yachtpointbcn.com\/en\/\",\"logo\":{\"@type\":\"ImageObject\",\"inLanguage\":\"en-US\",\"@id\":\"https:\/\/cursos.yachtpointbcn.com\/en\/#\/schema\/logo\/image\/\",\"url\":\"https:\/\/cursos.yachtpointbcn.com\/wp-content\/uploads\/2017\/10\/logo-yachtpoint.jpg\",\"contentUrl\":\"https:\/\/cursos.yachtpointbcn.com\/wp-content\/uploads\/2017\/10\/logo-yachtpoint.jpg\",\"width\":208,\"height\":87,\"caption\":\"Yacht Point\"},\"image\":{\"@id\":\"https:\/\/cursos.yachtpointbcn.com\/en\/#\/schema\/logo\/image\/\"}}]}<\/script>\n<!-- \/ Yoast SEO plugin. -->","yoast_head_json":{"title":"Pack YM Theory + Sail - Cursos Yacht Point Bcn","robots":{"index":"index","follow":"follow","max-snippet":"max-snippet:-1","max-image-preview":"max-image-preview:large","max-video-preview":"max-video-preview:-1"},"canonical":"https:\/\/cursos.yachtpointbcn.com\/en\/curso\/pack-ym-theory-sail\/","og_locale":"en_US","og_type":"article","og_title":"Pack YM Theory + Sail - Cursos Yacht Point Bcn","og_description":"The PACK price includes:     Yachtmaster Theory course + Materials    Yachtmaster Sail Practical Training   Not included:     \u20ac200 for food and examiner expenses (flight, taxis, and meals)    RYA exam fee","og_url":"https:\/\/cursos.yachtpointbcn.com\/en\/curso\/pack-ym-theory-sail\/","og_site_name":"Cursos Yacht Point Bcn","article_modified_time":"2025-10-07T13:41:46+00:00","og_image":[{"width":376,"height":385,"url":"https:\/\/cursos.yachtpointbcn.com\/wp-content\/uploads\/2023\/09\/pack.png","type":"image\/png"}],"twitter_card":"summary_large_image","twitter_misc":{"Est. reading time":"1 minute"},"schema":{"@context":"https:\/\/schema.org","@graph":[{"@type":"WebPage","@id":"https:\/\/cursos.yachtpointbcn.com\/en\/curso\/pack-ym-theory-sail\/","url":"https:\/\/cursos.yachtpointbcn.com\/en\/curso\/pack-ym-theory-sail\/","name":"Pack YM Theory + Sail - Cursos Yacht Point Bcn","isPartOf":{"@id":"https:\/\/cursos.yachtpointbcn.com\/en\/#website"},"primaryImageOfPage":{"@id":"https:\/\/cursos.yachtpointbcn.com\/en\/curso\/pack-ym-theory-sail\/#primaryimage"},"image":{"@id":"https:\/\/cursos.yachtpointbcn.com\/en\/curso\/pack-ym-theory-sail\/#primaryimage"},"thumbnailUrl":"https:\/\/cursos.yachtpointbcn.com\/wp-content\/uploads\/2023\/09\/pack.png","datePublished":"2023-09-08T10:27:36+00:00","dateModified":"2025-10-07T13:41:46+00:00","breadcrumb":{"@id":"https:\/\/cursos.yachtpointbcn.com\/en\/curso\/pack-ym-theory-sail\/#breadcrumb"},"inLanguage":"en-US","potentialAction":[{"@type":"ReadAction","target":["https:\/\/cursos.yachtpointbcn.com\/en\/curso\/pack-ym-theory-sail\/"]}]},{"@type":"ImageObject","inLanguage":"en-US","@id":"https:\/\/cursos.yachtpointbcn.com\/en\/curso\/pack-ym-theory-sail\/#primaryimage","url":"https:\/\/cursos.yachtpointbcn.com\/wp-content\/uploads\/2023\/09\/pack.png","contentUrl":"https:\/\/cursos.yachtpointbcn.com\/wp-content\/uploads\/2023\/09\/pack.png","width":376,"height":385},{"@type":"BreadcrumbList","@id":"https:\/\/cursos.yachtpointbcn.com\/en\/curso\/pack-ym-theory-sail\/#breadcrumb","itemListElement":[{"@type":"ListItem","position":1,"name":"Portada","item":"https:\/\/cursos.yachtpointbcn.com\/en\/home\/"},{"@type":"ListItem","position":2,"name":"Shop","item":"https:\/\/cursos.yachtpointbcn.com\/en\/shop\/"},{"@type":"ListItem","position":3,"name":"Pack YM Theory + Sail"}]},{"@type":"WebSite","@id":"https:\/\/cursos.yachtpointbcn.com\/en\/#website","url":"https:\/\/cursos.yachtpointbcn.com\/en\/","name":"Cursos Yacht Point Bcn","description":"T\u00edtulos N\u00e1uticos y Escuela de N\u00e1utica en Barcelona","publisher":{"@id":"https:\/\/cursos.yachtpointbcn.com\/en\/#organization"},"potentialAction":[{"@type":"SearchAction","target":{"@type":"EntryPoint","urlTemplate":"https:\/\/cursos.yachtpointbcn.com\/en\/?s={search_term_string}"},"query-input":{"@type":"PropertyValueSpecification","valueRequired":true,"valueName":"search_term_string"}}],"inLanguage":"en-US"},{"@type":"Organization","@id":"https:\/\/cursos.yachtpointbcn.com\/en\/#organization","name":"Yacht Point","url":"https:\/\/cursos.yachtpointbcn.com\/en\/","logo":{"@type":"ImageObject","inLanguage":"en-US","@id":"https:\/\/cursos.yachtpointbcn.com\/en\/#\/schema\/logo\/image\/","url":"https:\/\/cursos.yachtpointbcn.com\/wp-content\/uploads\/2017\/10\/logo-yachtpoint.jpg","contentUrl":"https:\/\/cursos.yachtpointbcn.com\/wp-content\/uploads\/2017\/10\/logo-yachtpoint.jpg","width":208,"height":87,"caption":"Yacht Point"},"image":{"@id":"https:\/\/cursos.yachtpointbcn.com\/en\/#\/schema\/logo\/image\/"}}]}},"_links":{"self":[{"href":"https:\/\/cursos.yachtpointbcn.com\/en\/wp-json\/wp\/v2\/product\/11645","targetHints":{"allow":["GET"]}}],"collection":[{"href":"https:\/\/cursos.yachtpointbcn.com\/en\/wp-json\/wp\/v2\/product"}],"about":[{"href":"https:\/\/cursos.yachtpointbcn.com\/en\/wp-json\/wp\/v2\/types\/product"}],"wp:featuredmedia":[{"embeddable":true,"href":"https:\/\/cursos.yachtpointbcn.com\/en\/wp-json\/wp\/v2\/media\/8206"}],"wp:attachment":[{"href":"https:\/\/cursos.yachtpointbcn.com\/en\/wp-json\/wp\/v2\/media?parent=11645"}],"wp:term":[{"taxonomy":"product_brand","embeddable":true,"href":"https:\/\/cursos.yachtpointbcn.com\/en\/wp-json\/wp\/v2\/product_brand?post=11645"},{"taxonomy":"product_cat","embeddable":true,"href":"https:\/\/cursos.yachtpointbcn.com\/en\/wp-json\/wp\/v2\/product_cat?post=11645"},{"taxonomy":"product_tag","embeddable":true,"href":"https:\/\/cursos.yachtpointbcn.com\/en\/wp-json\/wp\/v2\/product_tag?post=11645"}],"curies":[{"name":"wp","href":"https:\/\/api.w.org\/{rel}","templated":true}]}}