{"id":1358,"date":"2018-12-21T16:32:36","date_gmt":"2019-09-02T14:07:21","guid":{"rendered":"https:\/\/cursos.yachtpointbcn.com\/?post_type=product&#038;p=1358"},"modified":"2025-09-02T14:16:48","modified_gmt":"2025-09-02T14:16:48","slug":"essential-navigation-and-seamanship","status":"publish","type":"product","link":"https:\/\/cursos.yachtpointbcn.com\/en\/curso\/essential-navigation-and-seamanship\/","title":{"rendered":"Essential Navigation and Seamanship"},"content":{"rendered":"<p>This course will give you the essential knowledge needed when you\u2019re afloat: navigation, safety, seamanship and passage planning.<\/p>\n<p>Offers a great introduction to navigation and safety awareness for new or inexperienced skippers and crew, and those wanting to refresh their skills.<\/p>\n<p>This is an RYA interactive course provided by the RYA.<\/p>\n<p>It can be taken anytime, anywhere and at your speed. All you need is a computer and the internet!<\/p>\n<p><strong>Previous experience:<\/strong>\u00a0None<\/p>\n<p><strong>Duration:\u00a0<\/strong>6 hours approximately (you have 6 months to complete the course)<\/p>\n","protected":false},"excerpt":{"rendered":"<p>Includes:<\/p>\n<ul>\n<li>Exercise and Course Information Booklet<\/li>\n<li>Course Notes<\/li>\n<li>RYA Training Charts 3 and 4<\/li>\n<li>Plotter and Divider<\/li>\n<li>Certificate<\/li>\n<\/ul>\n","protected":false},"featured_media":6750,"template":"","meta":{"_acf_changed":false,"om_disable_all_campaigns":false},"product_brand":[],"product_cat":[84,81],"product_tag":[],"class_list":{"0":"post-1358","1":"product","2":"type-product","3":"status-publish","4":"has-post-thumbnail","6":"product_cat-courses-online-rya","7":"product_cat-rya-school","8":"entry","9":"has-media","11":"first","12":"instock","13":"virtual","14":"purchasable","15":"product-type-simple"},"acf":[],"yoast_head":"<!-- This site is optimized with the Yoast SEO plugin v26.6 - https:\/\/yoast.com\/wordpress\/plugins\/seo\/ -->\n<title>Essential Navigation and Seamanship - Cursos Yacht Point Bcn<\/title>\n<meta name=\"robots\" content=\"index, follow, max-snippet:-1, max-image-preview:large, max-video-preview:-1\" \/>\n<link rel=\"canonical\" href=\"https:\/\/cursos.yachtpointbcn.com\/en\/curso\/essential-navigation-and-seamanship\/\" \/>\n<meta property=\"og:locale\" content=\"en_US\" \/>\n<meta property=\"og:type\" content=\"article\" \/>\n<meta property=\"og:title\" content=\"Essential Navigation and Seamanship - Cursos Yacht Point Bcn\" \/>\n<meta property=\"og:description\" content=\"Includes:   Exercise and Course Information Booklet  Course Notes  RYA Training Charts 3 and 4  Plotter and Divider  Certificate\" \/>\n<meta property=\"og:url\" content=\"https:\/\/cursos.yachtpointbcn.com\/en\/curso\/essential-navigation-and-seamanship\/\" \/>\n<meta property=\"og:site_name\" content=\"Cursos Yacht Point Bcn\" \/>\n<meta property=\"article:modified_time\" content=\"2025-09-02T14:16:48+00:00\" \/>\n<meta property=\"og:image\" content=\"https:\/\/cursos.yachtpointbcn.com\/wp-content\/uploads\/2018\/12\/essential-navigation-1021x1024.png\" \/>\n\t<meta property=\"og:image:width\" content=\"1021\" \/>\n\t<meta property=\"og:image:height\" content=\"1024\" \/>\n\t<meta property=\"og:image:type\" content=\"image\/png\" \/>\n<meta name=\"twitter:card\" content=\"summary_large_image\" \/>\n<meta name=\"twitter:label1\" content=\"Est. reading time\" \/>\n\t<meta name=\"twitter:data1\" content=\"1 minute\" \/>\n<script type=\"application\/ld+json\" class=\"yoast-schema-graph\">{\"@context\":\"https:\/\/schema.org\",\"@graph\":[{\"@type\":\"WebPage\",\"@id\":\"https:\/\/cursos.yachtpointbcn.com\/en\/curso\/essential-navigation-and-seamanship\/\",\"url\":\"https:\/\/cursos.yachtpointbcn.com\/en\/curso\/essential-navigation-and-seamanship\/\",\"name\":\"Essential Navigation and Seamanship - Cursos Yacht Point Bcn\",\"isPartOf\":{\"@id\":\"https:\/\/cursos.yachtpointbcn.com\/en\/#website\"},\"primaryImageOfPage\":{\"@id\":\"https:\/\/cursos.yachtpointbcn.com\/en\/curso\/essential-navigation-and-seamanship\/#primaryimage\"},\"image\":{\"@id\":\"https:\/\/cursos.yachtpointbcn.com\/en\/curso\/essential-navigation-and-seamanship\/#primaryimage\"},\"thumbnailUrl\":\"https:\/\/cursos.yachtpointbcn.com\/wp-content\/uploads\/2018\/12\/essential-navigation.png\",\"datePublished\":\"2019-09-02T14:07:21+00:00\",\"dateModified\":\"2025-09-02T14:16:48+00:00\",\"breadcrumb\":{\"@id\":\"https:\/\/cursos.yachtpointbcn.com\/en\/curso\/essential-navigation-and-seamanship\/#breadcrumb\"},\"inLanguage\":\"en-US\",\"potentialAction\":[{\"@type\":\"ReadAction\",\"target\":[\"https:\/\/cursos.yachtpointbcn.com\/en\/curso\/essential-navigation-and-seamanship\/\"]}]},{\"@type\":\"ImageObject\",\"inLanguage\":\"en-US\",\"@id\":\"https:\/\/cursos.yachtpointbcn.com\/en\/curso\/essential-navigation-and-seamanship\/#primaryimage\",\"url\":\"https:\/\/cursos.yachtpointbcn.com\/wp-content\/uploads\/2018\/12\/essential-navigation.png\",\"contentUrl\":\"https:\/\/cursos.yachtpointbcn.com\/wp-content\/uploads\/2018\/12\/essential-navigation.png\",\"width\":1316,\"height\":1320,\"caption\":\"essential navigation\"},{\"@type\":\"BreadcrumbList\",\"@id\":\"https:\/\/cursos.yachtpointbcn.com\/en\/curso\/essential-navigation-and-seamanship\/#breadcrumb\",\"itemListElement\":[{\"@type\":\"ListItem\",\"position\":1,\"name\":\"Portada\",\"item\":\"https:\/\/cursos.yachtpointbcn.com\/en\/home\/\"},{\"@type\":\"ListItem\",\"position\":2,\"name\":\"Shop\",\"item\":\"https:\/\/cursos.yachtpointbcn.com\/en\/shop\/\"},{\"@type\":\"ListItem\",\"position\":3,\"name\":\"Essential Navigation and Seamanship\"}]},{\"@type\":\"WebSite\",\"@id\":\"https:\/\/cursos.yachtpointbcn.com\/en\/#website\",\"url\":\"https:\/\/cursos.yachtpointbcn.com\/en\/\",\"name\":\"Cursos Yacht Point Bcn\",\"description\":\"T\u00edtulos N\u00e1uticos y Escuela de N\u00e1utica en Barcelona\",\"publisher\":{\"@id\":\"https:\/\/cursos.yachtpointbcn.com\/en\/#organization\"},\"potentialAction\":[{\"@type\":\"SearchAction\",\"target\":{\"@type\":\"EntryPoint\",\"urlTemplate\":\"https:\/\/cursos.yachtpointbcn.com\/en\/?s={search_term_string}\"},\"query-input\":{\"@type\":\"PropertyValueSpecification\",\"valueRequired\":true,\"valueName\":\"search_term_string\"}}],\"inLanguage\":\"en-US\"},{\"@type\":\"Organization\",\"@id\":\"https:\/\/cursos.yachtpointbcn.com\/en\/#organization\",\"name\":\"Yacht Point\",\"url\":\"https:\/\/cursos.yachtpointbcn.com\/en\/\",\"logo\":{\"@type\":\"ImageObject\",\"inLanguage\":\"en-US\",\"@id\":\"https:\/\/cursos.yachtpointbcn.com\/en\/#\/schema\/logo\/image\/\",\"url\":\"https:\/\/cursos.yachtpointbcn.com\/wp-content\/uploads\/2017\/10\/logo-yachtpoint.jpg\",\"contentUrl\":\"https:\/\/cursos.yachtpointbcn.com\/wp-content\/uploads\/2017\/10\/logo-yachtpoint.jpg\",\"width\":208,\"height\":87,\"caption\":\"Yacht Point\"},\"image\":{\"@id\":\"https:\/\/cursos.yachtpointbcn.com\/en\/#\/schema\/logo\/image\/\"}}]}<\/script>\n<!-- \/ Yoast SEO plugin. -->","yoast_head_json":{"title":"Essential Navigation and Seamanship - Cursos Yacht Point Bcn","robots":{"index":"index","follow":"follow","max-snippet":"max-snippet:-1","max-image-preview":"max-image-preview:large","max-video-preview":"max-video-preview:-1"},"canonical":"https:\/\/cursos.yachtpointbcn.com\/en\/curso\/essential-navigation-and-seamanship\/","og_locale":"en_US","og_type":"article","og_title":"Essential Navigation and Seamanship - Cursos Yacht Point Bcn","og_description":"Includes:   Exercise and Course Information Booklet  Course Notes  RYA Training Charts 3 and 4  Plotter and Divider  Certificate","og_url":"https:\/\/cursos.yachtpointbcn.com\/en\/curso\/essential-navigation-and-seamanship\/","og_site_name":"Cursos Yacht Point Bcn","article_modified_time":"2025-09-02T14:16:48+00:00","og_image":[{"width":1021,"height":1024,"url":"https:\/\/cursos.yachtpointbcn.com\/wp-content\/uploads\/2018\/12\/essential-navigation-1021x1024.png","type":"image\/png"}],"twitter_card":"summary_large_image","twitter_misc":{"Est. reading time":"1 minute"},"schema":{"@context":"https:\/\/schema.org","@graph":[{"@type":"WebPage","@id":"https:\/\/cursos.yachtpointbcn.com\/en\/curso\/essential-navigation-and-seamanship\/","url":"https:\/\/cursos.yachtpointbcn.com\/en\/curso\/essential-navigation-and-seamanship\/","name":"Essential Navigation and Seamanship - Cursos Yacht Point Bcn","isPartOf":{"@id":"https:\/\/cursos.yachtpointbcn.com\/en\/#website"},"primaryImageOfPage":{"@id":"https:\/\/cursos.yachtpointbcn.com\/en\/curso\/essential-navigation-and-seamanship\/#primaryimage"},"image":{"@id":"https:\/\/cursos.yachtpointbcn.com\/en\/curso\/essential-navigation-and-seamanship\/#primaryimage"},"thumbnailUrl":"https:\/\/cursos.yachtpointbcn.com\/wp-content\/uploads\/2018\/12\/essential-navigation.png","datePublished":"2019-09-02T14:07:21+00:00","dateModified":"2025-09-02T14:16:48+00:00","breadcrumb":{"@id":"https:\/\/cursos.yachtpointbcn.com\/en\/curso\/essential-navigation-and-seamanship\/#breadcrumb"},"inLanguage":"en-US","potentialAction":[{"@type":"ReadAction","target":["https:\/\/cursos.yachtpointbcn.com\/en\/curso\/essential-navigation-and-seamanship\/"]}]},{"@type":"ImageObject","inLanguage":"en-US","@id":"https:\/\/cursos.yachtpointbcn.com\/en\/curso\/essential-navigation-and-seamanship\/#primaryimage","url":"https:\/\/cursos.yachtpointbcn.com\/wp-content\/uploads\/2018\/12\/essential-navigation.png","contentUrl":"https:\/\/cursos.yachtpointbcn.com\/wp-content\/uploads\/2018\/12\/essential-navigation.png","width":1316,"height":1320,"caption":"essential navigation"},{"@type":"BreadcrumbList","@id":"https:\/\/cursos.yachtpointbcn.com\/en\/curso\/essential-navigation-and-seamanship\/#breadcrumb","itemListElement":[{"@type":"ListItem","position":1,"name":"Portada","item":"https:\/\/cursos.yachtpointbcn.com\/en\/home\/"},{"@type":"ListItem","position":2,"name":"Shop","item":"https:\/\/cursos.yachtpointbcn.com\/en\/shop\/"},{"@type":"ListItem","position":3,"name":"Essential Navigation and Seamanship"}]},{"@type":"WebSite","@id":"https:\/\/cursos.yachtpointbcn.com\/en\/#website","url":"https:\/\/cursos.yachtpointbcn.com\/en\/","name":"Cursos Yacht Point Bcn","description":"T\u00edtulos N\u00e1uticos y Escuela de N\u00e1utica en Barcelona","publisher":{"@id":"https:\/\/cursos.yachtpointbcn.com\/en\/#organization"},"potentialAction":[{"@type":"SearchAction","target":{"@type":"EntryPoint","urlTemplate":"https:\/\/cursos.yachtpointbcn.com\/en\/?s={search_term_string}"},"query-input":{"@type":"PropertyValueSpecification","valueRequired":true,"valueName":"search_term_string"}}],"inLanguage":"en-US"},{"@type":"Organization","@id":"https:\/\/cursos.yachtpointbcn.com\/en\/#organization","name":"Yacht Point","url":"https:\/\/cursos.yachtpointbcn.com\/en\/","logo":{"@type":"ImageObject","inLanguage":"en-US","@id":"https:\/\/cursos.yachtpointbcn.com\/en\/#\/schema\/logo\/image\/","url":"https:\/\/cursos.yachtpointbcn.com\/wp-content\/uploads\/2017\/10\/logo-yachtpoint.jpg","contentUrl":"https:\/\/cursos.yachtpointbcn.com\/wp-content\/uploads\/2017\/10\/logo-yachtpoint.jpg","width":208,"height":87,"caption":"Yacht Point"},"image":{"@id":"https:\/\/cursos.yachtpointbcn.com\/en\/#\/schema\/logo\/image\/"}}]}},"_links":{"self":[{"href":"https:\/\/cursos.yachtpointbcn.com\/en\/wp-json\/wp\/v2\/product\/1358","targetHints":{"allow":["GET"]}}],"collection":[{"href":"https:\/\/cursos.yachtpointbcn.com\/en\/wp-json\/wp\/v2\/product"}],"about":[{"href":"https:\/\/cursos.yachtpointbcn.com\/en\/wp-json\/wp\/v2\/types\/product"}],"wp:featuredmedia":[{"embeddable":true,"href":"https:\/\/cursos.yachtpointbcn.com\/en\/wp-json\/wp\/v2\/media\/6750"}],"wp:attachment":[{"href":"https:\/\/cursos.yachtpointbcn.com\/en\/wp-json\/wp\/v2\/media?parent=1358"}],"wp:term":[{"taxonomy":"product_brand","embeddable":true,"href":"https:\/\/cursos.yachtpointbcn.com\/en\/wp-json\/wp\/v2\/product_brand?post=1358"},{"taxonomy":"product_cat","embeddable":true,"href":"https:\/\/cursos.yachtpointbcn.com\/en\/wp-json\/wp\/v2\/product_cat?post=1358"},{"taxonomy":"product_tag","embeddable":true,"href":"https:\/\/cursos.yachtpointbcn.com\/en\/wp-json\/wp\/v2\/product_tag?post=1358"}],"curies":[{"name":"wp","href":"https:\/\/api.w.org\/{rel}","templated":true}]}}