{"id":6795,"date":"2021-04-01T17:46:06","date_gmt":"2021-04-01T17:46:06","guid":{"rendered":"https:\/\/cursos.yachtpointbcn.com\/?post_type=product&#038;p=6795"},"modified":"2022-05-24T17:15:50","modified_gmt":"2022-05-24T17:15:50","slug":"rya-passage-planning","status":"publish","type":"product","link":"https:\/\/cursos.yachtpointbcn.com\/en\/curso\/rya-passage-planning\/","title":{"rendered":"RYA Passage Planning"},"content":{"rendered":"<p>You can buy it <a href=\"https:\/\/trade.rya.org.uk\/rya-passage-planning-g69\">here<\/a>.<\/p>\n","protected":false},"excerpt":{"rendered":"<p>You can buy it here.<\/p>\n","protected":false},"featured_media":6796,"template":"","meta":{"_acf_changed":false,"om_disable_all_campaigns":false},"product_brand":[],"product_cat":[176,81],"product_tag":[],"class_list":{"0":"post-6795","1":"product","2":"type-product","3":"status-publish","4":"has-post-thumbnail","6":"product_cat-rya-material-books","7":"product_cat-rya-school","8":"entry","9":"has-media","11":"first","12":"instock","13":"shipping-taxable","14":"product-type-simple"},"acf":[],"yoast_head":"<!-- This site is optimized with the Yoast SEO plugin v26.6 - https:\/\/yoast.com\/wordpress\/plugins\/seo\/ -->\n<title>RYA Passage Planning - Cursos Yacht Point Bcn<\/title>\n<meta name=\"robots\" content=\"index, follow, max-snippet:-1, max-image-preview:large, max-video-preview:-1\" \/>\n<link rel=\"canonical\" href=\"https:\/\/cursos.yachtpointbcn.com\/en\/curso\/rya-passage-planning\/\" \/>\n<meta property=\"og:locale\" content=\"en_US\" \/>\n<meta property=\"og:type\" content=\"article\" \/>\n<meta property=\"og:title\" content=\"RYA Passage Planning - Cursos Yacht Point Bcn\" \/>\n<meta property=\"og:description\" content=\"You can buy it here.\" \/>\n<meta property=\"og:url\" content=\"https:\/\/cursos.yachtpointbcn.com\/en\/curso\/rya-passage-planning\/\" \/>\n<meta property=\"og:site_name\" content=\"Cursos Yacht Point Bcn\" \/>\n<meta property=\"article:modified_time\" content=\"2022-05-24T17:15:50+00:00\" \/>\n<meta property=\"og:image\" content=\"https:\/\/cursos.yachtpointbcn.com\/wp-content\/uploads\/2021\/04\/Passage-planning.png\" \/>\n\t<meta property=\"og:image:width\" content=\"1080\" \/>\n\t<meta property=\"og:image:height\" content=\"1080\" \/>\n\t<meta property=\"og:image:type\" content=\"image\/png\" \/>\n<meta name=\"twitter:card\" content=\"summary_large_image\" \/>\n<meta name=\"twitter:label1\" content=\"Est. reading time\" \/>\n\t<meta name=\"twitter:data1\" content=\"1 minute\" \/>\n<script type=\"application\/ld+json\" class=\"yoast-schema-graph\">{\"@context\":\"https:\/\/schema.org\",\"@graph\":[{\"@type\":\"WebPage\",\"@id\":\"https:\/\/cursos.yachtpointbcn.com\/en\/curso\/rya-passage-planning\/\",\"url\":\"https:\/\/cursos.yachtpointbcn.com\/en\/curso\/rya-passage-planning\/\",\"name\":\"RYA Passage Planning - Cursos Yacht Point Bcn\",\"isPartOf\":{\"@id\":\"https:\/\/cursos.yachtpointbcn.com\/en\/#website\"},\"primaryImageOfPage\":{\"@id\":\"https:\/\/cursos.yachtpointbcn.com\/en\/curso\/rya-passage-planning\/#primaryimage\"},\"image\":{\"@id\":\"https:\/\/cursos.yachtpointbcn.com\/en\/curso\/rya-passage-planning\/#primaryimage\"},\"thumbnailUrl\":\"https:\/\/cursos.yachtpointbcn.com\/wp-content\/uploads\/2021\/04\/Passage-planning.png\",\"datePublished\":\"2021-04-01T17:46:06+00:00\",\"dateModified\":\"2022-05-24T17:15:50+00:00\",\"breadcrumb\":{\"@id\":\"https:\/\/cursos.yachtpointbcn.com\/en\/curso\/rya-passage-planning\/#breadcrumb\"},\"inLanguage\":\"en-US\",\"potentialAction\":[{\"@type\":\"ReadAction\",\"target\":[\"https:\/\/cursos.yachtpointbcn.com\/en\/curso\/rya-passage-planning\/\"]}]},{\"@type\":\"ImageObject\",\"inLanguage\":\"en-US\",\"@id\":\"https:\/\/cursos.yachtpointbcn.com\/en\/curso\/rya-passage-planning\/#primaryimage\",\"url\":\"https:\/\/cursos.yachtpointbcn.com\/wp-content\/uploads\/2021\/04\/Passage-planning.png\",\"contentUrl\":\"https:\/\/cursos.yachtpointbcn.com\/wp-content\/uploads\/2021\/04\/Passage-planning.png\",\"width\":1080,\"height\":1080,\"caption\":\"Passage planning\"},{\"@type\":\"BreadcrumbList\",\"@id\":\"https:\/\/cursos.yachtpointbcn.com\/en\/curso\/rya-passage-planning\/#breadcrumb\",\"itemListElement\":[{\"@type\":\"ListItem\",\"position\":1,\"name\":\"Portada\",\"item\":\"https:\/\/cursos.yachtpointbcn.com\/en\/home\/\"},{\"@type\":\"ListItem\",\"position\":2,\"name\":\"Shop\",\"item\":\"https:\/\/cursos.yachtpointbcn.com\/en\/shop\/\"},{\"@type\":\"ListItem\",\"position\":3,\"name\":\"RYA Passage Planning\"}]},{\"@type\":\"WebSite\",\"@id\":\"https:\/\/cursos.yachtpointbcn.com\/en\/#website\",\"url\":\"https:\/\/cursos.yachtpointbcn.com\/en\/\",\"name\":\"Cursos Yacht Point Bcn\",\"description\":\"T\u00edtulos N\u00e1uticos y Escuela de N\u00e1utica en Barcelona\",\"publisher\":{\"@id\":\"https:\/\/cursos.yachtpointbcn.com\/en\/#organization\"},\"potentialAction\":[{\"@type\":\"SearchAction\",\"target\":{\"@type\":\"EntryPoint\",\"urlTemplate\":\"https:\/\/cursos.yachtpointbcn.com\/en\/?s={search_term_string}\"},\"query-input\":{\"@type\":\"PropertyValueSpecification\",\"valueRequired\":true,\"valueName\":\"search_term_string\"}}],\"inLanguage\":\"en-US\"},{\"@type\":\"Organization\",\"@id\":\"https:\/\/cursos.yachtpointbcn.com\/en\/#organization\",\"name\":\"Yacht Point\",\"url\":\"https:\/\/cursos.yachtpointbcn.com\/en\/\",\"logo\":{\"@type\":\"ImageObject\",\"inLanguage\":\"en-US\",\"@id\":\"https:\/\/cursos.yachtpointbcn.com\/en\/#\/schema\/logo\/image\/\",\"url\":\"https:\/\/cursos.yachtpointbcn.com\/wp-content\/uploads\/2017\/10\/logo-yachtpoint.jpg\",\"contentUrl\":\"https:\/\/cursos.yachtpointbcn.com\/wp-content\/uploads\/2017\/10\/logo-yachtpoint.jpg\",\"width\":208,\"height\":87,\"caption\":\"Yacht Point\"},\"image\":{\"@id\":\"https:\/\/cursos.yachtpointbcn.com\/en\/#\/schema\/logo\/image\/\"}}]}<\/script>\n<!-- \/ Yoast SEO plugin. -->","yoast_head_json":{"title":"RYA Passage Planning - Cursos Yacht Point Bcn","robots":{"index":"index","follow":"follow","max-snippet":"max-snippet:-1","max-image-preview":"max-image-preview:large","max-video-preview":"max-video-preview:-1"},"canonical":"https:\/\/cursos.yachtpointbcn.com\/en\/curso\/rya-passage-planning\/","og_locale":"en_US","og_type":"article","og_title":"RYA Passage Planning - Cursos Yacht Point Bcn","og_description":"You can buy it here.","og_url":"https:\/\/cursos.yachtpointbcn.com\/en\/curso\/rya-passage-planning\/","og_site_name":"Cursos Yacht Point Bcn","article_modified_time":"2022-05-24T17:15:50+00:00","og_image":[{"width":1080,"height":1080,"url":"https:\/\/cursos.yachtpointbcn.com\/wp-content\/uploads\/2021\/04\/Passage-planning.png","type":"image\/png"}],"twitter_card":"summary_large_image","twitter_misc":{"Est. reading time":"1 minute"},"schema":{"@context":"https:\/\/schema.org","@graph":[{"@type":"WebPage","@id":"https:\/\/cursos.yachtpointbcn.com\/en\/curso\/rya-passage-planning\/","url":"https:\/\/cursos.yachtpointbcn.com\/en\/curso\/rya-passage-planning\/","name":"RYA Passage Planning - Cursos Yacht Point Bcn","isPartOf":{"@id":"https:\/\/cursos.yachtpointbcn.com\/en\/#website"},"primaryImageOfPage":{"@id":"https:\/\/cursos.yachtpointbcn.com\/en\/curso\/rya-passage-planning\/#primaryimage"},"image":{"@id":"https:\/\/cursos.yachtpointbcn.com\/en\/curso\/rya-passage-planning\/#primaryimage"},"thumbnailUrl":"https:\/\/cursos.yachtpointbcn.com\/wp-content\/uploads\/2021\/04\/Passage-planning.png","datePublished":"2021-04-01T17:46:06+00:00","dateModified":"2022-05-24T17:15:50+00:00","breadcrumb":{"@id":"https:\/\/cursos.yachtpointbcn.com\/en\/curso\/rya-passage-planning\/#breadcrumb"},"inLanguage":"en-US","potentialAction":[{"@type":"ReadAction","target":["https:\/\/cursos.yachtpointbcn.com\/en\/curso\/rya-passage-planning\/"]}]},{"@type":"ImageObject","inLanguage":"en-US","@id":"https:\/\/cursos.yachtpointbcn.com\/en\/curso\/rya-passage-planning\/#primaryimage","url":"https:\/\/cursos.yachtpointbcn.com\/wp-content\/uploads\/2021\/04\/Passage-planning.png","contentUrl":"https:\/\/cursos.yachtpointbcn.com\/wp-content\/uploads\/2021\/04\/Passage-planning.png","width":1080,"height":1080,"caption":"Passage planning"},{"@type":"BreadcrumbList","@id":"https:\/\/cursos.yachtpointbcn.com\/en\/curso\/rya-passage-planning\/#breadcrumb","itemListElement":[{"@type":"ListItem","position":1,"name":"Portada","item":"https:\/\/cursos.yachtpointbcn.com\/en\/home\/"},{"@type":"ListItem","position":2,"name":"Shop","item":"https:\/\/cursos.yachtpointbcn.com\/en\/shop\/"},{"@type":"ListItem","position":3,"name":"RYA Passage Planning"}]},{"@type":"WebSite","@id":"https:\/\/cursos.yachtpointbcn.com\/en\/#website","url":"https:\/\/cursos.yachtpointbcn.com\/en\/","name":"Cursos Yacht Point Bcn","description":"T\u00edtulos N\u00e1uticos y Escuela de N\u00e1utica en Barcelona","publisher":{"@id":"https:\/\/cursos.yachtpointbcn.com\/en\/#organization"},"potentialAction":[{"@type":"SearchAction","target":{"@type":"EntryPoint","urlTemplate":"https:\/\/cursos.yachtpointbcn.com\/en\/?s={search_term_string}"},"query-input":{"@type":"PropertyValueSpecification","valueRequired":true,"valueName":"search_term_string"}}],"inLanguage":"en-US"},{"@type":"Organization","@id":"https:\/\/cursos.yachtpointbcn.com\/en\/#organization","name":"Yacht Point","url":"https:\/\/cursos.yachtpointbcn.com\/en\/","logo":{"@type":"ImageObject","inLanguage":"en-US","@id":"https:\/\/cursos.yachtpointbcn.com\/en\/#\/schema\/logo\/image\/","url":"https:\/\/cursos.yachtpointbcn.com\/wp-content\/uploads\/2017\/10\/logo-yachtpoint.jpg","contentUrl":"https:\/\/cursos.yachtpointbcn.com\/wp-content\/uploads\/2017\/10\/logo-yachtpoint.jpg","width":208,"height":87,"caption":"Yacht Point"},"image":{"@id":"https:\/\/cursos.yachtpointbcn.com\/en\/#\/schema\/logo\/image\/"}}]}},"_links":{"self":[{"href":"https:\/\/cursos.yachtpointbcn.com\/en\/wp-json\/wp\/v2\/product\/6795","targetHints":{"allow":["GET"]}}],"collection":[{"href":"https:\/\/cursos.yachtpointbcn.com\/en\/wp-json\/wp\/v2\/product"}],"about":[{"href":"https:\/\/cursos.yachtpointbcn.com\/en\/wp-json\/wp\/v2\/types\/product"}],"wp:featuredmedia":[{"embeddable":true,"href":"https:\/\/cursos.yachtpointbcn.com\/en\/wp-json\/wp\/v2\/media\/6796"}],"wp:attachment":[{"href":"https:\/\/cursos.yachtpointbcn.com\/en\/wp-json\/wp\/v2\/media?parent=6795"}],"wp:term":[{"taxonomy":"product_brand","embeddable":true,"href":"https:\/\/cursos.yachtpointbcn.com\/en\/wp-json\/wp\/v2\/product_brand?post=6795"},{"taxonomy":"product_cat","embeddable":true,"href":"https:\/\/cursos.yachtpointbcn.com\/en\/wp-json\/wp\/v2\/product_cat?post=6795"},{"taxonomy":"product_tag","embeddable":true,"href":"https:\/\/cursos.yachtpointbcn.com\/en\/wp-json\/wp\/v2\/product_tag?post=6795"}],"curies":[{"name":"wp","href":"https:\/\/api.w.org\/{rel}","templated":true}]}}