{"id":8297,"date":"2023-09-15T09:18:36","date_gmt":"2023-09-15T09:18:36","guid":{"rendered":"https:\/\/cursos.yachtpointbcn.com\/?post_type=product&#038;p=8297"},"modified":"2023-09-15T09:18:38","modified_gmt":"2023-09-15T09:18:38","slug":"manueal-de-licencia-de-navegacion-y-motos-nauticas-ln","status":"publish","type":"product","link":"https:\/\/cursos.yachtpointbcn.com\/en\/curso\/manueal-de-licencia-de-navegacion-y-motos-nauticas-ln\/","title":{"rendered":"Manueal de licencia de navegaci\u00f3n y motos n\u00e1uticas (LN)"},"content":{"rendered":"","protected":false},"excerpt":{"rendered":"<p>El libro id\u00f3neo para cualquiera que desee iniciarse en el conocimiento de la astronom\u00eda o en la utilizaci\u00f3n de un sextante, o bien para refrescar sus conocimientos y mantenerse al d\u00eda.<\/p>\n","protected":false},"featured_media":8298,"template":"","meta":{"_acf_changed":false,"om_disable_all_campaigns":false},"product_brand":[],"product_cat":[73],"product_tag":[],"class_list":{"0":"post-8297","1":"product","2":"type-product","3":"status-publish","4":"has-post-thumbnail","6":"product_cat-uncategorized","7":"entry","8":"has-media","10":"first","11":"instock","12":"shipping-taxable","13":"product-type-simple"},"acf":[],"yoast_head":"<!-- This site is optimized with the Yoast SEO plugin v26.6 - https:\/\/yoast.com\/wordpress\/plugins\/seo\/ -->\n<title>Manueal de licencia de navegaci\u00f3n y motos n\u00e1uticas (LN) - Cursos Yacht Point Bcn<\/title>\n<meta name=\"robots\" content=\"index, follow, max-snippet:-1, max-image-preview:large, max-video-preview:-1\" \/>\n<link rel=\"canonical\" href=\"https:\/\/cursos.yachtpointbcn.com\/en\/curso\/manueal-de-licencia-de-navegacion-y-motos-nauticas-ln\/\" \/>\n<meta property=\"og:locale\" content=\"en_US\" \/>\n<meta property=\"og:type\" content=\"article\" \/>\n<meta property=\"og:title\" content=\"Manueal de licencia de navegaci\u00f3n y motos n\u00e1uticas (LN) - Cursos Yacht Point Bcn\" \/>\n<meta property=\"og:description\" content=\"El libro id\u00f3neo para cualquiera que desee iniciarse en el conocimiento de la astronom\u00eda o en la utilizaci\u00f3n de un sextante, o bien para refrescar sus conocimientos y mantenerse al d\u00eda.\" \/>\n<meta property=\"og:url\" content=\"https:\/\/cursos.yachtpointbcn.com\/en\/curso\/manueal-de-licencia-de-navegacion-y-motos-nauticas-ln\/\" \/>\n<meta property=\"og:site_name\" content=\"Cursos Yacht Point Bcn\" \/>\n<meta property=\"article:modified_time\" content=\"2023-09-15T09:18:38+00:00\" \/>\n<meta property=\"og:image\" content=\"https:\/\/cursos.yachtpointbcn.com\/wp-content\/uploads\/2023\/09\/MANUAL-DE-LICENCIA-DE-NAVEGACION-Y-MOTOS-NAUTICAS-LN.jpg\" \/>\n\t<meta property=\"og:image:width\" content=\"2021\" \/>\n\t<meta property=\"og:image:height\" content=\"2560\" \/>\n\t<meta property=\"og:image:type\" content=\"image\/jpeg\" \/>\n<meta name=\"twitter:card\" content=\"summary_large_image\" \/>\n<script type=\"application\/ld+json\" class=\"yoast-schema-graph\">{\"@context\":\"https:\/\/schema.org\",\"@graph\":[{\"@type\":\"WebPage\",\"@id\":\"https:\/\/cursos.yachtpointbcn.com\/en\/curso\/manueal-de-licencia-de-navegacion-y-motos-nauticas-ln\/\",\"url\":\"https:\/\/cursos.yachtpointbcn.com\/en\/curso\/manueal-de-licencia-de-navegacion-y-motos-nauticas-ln\/\",\"name\":\"Manueal de licencia de navegaci\u00f3n y motos n\u00e1uticas (LN) - Cursos Yacht Point Bcn\",\"isPartOf\":{\"@id\":\"https:\/\/cursos.yachtpointbcn.com\/en\/#website\"},\"primaryImageOfPage\":{\"@id\":\"https:\/\/cursos.yachtpointbcn.com\/en\/curso\/manueal-de-licencia-de-navegacion-y-motos-nauticas-ln\/#primaryimage\"},\"image\":{\"@id\":\"https:\/\/cursos.yachtpointbcn.com\/en\/curso\/manueal-de-licencia-de-navegacion-y-motos-nauticas-ln\/#primaryimage\"},\"thumbnailUrl\":\"https:\/\/cursos.yachtpointbcn.com\/wp-content\/uploads\/2023\/09\/MANUAL-DE-LICENCIA-DE-NAVEGACION-Y-MOTOS-NAUTICAS-LN.jpg\",\"datePublished\":\"2023-09-15T09:18:36+00:00\",\"dateModified\":\"2023-09-15T09:18:38+00:00\",\"breadcrumb\":{\"@id\":\"https:\/\/cursos.yachtpointbcn.com\/en\/curso\/manueal-de-licencia-de-navegacion-y-motos-nauticas-ln\/#breadcrumb\"},\"inLanguage\":\"en-US\",\"potentialAction\":[{\"@type\":\"ReadAction\",\"target\":[\"https:\/\/cursos.yachtpointbcn.com\/en\/curso\/manueal-de-licencia-de-navegacion-y-motos-nauticas-ln\/\"]}]},{\"@type\":\"ImageObject\",\"inLanguage\":\"en-US\",\"@id\":\"https:\/\/cursos.yachtpointbcn.com\/en\/curso\/manueal-de-licencia-de-navegacion-y-motos-nauticas-ln\/#primaryimage\",\"url\":\"https:\/\/cursos.yachtpointbcn.com\/wp-content\/uploads\/2023\/09\/MANUAL-DE-LICENCIA-DE-NAVEGACION-Y-MOTOS-NAUTICAS-LN.jpg\",\"contentUrl\":\"https:\/\/cursos.yachtpointbcn.com\/wp-content\/uploads\/2023\/09\/MANUAL-DE-LICENCIA-DE-NAVEGACION-Y-MOTOS-NAUTICAS-LN.jpg\",\"width\":2021,\"height\":2560},{\"@type\":\"BreadcrumbList\",\"@id\":\"https:\/\/cursos.yachtpointbcn.com\/en\/curso\/manueal-de-licencia-de-navegacion-y-motos-nauticas-ln\/#breadcrumb\",\"itemListElement\":[{\"@type\":\"ListItem\",\"position\":1,\"name\":\"Portada\",\"item\":\"https:\/\/cursos.yachtpointbcn.com\/en\/home\/\"},{\"@type\":\"ListItem\",\"position\":2,\"name\":\"Shop\",\"item\":\"https:\/\/cursos.yachtpointbcn.com\/en\/shop\/\"},{\"@type\":\"ListItem\",\"position\":3,\"name\":\"Manueal de licencia de navegaci\u00f3n y motos n\u00e1uticas (LN)\"}]},{\"@type\":\"WebSite\",\"@id\":\"https:\/\/cursos.yachtpointbcn.com\/en\/#website\",\"url\":\"https:\/\/cursos.yachtpointbcn.com\/en\/\",\"name\":\"Cursos Yacht Point Bcn\",\"description\":\"T\u00edtulos N\u00e1uticos y Escuela de N\u00e1utica en Barcelona\",\"publisher\":{\"@id\":\"https:\/\/cursos.yachtpointbcn.com\/en\/#organization\"},\"potentialAction\":[{\"@type\":\"SearchAction\",\"target\":{\"@type\":\"EntryPoint\",\"urlTemplate\":\"https:\/\/cursos.yachtpointbcn.com\/en\/?s={search_term_string}\"},\"query-input\":{\"@type\":\"PropertyValueSpecification\",\"valueRequired\":true,\"valueName\":\"search_term_string\"}}],\"inLanguage\":\"en-US\"},{\"@type\":\"Organization\",\"@id\":\"https:\/\/cursos.yachtpointbcn.com\/en\/#organization\",\"name\":\"Yacht Point\",\"url\":\"https:\/\/cursos.yachtpointbcn.com\/en\/\",\"logo\":{\"@type\":\"ImageObject\",\"inLanguage\":\"en-US\",\"@id\":\"https:\/\/cursos.yachtpointbcn.com\/en\/#\/schema\/logo\/image\/\",\"url\":\"https:\/\/cursos.yachtpointbcn.com\/wp-content\/uploads\/2017\/10\/logo-yachtpoint.jpg\",\"contentUrl\":\"https:\/\/cursos.yachtpointbcn.com\/wp-content\/uploads\/2017\/10\/logo-yachtpoint.jpg\",\"width\":208,\"height\":87,\"caption\":\"Yacht Point\"},\"image\":{\"@id\":\"https:\/\/cursos.yachtpointbcn.com\/en\/#\/schema\/logo\/image\/\"}}]}<\/script>\n<!-- \/ Yoast SEO plugin. -->","yoast_head_json":{"title":"Manueal de licencia de navegaci\u00f3n y motos n\u00e1uticas (LN) - Cursos Yacht Point Bcn","robots":{"index":"index","follow":"follow","max-snippet":"max-snippet:-1","max-image-preview":"max-image-preview:large","max-video-preview":"max-video-preview:-1"},"canonical":"https:\/\/cursos.yachtpointbcn.com\/en\/curso\/manueal-de-licencia-de-navegacion-y-motos-nauticas-ln\/","og_locale":"en_US","og_type":"article","og_title":"Manueal de licencia de navegaci\u00f3n y motos n\u00e1uticas (LN) - Cursos Yacht Point Bcn","og_description":"El libro id\u00f3neo para cualquiera que desee iniciarse en el conocimiento de la astronom\u00eda o en la utilizaci\u00f3n de un sextante, o bien para refrescar sus conocimientos y mantenerse al d\u00eda.","og_url":"https:\/\/cursos.yachtpointbcn.com\/en\/curso\/manueal-de-licencia-de-navegacion-y-motos-nauticas-ln\/","og_site_name":"Cursos Yacht Point Bcn","article_modified_time":"2023-09-15T09:18:38+00:00","og_image":[{"width":2021,"height":2560,"url":"https:\/\/cursos.yachtpointbcn.com\/wp-content\/uploads\/2023\/09\/MANUAL-DE-LICENCIA-DE-NAVEGACION-Y-MOTOS-NAUTICAS-LN.jpg","type":"image\/jpeg"}],"twitter_card":"summary_large_image","schema":{"@context":"https:\/\/schema.org","@graph":[{"@type":"WebPage","@id":"https:\/\/cursos.yachtpointbcn.com\/en\/curso\/manueal-de-licencia-de-navegacion-y-motos-nauticas-ln\/","url":"https:\/\/cursos.yachtpointbcn.com\/en\/curso\/manueal-de-licencia-de-navegacion-y-motos-nauticas-ln\/","name":"Manueal de licencia de navegaci\u00f3n y motos n\u00e1uticas (LN) - Cursos Yacht Point Bcn","isPartOf":{"@id":"https:\/\/cursos.yachtpointbcn.com\/en\/#website"},"primaryImageOfPage":{"@id":"https:\/\/cursos.yachtpointbcn.com\/en\/curso\/manueal-de-licencia-de-navegacion-y-motos-nauticas-ln\/#primaryimage"},"image":{"@id":"https:\/\/cursos.yachtpointbcn.com\/en\/curso\/manueal-de-licencia-de-navegacion-y-motos-nauticas-ln\/#primaryimage"},"thumbnailUrl":"https:\/\/cursos.yachtpointbcn.com\/wp-content\/uploads\/2023\/09\/MANUAL-DE-LICENCIA-DE-NAVEGACION-Y-MOTOS-NAUTICAS-LN.jpg","datePublished":"2023-09-15T09:18:36+00:00","dateModified":"2023-09-15T09:18:38+00:00","breadcrumb":{"@id":"https:\/\/cursos.yachtpointbcn.com\/en\/curso\/manueal-de-licencia-de-navegacion-y-motos-nauticas-ln\/#breadcrumb"},"inLanguage":"en-US","potentialAction":[{"@type":"ReadAction","target":["https:\/\/cursos.yachtpointbcn.com\/en\/curso\/manueal-de-licencia-de-navegacion-y-motos-nauticas-ln\/"]}]},{"@type":"ImageObject","inLanguage":"en-US","@id":"https:\/\/cursos.yachtpointbcn.com\/en\/curso\/manueal-de-licencia-de-navegacion-y-motos-nauticas-ln\/#primaryimage","url":"https:\/\/cursos.yachtpointbcn.com\/wp-content\/uploads\/2023\/09\/MANUAL-DE-LICENCIA-DE-NAVEGACION-Y-MOTOS-NAUTICAS-LN.jpg","contentUrl":"https:\/\/cursos.yachtpointbcn.com\/wp-content\/uploads\/2023\/09\/MANUAL-DE-LICENCIA-DE-NAVEGACION-Y-MOTOS-NAUTICAS-LN.jpg","width":2021,"height":2560},{"@type":"BreadcrumbList","@id":"https:\/\/cursos.yachtpointbcn.com\/en\/curso\/manueal-de-licencia-de-navegacion-y-motos-nauticas-ln\/#breadcrumb","itemListElement":[{"@type":"ListItem","position":1,"name":"Portada","item":"https:\/\/cursos.yachtpointbcn.com\/en\/home\/"},{"@type":"ListItem","position":2,"name":"Shop","item":"https:\/\/cursos.yachtpointbcn.com\/en\/shop\/"},{"@type":"ListItem","position":3,"name":"Manueal de licencia de navegaci\u00f3n y motos n\u00e1uticas (LN)"}]},{"@type":"WebSite","@id":"https:\/\/cursos.yachtpointbcn.com\/en\/#website","url":"https:\/\/cursos.yachtpointbcn.com\/en\/","name":"Cursos Yacht Point Bcn","description":"T\u00edtulos N\u00e1uticos y Escuela de N\u00e1utica en Barcelona","publisher":{"@id":"https:\/\/cursos.yachtpointbcn.com\/en\/#organization"},"potentialAction":[{"@type":"SearchAction","target":{"@type":"EntryPoint","urlTemplate":"https:\/\/cursos.yachtpointbcn.com\/en\/?s={search_term_string}"},"query-input":{"@type":"PropertyValueSpecification","valueRequired":true,"valueName":"search_term_string"}}],"inLanguage":"en-US"},{"@type":"Organization","@id":"https:\/\/cursos.yachtpointbcn.com\/en\/#organization","name":"Yacht Point","url":"https:\/\/cursos.yachtpointbcn.com\/en\/","logo":{"@type":"ImageObject","inLanguage":"en-US","@id":"https:\/\/cursos.yachtpointbcn.com\/en\/#\/schema\/logo\/image\/","url":"https:\/\/cursos.yachtpointbcn.com\/wp-content\/uploads\/2017\/10\/logo-yachtpoint.jpg","contentUrl":"https:\/\/cursos.yachtpointbcn.com\/wp-content\/uploads\/2017\/10\/logo-yachtpoint.jpg","width":208,"height":87,"caption":"Yacht Point"},"image":{"@id":"https:\/\/cursos.yachtpointbcn.com\/en\/#\/schema\/logo\/image\/"}}]}},"_links":{"self":[{"href":"https:\/\/cursos.yachtpointbcn.com\/en\/wp-json\/wp\/v2\/product\/8297","targetHints":{"allow":["GET"]}}],"collection":[{"href":"https:\/\/cursos.yachtpointbcn.com\/en\/wp-json\/wp\/v2\/product"}],"about":[{"href":"https:\/\/cursos.yachtpointbcn.com\/en\/wp-json\/wp\/v2\/types\/product"}],"wp:featuredmedia":[{"embeddable":true,"href":"https:\/\/cursos.yachtpointbcn.com\/en\/wp-json\/wp\/v2\/media\/8298"}],"wp:attachment":[{"href":"https:\/\/cursos.yachtpointbcn.com\/en\/wp-json\/wp\/v2\/media?parent=8297"}],"wp:term":[{"taxonomy":"product_brand","embeddable":true,"href":"https:\/\/cursos.yachtpointbcn.com\/en\/wp-json\/wp\/v2\/product_brand?post=8297"},{"taxonomy":"product_cat","embeddable":true,"href":"https:\/\/cursos.yachtpointbcn.com\/en\/wp-json\/wp\/v2\/product_cat?post=8297"},{"taxonomy":"product_tag","embeddable":true,"href":"https:\/\/cursos.yachtpointbcn.com\/en\/wp-json\/wp\/v2\/product_tag?post=8297"}],"curies":[{"name":"wp","href":"https:\/\/api.w.org\/{rel}","templated":true}]}}